{"id":106,"date":"2015-08-30T18:50:49","date_gmt":"2015-08-30T17:50:49","guid":{"rendered":"http:\/\/www.stjustdavray.fr\/V2\/?page_id=106"},"modified":"2021-08-06T11:04:40","modified_gmt":"2021-08-06T09:04:40","slug":"vie-communale","status":"publish","type":"page","link":"http:\/\/www.stjustdavray.fr\/V2\/vie-communale\/","title":{"rendered":"Vie du village"},"content":{"rendered":"<h2 style=\"text-align: center;\"><span style=\"color: #ff9900;\"><strong>QUELQUES R\u00c8GLES POUR BIEN VIVRE ENSEMBLE&#8230;<\/strong><\/span><\/h2>\n<h2><strong>*S<\/strong>uite \u00e0 plusieurs signalements en mairie, les propri\u00e9taires de chiens\u00a0doivent veiller \u00e0 leur animal.<\/h2>\n<h2>*Pour la s\u00e9curit\u00e9 de tous, les chiens doivent \u00eatre <strong>tenus en laisse<\/strong> sur les voies publiques, ils peuvent rester en libert\u00e9\u00a0 dans une propri\u00e9t\u00e9 priv\u00e9e \u00e0 condition qu\u2019elle\u00a0 soit enti\u00e8rement cl\u00f4tur\u00e9e sinon ils doivent \u00eatre attach\u00e9s.<\/h2>\n<h2>*Nous vous demandons de <strong>respecter les lieux publics<\/strong> (jardin d\u2019enfants ou city stade), ces lieux n\u2019\u00e9tant pas faits pour les d\u00e9jections canines.<\/h2>\n<h2>*Il a \u00e9galement \u00e9t\u00e9 constat\u00e9 des d\u00e9g\u00e2ts dans les toilettes publiques, des pi\u00e9tinements dans les jardini\u00e8res de fleurs, des d\u00e9t\u00e9riorations de cl\u00f4ture, il est donc du ressort des parents de <strong>sensibiliser leurs enfants<\/strong> au respect des <strong>biens de\u00a0 la collectivit\u00e9.<\/strong><\/h2>\n<h2>*Nous vous rappelons que les d\u00e9chets verts doivent \u00eatre <strong>amen\u00e9s \u00e0 la d\u00e9chetterie.<\/strong><\/h2>\n<p>\u00a0<\/p>\n\n\n<div class=\"wp-block-image\"><figure class=\"aligncenter\"><img decoding=\"async\" loading=\"lazy\" width=\"719\" height=\"1024\" src=\"http:\/\/www.stjustdavray.fr\/V2\/wp-content\/uploads\/2019\/03\/A4-panneau-pocket-719x1024.jpg\" alt=\"\" class=\"wp-image-3865\" srcset=\"http:\/\/www.stjustdavray.fr\/V2\/wp-content\/uploads\/2019\/03\/A4-panneau-pocket-719x1024.jpg 719w, http:\/\/www.stjustdavray.fr\/V2\/wp-content\/uploads\/2019\/03\/A4-panneau-pocket-211x300.jpg 211w, http:\/\/www.stjustdavray.fr\/V2\/wp-content\/uploads\/2019\/03\/A4-panneau-pocket-768x1093.jpg 768w, http:\/\/www.stjustdavray.fr\/V2\/wp-content\/uploads\/2019\/03\/A4-panneau-pocket-300x427.jpg 300w, http:\/\/www.stjustdavray.fr\/V2\/wp-content\/uploads\/2019\/03\/A4-panneau-pocket-938x1335.jpg 938w, http:\/\/www.stjustdavray.fr\/V2\/wp-content\/uploads\/2019\/03\/A4-panneau-pocket-1309x1864.jpg 1309w\" sizes=\"(max-width: 719px) 100vw, 719px\" \/><\/figure><\/div>\n\n\n\n<figure class=\"wp-block-image\"><img decoding=\"async\" loading=\"lazy\" width=\"727\" height=\"1024\" src=\"http:\/\/www.stjustdavray.fr\/V2\/wp-content\/uploads\/2019\/03\/Saint-Just_Page_1-727x1024.jpg\" alt=\"\" class=\"wp-image-3866\" srcset=\"http:\/\/www.stjustdavray.fr\/V2\/wp-content\/uploads\/2019\/03\/Saint-Just_Page_1-727x1024.jpg 727w, http:\/\/www.stjustdavray.fr\/V2\/wp-content\/uploads\/2019\/03\/Saint-Just_Page_1-213x300.jpg 213w, http:\/\/www.stjustdavray.fr\/V2\/wp-content\/uploads\/2019\/03\/Saint-Just_Page_1-768x1082.jpg 768w, http:\/\/www.stjustdavray.fr\/V2\/wp-content\/uploads\/2019\/03\/Saint-Just_Page_1-300x423.jpg 300w, http:\/\/www.stjustdavray.fr\/V2\/wp-content\/uploads\/2019\/03\/Saint-Just_Page_1-938x1322.jpg 938w, http:\/\/www.stjustdavray.fr\/V2\/wp-content\/uploads\/2019\/03\/Saint-Just_Page_1.jpg 1241w\" sizes=\"(max-width: 727px) 100vw, 727px\" \/><\/figure>\n\n\n\n<figure class=\"wp-block-image\"><img decoding=\"async\" loading=\"lazy\" width=\"725\" height=\"1024\" src=\"http:\/\/www.stjustdavray.fr\/V2\/wp-content\/uploads\/2019\/03\/Saint-Just_Page_2-725x1024.jpg\" alt=\"\" class=\"wp-image-3867\" srcset=\"http:\/\/www.stjustdavray.fr\/V2\/wp-content\/uploads\/2019\/03\/Saint-Just_Page_2-725x1024.jpg 725w, http:\/\/www.stjustdavray.fr\/V2\/wp-content\/uploads\/2019\/03\/Saint-Just_Page_2-212x300.jpg 212w, http:\/\/www.stjustdavray.fr\/V2\/wp-content\/uploads\/2019\/03\/Saint-Just_Page_2-768x1085.jpg 768w, http:\/\/www.stjustdavray.fr\/V2\/wp-content\/uploads\/2019\/03\/Saint-Just_Page_2-300x424.jpg 300w, http:\/\/www.stjustdavray.fr\/V2\/wp-content\/uploads\/2019\/03\/Saint-Just_Page_2-938x1326.jpg 938w, http:\/\/www.stjustdavray.fr\/V2\/wp-content\/uploads\/2019\/03\/Saint-Just_Page_2.jpg 1241w\" sizes=\"(max-width: 725px) 100vw, 725px\" \/><\/figure>\n\n\n\n<p><\/p>\n","protected":false},"excerpt":{"rendered":"<p>QUELQUES R\u00c8GLES POUR BIEN VIVRE ENSEMBLE&#8230; *Suite \u00e0 plusieurs signalements en mairie, les propri\u00e9taires de chiens\u00a0doivent veiller \u00e0 leur animal. *Pour la s\u00e9curit\u00e9 de tous, les chiens doivent \u00eatre tenus en laisse sur les voies publiques, ils peuvent rester en libert\u00e9\u00a0 dans une propri\u00e9t\u00e9 priv\u00e9e \u00e0 condition qu\u2019elle\u00a0 soit enti\u00e8rement cl\u00f4tur\u00e9e sinon ils doivent \u00eatre [&hellip;]<\/p>\n","protected":false},"author":1,"featured_media":1881,"parent":0,"menu_order":6,"comment_status":"open","ping_status":"open","template":"page-templates\/front-page.php","meta":{"_bbp_topic_count":0,"_bbp_reply_count":0,"_bbp_total_topic_count":0,"_bbp_total_reply_count":0,"_bbp_voice_count":0,"_bbp_anonymous_reply_count":0,"_bbp_topic_count_hidden":0,"_bbp_reply_count_hidden":0,"_bbp_forum_subforum_count":0},"_links":{"self":[{"href":"http:\/\/www.stjustdavray.fr\/V2\/wp-json\/wp\/v2\/pages\/106"}],"collection":[{"href":"http:\/\/www.stjustdavray.fr\/V2\/wp-json\/wp\/v2\/pages"}],"about":[{"href":"http:\/\/www.stjustdavray.fr\/V2\/wp-json\/wp\/v2\/types\/page"}],"author":[{"embeddable":true,"href":"http:\/\/www.stjustdavray.fr\/V2\/wp-json\/wp\/v2\/users\/1"}],"replies":[{"embeddable":true,"href":"http:\/\/www.stjustdavray.fr\/V2\/wp-json\/wp\/v2\/comments?post=106"}],"version-history":[{"count":29,"href":"http:\/\/www.stjustdavray.fr\/V2\/wp-json\/wp\/v2\/pages\/106\/revisions"}],"predecessor-version":[{"id":5587,"href":"http:\/\/www.stjustdavray.fr\/V2\/wp-json\/wp\/v2\/pages\/106\/revisions\/5587"}],"wp:featuredmedia":[{"embeddable":true,"href":"http:\/\/www.stjustdavray.fr\/V2\/wp-json\/wp\/v2\/media\/1881"}],"wp:attachment":[{"href":"http:\/\/www.stjustdavray.fr\/V2\/wp-json\/wp\/v2\/media?parent=106"}],"curies":[{"name":"wp","href":"https:\/\/api.w.org\/{rel}","templated":true}]}}