{"id":112,"date":"2015-08-30T18:55:40","date_gmt":"2015-08-30T17:55:40","guid":{"rendered":"http:\/\/www.stjustdavray.fr\/V2\/?page_id=112"},"modified":"2021-08-04T13:59:02","modified_gmt":"2021-08-04T11:59:02","slug":"accueil","status":"publish","type":"page","link":"http:\/\/www.stjustdavray.fr\/V2\/","title":{"rendered":"Accueil"},"content":{"rendered":"\n<div class=\"wp-block-image\"><figure class=\"aligncenter size-large is-resized\"><img decoding=\"async\" loading=\"lazy\" src=\"http:\/\/www.stjustdavray.fr\/V2\/wp-content\/uploads\/2020\/06\/equipe-2020-1024x571.jpg\" alt=\"\" class=\"wp-image-4741\" width=\"958\" height=\"534\" srcset=\"http:\/\/www.stjustdavray.fr\/V2\/wp-content\/uploads\/2020\/06\/equipe-2020-1024x571.jpg 1024w, http:\/\/www.stjustdavray.fr\/V2\/wp-content\/uploads\/2020\/06\/equipe-2020-300x167.jpg 300w, http:\/\/www.stjustdavray.fr\/V2\/wp-content\/uploads\/2020\/06\/equipe-2020-768x428.jpg 768w, http:\/\/www.stjustdavray.fr\/V2\/wp-content\/uploads\/2020\/06\/equipe-2020-1536x857.jpg 1536w, http:\/\/www.stjustdavray.fr\/V2\/wp-content\/uploads\/2020\/06\/equipe-2020-2048x1142.jpg 2048w, http:\/\/www.stjustdavray.fr\/V2\/wp-content\/uploads\/2020\/06\/equipe-2020-938x523.jpg 938w, http:\/\/www.stjustdavray.fr\/V2\/wp-content\/uploads\/2020\/06\/equipe-2020-1309x730.jpg 1309w\" sizes=\"(max-width: 958px) 100vw, 958px\" \/><\/figure><\/div>\n\n\n\n<p class=\"has-medium-font-size\"><strong>\u00ab&nbsp;Continuons ensemble pour St Just \u00bb<\/strong>, tel \u00e9tait le slogan&nbsp; de l\u2019\u00e9quipe municipale&nbsp; que vous avez \u00e9lue lors des \u00e9lections municipales du&nbsp; 15 mars dernier.<\/p>\n\n\n\n<p class=\"has-medium-font-size\">Le 26 mai, l\u2019installation du conseil municipal s\u2019est effectu\u00e9e, &nbsp;j\u2019ai eu l\u2019honneur d\u2019\u00eatre r\u00e9\u00e9lue Maire, je vous remercie pour votre confiance; je remercie \u00e9galement&nbsp; les conseillers municipaux de m\u2019avoir \u00e0 nouveau confi\u00e9 cette fonction. <\/p>\n\n\n\n<p class=\"has-medium-font-size\">&nbsp;Je vous renouvelle\nmon engagement aux c\u00f4t\u00e9s des adjoints et&nbsp;\nde l\u2019\u00e9quipe municipale pour poursuivre les projets&nbsp; et&nbsp; en\nconstruire de nouveaux.<\/p>\n\n\n\n<p class=\"has-medium-font-size\">Durant cette longue p\u00e9riode transitoire, anciens et nouveaux \u00e9lus ont \u0153uvr\u00e9 ensemble pour que chaque administr\u00e9 vive le mieux possible le  confinement li\u00e9 \u00e0 cette pand\u00e9mie, &nbsp;je les remercie pour leur implication. Vos messages de soutien nous ont profond\u00e9ment&nbsp; touch\u00e9s. <\/p>\n\n\n\n<p class=\"has-medium-font-size\">Veillons aux gestes barri\u00e8res, prenez soin de vous et de vos proches.<\/p>\n\n\n\n<p class=\"has-medium-font-size\">Cordialement,<\/p>\n\n\n\n<p class=\"has-text-align-right has-medium-font-size\">Christine Galilei, Maire<\/p>\n\n\n\n<figure class=\"wp-block-image size-large is-resized\"><img decoding=\"async\" loading=\"lazy\" src=\"http:\/\/www.stjustdavray.fr\/V2\/wp-content\/uploads\/2020\/06\/photos-maire-adjoints.png\" alt=\"\" class=\"wp-image-4743\" width=\"760\" height=\"425\" srcset=\"http:\/\/www.stjustdavray.fr\/V2\/wp-content\/uploads\/2020\/06\/photos-maire-adjoints.png 643w, http:\/\/www.stjustdavray.fr\/V2\/wp-content\/uploads\/2020\/06\/photos-maire-adjoints-300x168.png 300w\" sizes=\"(max-width: 760px) 100vw, 760px\" \/><\/figure>\n\n\n<p><\/p>\n<p><a href=\"http:\/\/www.stjustdavray.fr\/V2\/wp-content\/uploads\/2018\/09\/mairie-sept-2018.jpg\"><img decoding=\"async\" loading=\"lazy\" class=\"aligncenter wp-image-3401 size-large\" src=\"http:\/\/www.stjustdavray.fr\/V2\/wp-content\/uploads\/2018\/09\/mairie-sept-2018-e1538079051995-576x1024.jpg\" alt=\"\" width=\"576\" height=\"1024\" srcset=\"http:\/\/www.stjustdavray.fr\/V2\/wp-content\/uploads\/2018\/09\/mairie-sept-2018-e1538079051995-576x1024.jpg 576w, http:\/\/www.stjustdavray.fr\/V2\/wp-content\/uploads\/2018\/09\/mairie-sept-2018-e1538079051995-169x300.jpg 169w, http:\/\/www.stjustdavray.fr\/V2\/wp-content\/uploads\/2018\/09\/mairie-sept-2018-e1538079051995-768x1365.jpg 768w, http:\/\/www.stjustdavray.fr\/V2\/wp-content\/uploads\/2018\/09\/mairie-sept-2018-e1538079051995-300x533.jpg 300w, http:\/\/www.stjustdavray.fr\/V2\/wp-content\/uploads\/2018\/09\/mairie-sept-2018-e1538079051995-938x1668.jpg 938w, http:\/\/www.stjustdavray.fr\/V2\/wp-content\/uploads\/2018\/09\/mairie-sept-2018-e1538079051995-1309x2327.jpg 1309w\" sizes=\"(max-width: 576px) 100vw, 576px\" \/><\/a><\/p>\n<p><\/p>\n<p style=\"text-align: center;\">Bienvenue sur notre site internet, qui vous permettra de suivre ou de d\u00e9couvrir la vie de notre&nbsp;<span style=\"line-height: 1.5;\">commune et qui, je le souhaite, vous donnera l\u2019envie de nous rendre visite. Gr\u00e2ce \u00e0 nos diverses associations, de nombreuses manifestations sont organis\u00e9es tout au long de l\u2019ann\u00e9e. Pour les amateurs de grand air, les chemins de randonn\u00e9e dans nos sapins verts ne manqueront pas de vous redonner du souffle et de vous faire d\u00e9couvrir des vues magnifiques de notre village et de ses alentours.<\/span><\/p>\n<p style=\"text-align: center;\">A tr\u00e8s bient\u00f4t,<\/p>\n<p style=\"text-align: center;\">Le Maire, Christine Galilei<\/p>\n<p style=\"text-align: center;\">Notre village&#8230;<br>SAINT JUST D\u2019AVRAY est un petit village dynamique \u00e0 550 m d\u2019altitude. Sa population totale compte 806 habitants nomm\u00e9s les \u00ab Chouettes \u00bb. Il est situ\u00e9 au Nord-Ouest de Lyon, implant\u00e9 dans la vall\u00e9e d\u2019Azergues au pied du col de la Croix des Fourches \u00e0 776 m d\u2019altitude et du col de la Croix de l\u2019Orme \u00e0 733 m, \u00e0 10 minutes du Lac des Sapins.<\/p>","protected":false},"excerpt":{"rendered":"<p>\u00ab&nbsp;Continuons ensemble pour St Just \u00bb, tel \u00e9tait le slogan&nbsp; de l\u2019\u00e9quipe municipale&nbsp; que vous avez \u00e9lue lors des \u00e9lections municipales du&nbsp; 15 mars dernier. Le 26 mai, l\u2019installation du conseil municipal s\u2019est effectu\u00e9e, &nbsp;j\u2019ai eu l\u2019honneur d\u2019\u00eatre r\u00e9\u00e9lue Maire, je vous remercie pour votre confiance; je remercie \u00e9galement&nbsp; les conseillers municipaux de m\u2019avoir \u00e0 [&hellip;]<\/p>\n","protected":false},"author":1,"featured_media":0,"parent":0,"menu_order":1,"comment_status":"open","ping_status":"open","template":"page-templates\/front-page.php","meta":{"_bbp_topic_count":0,"_bbp_reply_count":0,"_bbp_total_topic_count":0,"_bbp_total_reply_count":0,"_bbp_voice_count":0,"_bbp_anonymous_reply_count":0,"_bbp_topic_count_hidden":0,"_bbp_reply_count_hidden":0,"_bbp_forum_subforum_count":0},"_links":{"self":[{"href":"http:\/\/www.stjustdavray.fr\/V2\/wp-json\/wp\/v2\/pages\/112"}],"collection":[{"href":"http:\/\/www.stjustdavray.fr\/V2\/wp-json\/wp\/v2\/pages"}],"about":[{"href":"http:\/\/www.stjustdavray.fr\/V2\/wp-json\/wp\/v2\/types\/page"}],"author":[{"embeddable":true,"href":"http:\/\/www.stjustdavray.fr\/V2\/wp-json\/wp\/v2\/users\/1"}],"replies":[{"embeddable":true,"href":"http:\/\/www.stjustdavray.fr\/V2\/wp-json\/wp\/v2\/comments?post=112"}],"version-history":[{"count":25,"href":"http:\/\/www.stjustdavray.fr\/V2\/wp-json\/wp\/v2\/pages\/112\/revisions"}],"predecessor-version":[{"id":5379,"href":"http:\/\/www.stjustdavray.fr\/V2\/wp-json\/wp\/v2\/pages\/112\/revisions\/5379"}],"wp:attachment":[{"href":"http:\/\/www.stjustdavray.fr\/V2\/wp-json\/wp\/v2\/media?parent=112"}],"curies":[{"name":"wp","href":"https:\/\/api.w.org\/{rel}","templated":true}]}}