{"id":121,"date":"2015-08-30T19:07:56","date_gmt":"2015-08-30T18:07:56","guid":{"rendered":"http:\/\/www.stjustdavray.fr\/V2\/?page_id=121"},"modified":"2016-08-30T23:01:03","modified_gmt":"2016-08-30T21:01:03","slug":"1-etat-civil","status":"publish","type":"page","link":"http:\/\/www.stjustdavray.fr\/V2\/informations-pratiques\/1-etat-civil\/","title":{"rendered":"\u00c9tat Civil"},"content":{"rendered":"<p><a href=\"http:\/\/service-public.fr\" target=\"_blank\"><img decoding=\"async\" loading=\"lazy\" class=\"aligncenter wp-image-1187 size-full\" src=\"http:\/\/www.stjustdavray.fr\/V2\/wp-content\/uploads\/2016\/08\/945_service_public-e1472590704343.jpg\" alt=\"945_service_public\" width=\"153\" height=\"92\" \/><\/a><\/p>\n<h1><span class=\"Style6\">Extrait ou copie int\u00e9grale d&rsquo;un acte de naissance<\/span><\/h1>\n<p>S&rsquo;adresser \u00e0 la Mairie du lieu de naissance<\/p>\n<p>&#8211; Pr\u00e9ciser les noms et pr\u00e9noms de la personne concern\u00e9e ainsi que sa date de naissance.<br \/>\n&#8211; Si la demande est faite par \u00e9crit, joindre une enveloppe timbr\u00e9e pour la r\u00e9ponse<\/p>\n<h1><span class=\"Style6\">Extrait ou copie int\u00e9grale d&rsquo;un acte de mariage<\/span><\/h1>\n<p>S&rsquo;adresser \u00e0 la Mairie du lieu de mariage<\/p>\n<p>&#8211; Pr\u00e9ciser les noms et pr\u00e9noms des \u00e9poux ainsi que la date du mariage.<br \/>\n&#8211; Si la demande est faite par \u00e9crit, joindre une enveloppe timbr\u00e9e pour la r\u00e9ponse.<\/p>\n<h1><span class=\"Style6\">Dossier pour c\u00e9l\u00e9bration de mariage <\/span><\/h1>\n<p>S&rsquo;adresser \u00e0 la Mairie du lieu de mariage<\/p>\n<h1><span class=\"Style6\">Extrait ou copie int\u00e9grale d&rsquo;un acte de d\u00e9c\u00e8s <\/span><\/h1>\n<p>S&rsquo;adresser \u00e0 la Mairie du lieu de d\u00e9c\u00e8s<\/p>\n<p>&#8211; Pr\u00e9ciser le nom du d\u00e9funt ainsi que la date du d\u00e9c\u00e8s.<br \/>\n&#8211; Si la demande est faite par \u00e9crit, joindre une enveloppe timbr\u00e9e pour la r\u00e9ponse<\/p>\n<h1><span class=\"Style6\">D\u00e9claration de d\u00e9c\u00e8s<\/span><\/h1>\n<p>S&rsquo;adresser \u00e0 la Mairie du lieu de d\u00e9c\u00e8s avec les pi\u00e8ces suivantes :<\/p>\n<p>&#8211; Livret de famile<br \/>\n&#8211; Certificat m\u00e9dical de d\u00e9c\u00e8s<\/p>\n<h1><span class=\"Style6\">Duplicata de livret de famille <\/span><\/h1>\n<p>S&rsquo;adresser \u00e0 la Mairie de r\u00e9sidence avec le livret de famille.<\/p>\n<p>Rendez-vous sur le site \u00ab\u00a0service-public.fr\u00a0\u00bb pour plus d&rsquo;informations.<\/p>\n","protected":false},"excerpt":{"rendered":"<p>Extrait ou copie int\u00e9grale d&rsquo;un acte de naissance S&rsquo;adresser \u00e0 la Mairie du lieu de naissance &#8211; Pr\u00e9ciser les noms et pr\u00e9noms de la personne concern\u00e9e ainsi que sa date de naissance. &#8211; Si la demande est faite par \u00e9crit, joindre une enveloppe timbr\u00e9e pour la r\u00e9ponse Extrait ou copie int\u00e9grale d&rsquo;un acte de mariage [&hellip;]<\/p>\n","protected":false},"author":1,"featured_media":0,"parent":119,"menu_order":1,"comment_status":"open","ping_status":"open","template":"page-templates\/front-page.php","meta":{"_bbp_topic_count":0,"_bbp_reply_count":0,"_bbp_total_topic_count":0,"_bbp_total_reply_count":0,"_bbp_voice_count":0,"_bbp_anonymous_reply_count":0,"_bbp_topic_count_hidden":0,"_bbp_reply_count_hidden":0,"_bbp_forum_subforum_count":0},"_links":{"self":[{"href":"http:\/\/www.stjustdavray.fr\/V2\/wp-json\/wp\/v2\/pages\/121"}],"collection":[{"href":"http:\/\/www.stjustdavray.fr\/V2\/wp-json\/wp\/v2\/pages"}],"about":[{"href":"http:\/\/www.stjustdavray.fr\/V2\/wp-json\/wp\/v2\/types\/page"}],"author":[{"embeddable":true,"href":"http:\/\/www.stjustdavray.fr\/V2\/wp-json\/wp\/v2\/users\/1"}],"replies":[{"embeddable":true,"href":"http:\/\/www.stjustdavray.fr\/V2\/wp-json\/wp\/v2\/comments?post=121"}],"version-history":[{"count":9,"href":"http:\/\/www.stjustdavray.fr\/V2\/wp-json\/wp\/v2\/pages\/121\/revisions"}],"predecessor-version":[{"id":1195,"href":"http:\/\/www.stjustdavray.fr\/V2\/wp-json\/wp\/v2\/pages\/121\/revisions\/1195"}],"up":[{"embeddable":true,"href":"http:\/\/www.stjustdavray.fr\/V2\/wp-json\/wp\/v2\/pages\/119"}],"wp:attachment":[{"href":"http:\/\/www.stjustdavray.fr\/V2\/wp-json\/wp\/v2\/media?parent=121"}],"curies":[{"name":"wp","href":"https:\/\/api.w.org\/{rel}","templated":true}]}}