{"id":123,"date":"2015-08-30T19:09:12","date_gmt":"2015-08-30T18:09:12","guid":{"rendered":"http:\/\/www.stjustdavray.fr\/V2\/?page_id=123"},"modified":"2019-02-17T14:48:17","modified_gmt":"2019-02-17T13:48:17","slug":"2-identite","status":"publish","type":"page","link":"http:\/\/www.stjustdavray.fr\/V2\/informations-pratiques\/2-identite\/","title":{"rendered":"Identit\u00e9"},"content":{"rendered":"<p><a href=\"http:\/\/service-public.fr\"><img decoding=\"async\" loading=\"lazy\" class=\"aligncenter wp-image-1187 size-full\" src=\"http:\/\/www.stjustdavray.fr\/V2\/wp-content\/uploads\/2016\/08\/945_service_public-e1472590704343.jpg\" alt=\"945_service_public\" width=\"153\" height=\"92\" \/><\/a><\/p>\n<h1 style=\"text-align: center;\"><span class=\"Style6\">Carte nationale d&rsquo;identit\u00e9 biom\u00e9trique<\/span><\/h1>\n<p><a href=\"http:\/\/www.stjustdavray.fr\/V2\/wp-content\/uploads\/2015\/08\/CNI.png\"><img decoding=\"async\" loading=\"lazy\" class=\"aligncenter size-full wp-image-1915\" src=\"http:\/\/www.stjustdavray.fr\/V2\/wp-content\/uploads\/2015\/08\/CNI.png\" alt=\"\" width=\"650\" height=\"903\" srcset=\"http:\/\/www.stjustdavray.fr\/V2\/wp-content\/uploads\/2015\/08\/CNI.png 650w, http:\/\/www.stjustdavray.fr\/V2\/wp-content\/uploads\/2015\/08\/CNI-216x300.png 216w, http:\/\/www.stjustdavray.fr\/V2\/wp-content\/uploads\/2015\/08\/CNI-300x417.png 300w\" sizes=\"(max-width: 650px) 100vw, 650px\" \/><\/a><\/p>\n<h2>( Valable 15 ans )<\/h2>\n<p><a href=\"https:\/\/www.service-public.fr\/particuliers\/vosdroits\/N358\">https:\/\/www.service-public.fr\/particuliers\/vosdroits\/N358<\/a><\/p>\n<p>S&rsquo;adresser \u00e0 une mairie \u00e9quip\u00e9e pour l&rsquo;\u00e9tablissement de cartes d&rsquo;identit\u00e9 biom\u00e9triques\u00a0avec les pi\u00e8ces suivantes :<\/p>\n<p>&#8211; Extrait d&rsquo;acte de naissance dat\u00e9 de moins de 3 ans<br \/>\n&#8211; Un justificatif de domicile<br \/>\n&#8211; Deux photos<br \/>\n&#8211; Co\u00fbt : 25 \u20ac en cas de non pr\u00e9sentation de l&rsquo;ancienne carte d&rsquo;identit\u00e9<br \/>\nPour les enfants mineurs :<br \/>\n&#8211; Pi\u00e8ces d&rsquo;identit\u00e9 des parents<br \/>\n&#8211; En cas de divorce, copie du jugement.<\/p>\n<h1 style=\"text-align: center;\"><span class=\"Style6\">Passeport<\/span><\/h1>\n<h2 style=\"text-align: center;\">( Valable : 10 ans pour les adultes et 5 ans pour les mineurs )<\/h2>\n<p><a href=\"https:\/\/www.service-public.fr\/particuliers\/vosdroits\/N360\">https:\/\/www.service-public.fr\/particuliers\/vosdroits\/N360<\/a><\/p>\n<p>Pour obtenir un passeport biom\u00e9trique, il faut se rendre dans une mairie \u00e9quip\u00e9e avec les pi\u00e8ces justificatives n\u00e9cessaires. Les documents d\u00e9pendent de la situation : majeur ou mineur, premi\u00e8re demande ou renouvellement, possession (ou non) d&rsquo;une carte d&rsquo;identit\u00e9 s\u00e9curis\u00e9e.<\/p>\n<p>Pi\u00e8ces \u00e0 fournir:\u00a0&#8211; Carte nationale d&rsquo;identit\u00e9 en cours de validit\u00e9 ou extrait d&rsquo;acte de naissance avec filiation compl\u00e8te, ancien passeport s&rsquo;il s&rsquo;agit d&rsquo;un renouvellement.<br \/>\n&#8211; Livret de famille<br \/>\n&#8211; Un justificatif de domicile<br \/>\n&#8211; Deux photos d&rsquo;identit\u00e9 r\u00e9centes et identiques<br \/>\n&#8211; Timbre fiscal : 88\u20ac pour les adultes, 44\u20ac pour les mineurs de 15 ans et plus, 19\u20ac pour les enfants de moins de 15 ans<br \/>\nPour l&rsquo;inscription des enfants de moins de 15 ans sur le passeport des parents :<br \/>\n&#8211; Deux photos d&rsquo;identit\u00e9 r\u00e9centes et identiques<br \/>\n&#8211; La copie de la pi\u00e8ce d&rsquo;identit\u00e9 de l&rsquo;un des parents, ou un extrait d&rsquo;acte de naissance de l&rsquo;enfant ou la copie du livret de famille<br \/>\n&#8211; En cas de divorce, copie du jugement<\/p>\n<h1 style=\"text-align: center;\"><span class=\"Style6\">Extrait de casier judiciaire<\/span><\/h1>\n<p><a href=\"https:\/\/www.cjn.justice.gouv.fr\/cjn\/b3\/eje20\">https:\/\/www.cjn.justice.gouv.fr\/cjn\/b3\/eje20<\/a><\/p>\n<p>Envoyer un courrier \u00e0 l&rsquo;adresse : Casier Judiciaire Nationale 44079 Nantes CEDEX 01<\/p>\n<p>&#8211; Faire une demande \u00e9crite en indiquent vos noms et pr\u00e9noms ainsi que vos lieu et date de naissance.<br \/>\n&#8211; Joindre une copie de votre pi\u00e8ce d&rsquo;identit\u00e9 et une enveloppe timbr\u00e9e pour la r\u00e9ponse.<\/p>\n","protected":false},"excerpt":{"rendered":"<p>Carte nationale d&rsquo;identit\u00e9 biom\u00e9trique ( Valable 15 ans ) https:\/\/www.service-public.fr\/particuliers\/vosdroits\/N358 S&rsquo;adresser \u00e0 une mairie \u00e9quip\u00e9e pour l&rsquo;\u00e9tablissement de cartes d&rsquo;identit\u00e9 biom\u00e9triques\u00a0avec les pi\u00e8ces suivantes : &#8211; Extrait d&rsquo;acte de naissance dat\u00e9 de moins de 3 ans &#8211; Un justificatif de domicile &#8211; Deux photos &#8211; Co\u00fbt : 25 \u20ac en cas de non pr\u00e9sentation de [&hellip;]<\/p>\n","protected":false},"author":1,"featured_media":0,"parent":119,"menu_order":2,"comment_status":"open","ping_status":"open","template":"page-templates\/front-page.php","meta":{"_bbp_topic_count":0,"_bbp_reply_count":0,"_bbp_total_topic_count":0,"_bbp_total_reply_count":0,"_bbp_voice_count":0,"_bbp_anonymous_reply_count":0,"_bbp_topic_count_hidden":0,"_bbp_reply_count_hidden":0,"_bbp_forum_subforum_count":0},"_links":{"self":[{"href":"http:\/\/www.stjustdavray.fr\/V2\/wp-json\/wp\/v2\/pages\/123"}],"collection":[{"href":"http:\/\/www.stjustdavray.fr\/V2\/wp-json\/wp\/v2\/pages"}],"about":[{"href":"http:\/\/www.stjustdavray.fr\/V2\/wp-json\/wp\/v2\/types\/page"}],"author":[{"embeddable":true,"href":"http:\/\/www.stjustdavray.fr\/V2\/wp-json\/wp\/v2\/users\/1"}],"replies":[{"embeddable":true,"href":"http:\/\/www.stjustdavray.fr\/V2\/wp-json\/wp\/v2\/comments?post=123"}],"version-history":[{"count":11,"href":"http:\/\/www.stjustdavray.fr\/V2\/wp-json\/wp\/v2\/pages\/123\/revisions"}],"predecessor-version":[{"id":3744,"href":"http:\/\/www.stjustdavray.fr\/V2\/wp-json\/wp\/v2\/pages\/123\/revisions\/3744"}],"up":[{"embeddable":true,"href":"http:\/\/www.stjustdavray.fr\/V2\/wp-json\/wp\/v2\/pages\/119"}],"wp:attachment":[{"href":"http:\/\/www.stjustdavray.fr\/V2\/wp-json\/wp\/v2\/media?parent=123"}],"curies":[{"name":"wp","href":"https:\/\/api.w.org\/{rel}","templated":true}]}}