{"id":129,"date":"2015-08-30T19:14:24","date_gmt":"2015-08-30T18:14:24","guid":{"rendered":"http:\/\/www.stjustdavray.fr\/V2\/?page_id=129"},"modified":"2018-01-24T18:39:09","modified_gmt":"2018-01-24T17:39:09","slug":"5-logement","status":"publish","type":"page","link":"http:\/\/www.stjustdavray.fr\/V2\/informations-pratiques\/5-logement\/","title":{"rendered":"Urbanisme"},"content":{"rendered":"<h1><span class=\"Style6\">Vous voulez faire des travaux ?<\/span><\/h1>\n<p>Certificat d&rsquo;urbanisme, D\u00e9claration pr\u00e9alable de travaux, Permis de construire, Permis de d\u00e9molir &#8230; Allez sur le site : service public rubrique <a href=\"http:\/\/vosdroits.service-public.fr\/particuliers\/N319.xhtml?&amp;n=Logement&amp;l=N15\" target=\"_blank\" rel=\"noopener\">construction<\/a><\/p>\n<h2 style=\"text-align: center;\">Pour vos travaux de r\u00e9novation, faites appel \u00e0 la COR avec la plateforme<\/h2>\n<h2 style=\"text-align: center;\">\u00ab\u00a0R\u00e9novation Habitat\u00a0\u00bb&#8230;<\/h2>\n<h2 style=\"text-align: center;\">Plus d&rsquo;informations, rendez vous sur la page de la <a href=\"http:\/\/www.stjustdavray.fr\/V2\/cor-communaute-dagglomeration-de-louest-rhodanien\">COR<\/a>&#8230;<\/h2>\n<p>&nbsp;<\/p>\n<h1><span class=\"Style6\">Vous \u00eates locataire ou futur locataire, loueur &#8230; ?<\/span><\/h1>\n<p>Vous trouverez toutes les r\u00e9ponses sur le contrat de location, l&rsquo;\u00e9tat des lieux, la caution&#8230; sur le site : service public rubrique <a href=\"http:\/\/vosdroits.service-public.fr\/particuliers\/N289.xhtml?&amp;n=Logement&amp;l=N15\" target=\"_blank\" rel=\"noopener\">location<\/a><\/p>\n<header class=\"entry-header\">\n<h1 class=\"entry-title\">Plan Cadastral<\/h1>\n<\/header>\n<div class=\"entry-content\">\n<p><span class=\"Style3\"><a href=\"http:\/\/www.cadastre.gouv.fr\/\" target=\"_blank\" rel=\"noopener\">Le cadastre en ligne<\/a> : Il n\u2019est plus n\u00e9cessaire d\u00e9sormais de se rendre en Mairie pour consulter le cadastre ou \u00e9diter gratuitement un extrait du plan cadastral. Pour cela, vous pouvez effectuer votre recherche par le biais d\u2019une adresse, d\u2019une commune, d\u2019un d\u00e9partement ou d\u2019une r\u00e9f\u00e9rence cadastrale. Une aide en ligne vous accompagne pas \u00e0 pas et vous permet d\u2019utiliser les outils cartographiques mis \u00e0 votre disposition.<\/span><\/p>\n<div class=\"clear\"><\/div>\n<\/div>\n","protected":false},"excerpt":{"rendered":"<p>Vous voulez faire des travaux ? Certificat d&rsquo;urbanisme, D\u00e9claration pr\u00e9alable de travaux, Permis de construire, Permis de d\u00e9molir &#8230; Allez sur le site : service public rubrique construction Pour vos travaux de r\u00e9novation, faites appel \u00e0 la COR avec la plateforme \u00ab\u00a0R\u00e9novation Habitat\u00a0\u00bb&#8230; Plus d&rsquo;informations, rendez vous sur la page de la COR&#8230; &nbsp; Vous [&hellip;]<\/p>\n","protected":false},"author":1,"featured_media":0,"parent":119,"menu_order":6,"comment_status":"open","ping_status":"open","template":"page-templates\/front-page.php","meta":{"_bbp_topic_count":0,"_bbp_reply_count":0,"_bbp_total_topic_count":0,"_bbp_total_reply_count":0,"_bbp_voice_count":0,"_bbp_anonymous_reply_count":0,"_bbp_topic_count_hidden":0,"_bbp_reply_count_hidden":0,"_bbp_forum_subforum_count":0},"_links":{"self":[{"href":"http:\/\/www.stjustdavray.fr\/V2\/wp-json\/wp\/v2\/pages\/129"}],"collection":[{"href":"http:\/\/www.stjustdavray.fr\/V2\/wp-json\/wp\/v2\/pages"}],"about":[{"href":"http:\/\/www.stjustdavray.fr\/V2\/wp-json\/wp\/v2\/types\/page"}],"author":[{"embeddable":true,"href":"http:\/\/www.stjustdavray.fr\/V2\/wp-json\/wp\/v2\/users\/1"}],"replies":[{"embeddable":true,"href":"http:\/\/www.stjustdavray.fr\/V2\/wp-json\/wp\/v2\/comments?post=129"}],"version-history":[{"count":7,"href":"http:\/\/www.stjustdavray.fr\/V2\/wp-json\/wp\/v2\/pages\/129\/revisions"}],"predecessor-version":[{"id":2689,"href":"http:\/\/www.stjustdavray.fr\/V2\/wp-json\/wp\/v2\/pages\/129\/revisions\/2689"}],"up":[{"embeddable":true,"href":"http:\/\/www.stjustdavray.fr\/V2\/wp-json\/wp\/v2\/pages\/119"}],"wp:attachment":[{"href":"http:\/\/www.stjustdavray.fr\/V2\/wp-json\/wp\/v2\/media?parent=129"}],"curies":[{"name":"wp","href":"https:\/\/api.w.org\/{rel}","templated":true}]}}