{"id":133,"date":"2015-08-30T19:16:00","date_gmt":"2015-08-30T18:16:00","guid":{"rendered":"http:\/\/www.stjustdavray.fr\/V2\/?page_id=133"},"modified":"2025-01-04T11:07:56","modified_gmt":"2025-01-04T10:07:56","slug":"6-plume-des-chouettes","status":"publish","type":"page","link":"http:\/\/www.stjustdavray.fr\/V2\/page-d-exemple\/6-plume-des-chouettes\/","title":{"rendered":"Plume des Chouettes"},"content":{"rendered":"<div class=\"wp-block-image\">\n<figure class=\"aligncenter size-large\"><img decoding=\"async\" loading=\"lazy\" width=\"342\" height=\"369\" src=\"http:\/\/www.stjustdavray.fr\/V2\/wp-content\/uploads\/2015\/08\/chouette-plume.png\" alt=\"\" class=\"wp-image-2340\" srcset=\"http:\/\/www.stjustdavray.fr\/V2\/wp-content\/uploads\/2015\/08\/chouette-plume.png 342w, http:\/\/www.stjustdavray.fr\/V2\/wp-content\/uploads\/2015\/08\/chouette-plume-278x300.png 278w, http:\/\/www.stjustdavray.fr\/V2\/wp-content\/uploads\/2015\/08\/chouette-plume-300x324.png 300w\" sizes=\"(max-width: 342px) 100vw, 342px\" \/><\/figure><\/div>\n\n\n<p class=\"has-text-align-center has-large-font-size\"><a href=\"http:\/\/www.stjustdavray.fr\/V2\/page-d-exemple\/6-plume-des-chouettes\/plume-2021\/\" data-type=\"URL\" data-id=\"http:\/\/www.stjustdavray.fr\/V2\/page-d-exemple\/6-plume-des-chouettes\/plume-2021\/\">Ann\u00e9e 2021<\/a><\/p>\n\n\n\n<p class=\"has-text-align-center has-large-font-size\"><a href=\"http:\/\/www.stjustdavray.fr\/V2\/page-d-exemple\/6-plume-des-chouettes\/plume-2020\/\">Ann\u00e9e 2020<\/a><\/p>\n\n\n<h2 style=\"text-align: center;\"><a href=\"http:\/\/www.stjustdavray.fr\/V2\/page-d-exemple\/6-plume-des-chouettes\/plume-2019\/\">Ann\u00e9e 2019<\/a><\/h2>\n<p style=\"text-align: center;\"><a href=\"http:\/\/www.stjustdavray.fr\/V2\/page-d-exemple\/6-plume-des-chouettes\/plume-2018\/\">Ann\u00e9e 2018<\/a><\/p>\n<p style=\"text-align: center;\"><a href=\"http:\/\/www.stjustdavray.fr\/V2\/page-d-exemple\/6-plume-des-chouettes\/plume-2017\/\">Ann\u00e9e 2017<\/a><\/p>\n<p style=\"text-align: center;\"><a href=\"http:\/\/www.stjustdavray.fr\/V2\/page-d-exemple\/6-plume-des-chouettes\/plume-2016\/\">Ann\u00e9e 2016<\/a><\/p>\n<p style=\"text-align: center;\"><a href=\"http:\/\/www.stjustdavray.fr\/V2\/page-d-exemple\/6-plume-des-chouettes\/plume-2015\/\">Ann\u00e9e 2015<\/a><\/p>\n<p style=\"text-align: center;\"><a href=\"http:\/\/www.stjustdavray.fr\/V2\/page-d-exemple\/6-plume-des-chouettes\/plume-2014\/\">Ann\u00e9e 2014<\/a><\/p>\n<h2 style=\"text-align: center;\">&nbsp;<\/h2>","protected":false},"excerpt":{"rendered":"<p>Ann\u00e9e 2021 Ann\u00e9e 2020 Ann\u00e9e 2019 Ann\u00e9e 2018 Ann\u00e9e 2017 Ann\u00e9e 2016 Ann\u00e9e 2015 Ann\u00e9e 2014 &nbsp;<\/p>\n","protected":false},"author":1,"featured_media":0,"parent":2,"menu_order":11,"comment_status":"open","ping_status":"open","template":"page-templates\/front-page.php","meta":{"_bbp_topic_count":0,"_bbp_reply_count":0,"_bbp_total_topic_count":0,"_bbp_total_reply_count":0,"_bbp_voice_count":0,"_bbp_anonymous_reply_count":0,"_bbp_topic_count_hidden":0,"_bbp_reply_count_hidden":0,"_bbp_forum_subforum_count":0},"_links":{"self":[{"href":"http:\/\/www.stjustdavray.fr\/V2\/wp-json\/wp\/v2\/pages\/133"}],"collection":[{"href":"http:\/\/www.stjustdavray.fr\/V2\/wp-json\/wp\/v2\/pages"}],"about":[{"href":"http:\/\/www.stjustdavray.fr\/V2\/wp-json\/wp\/v2\/types\/page"}],"author":[{"embeddable":true,"href":"http:\/\/www.stjustdavray.fr\/V2\/wp-json\/wp\/v2\/users\/1"}],"replies":[{"embeddable":true,"href":"http:\/\/www.stjustdavray.fr\/V2\/wp-json\/wp\/v2\/comments?post=133"}],"version-history":[{"count":24,"href":"http:\/\/www.stjustdavray.fr\/V2\/wp-json\/wp\/v2\/pages\/133\/revisions"}],"predecessor-version":[{"id":6429,"href":"http:\/\/www.stjustdavray.fr\/V2\/wp-json\/wp\/v2\/pages\/133\/revisions\/6429"}],"up":[{"embeddable":true,"href":"http:\/\/www.stjustdavray.fr\/V2\/wp-json\/wp\/v2\/pages\/2"}],"wp:attachment":[{"href":"http:\/\/www.stjustdavray.fr\/V2\/wp-json\/wp\/v2\/media?parent=133"}],"curies":[{"name":"wp","href":"https:\/\/api.w.org\/{rel}","templated":true}]}}