{"id":1384,"date":"2016-11-22T05:44:48","date_gmt":"2016-11-22T04:44:48","guid":{"rendered":"http:\/\/www.stjustdavray.fr\/V2\/?page_id=1384"},"modified":"2021-08-06T11:37:59","modified_gmt":"2021-08-06T09:37:59","slug":"denomination-des-rues","status":"publish","type":"page","link":"http:\/\/www.stjustdavray.fr\/V2\/notre-village\/denomination-des-rues\/","title":{"rendered":"D\u00e9nomination des rues"},"content":{"rendered":"<p>La commission Voirie a travaill\u00e9 sur la d\u00e9nomination des rues. La num\u00e9rotation m\u00e9trique a \u00e9t\u00e9 effectu\u00e9e et les nouvelles plaques de num\u00e9ros fournies par la commune ont \u00e9t\u00e9 appos\u00e9es.<\/p>\n<p><a href=\"http:\/\/www.stjustdavray.fr\/V2\/wp-content\/uploads\/2016\/11\/Plan-des-rues-d\u00e9lib\u00e9ration-du-08-nov-2016-n\u00b043-216-recto.pdf\">PLAN DES RUES RECTO 08 11 2016<\/a><\/p>\n<p><a href=\"http:\/\/www.stjustdavray.fr\/V2\/wp-content\/uploads\/2016\/11\/Plan-des-rues-d\u00e9lib\u00e9ration-du-08-nov-2016-n\u00b043-216-verso.pdf\">PLAN DES RUES VERSO 08 11 2016<\/a><\/p>\n<p><a href=\"http:\/\/www.stjustdavray.fr\/V2\/wp-content\/uploads\/2016\/11\/Liste-des-noms-de-rue-d\u00e9lib\u00e9ration-du-8-nov-2016-n\u00b043-2016.pdf\">NOMS DES RUES 08 11 2016<\/a><\/p>\n<p><iframe loading=\"lazy\" src=\"\/\/sharecad.org\/cadframe\/load?url=http:\/\/www.stjustdavray.fr\/V2\/Plan_Romain_2016-12-02.dwg\" width=\"800\" height=\"600\" scrolling=\"no\"><\/iframe><\/p>\n","protected":false},"excerpt":{"rendered":"<p>La commission Voirie a travaill\u00e9 sur la d\u00e9nomination des rues. La num\u00e9rotation m\u00e9trique a \u00e9t\u00e9 effectu\u00e9e et les nouvelles plaques de num\u00e9ros fournies par la commune ont \u00e9t\u00e9 appos\u00e9es. PLAN DES RUES RECTO 08 11 2016 PLAN DES RUES VERSO 08 11 2016 NOMS DES RUES 08 11 2016<\/p>\n","protected":false},"author":1,"featured_media":0,"parent":5596,"menu_order":2,"comment_status":"closed","ping_status":"closed","template":"page-templates\/front-page.php","meta":{"_bbp_topic_count":0,"_bbp_reply_count":0,"_bbp_total_topic_count":0,"_bbp_total_reply_count":0,"_bbp_voice_count":0,"_bbp_anonymous_reply_count":0,"_bbp_topic_count_hidden":0,"_bbp_reply_count_hidden":0,"_bbp_forum_subforum_count":0},"_links":{"self":[{"href":"http:\/\/www.stjustdavray.fr\/V2\/wp-json\/wp\/v2\/pages\/1384"}],"collection":[{"href":"http:\/\/www.stjustdavray.fr\/V2\/wp-json\/wp\/v2\/pages"}],"about":[{"href":"http:\/\/www.stjustdavray.fr\/V2\/wp-json\/wp\/v2\/types\/page"}],"author":[{"embeddable":true,"href":"http:\/\/www.stjustdavray.fr\/V2\/wp-json\/wp\/v2\/users\/1"}],"replies":[{"embeddable":true,"href":"http:\/\/www.stjustdavray.fr\/V2\/wp-json\/wp\/v2\/comments?post=1384"}],"version-history":[{"count":11,"href":"http:\/\/www.stjustdavray.fr\/V2\/wp-json\/wp\/v2\/pages\/1384\/revisions"}],"predecessor-version":[{"id":3001,"href":"http:\/\/www.stjustdavray.fr\/V2\/wp-json\/wp\/v2\/pages\/1384\/revisions\/3001"}],"up":[{"embeddable":true,"href":"http:\/\/www.stjustdavray.fr\/V2\/wp-json\/wp\/v2\/pages\/5596"}],"wp:attachment":[{"href":"http:\/\/www.stjustdavray.fr\/V2\/wp-json\/wp\/v2\/media?parent=1384"}],"curies":[{"name":"wp","href":"https:\/\/api.w.org\/{rel}","templated":true}]}}