{"id":24,"date":"2015-06-21T21:01:40","date_gmt":"2015-06-21T20:01:40","guid":{"rendered":"http:\/\/www.stjustdavray.fr\/V2\/?page_id=24"},"modified":"2021-08-06T11:44:44","modified_gmt":"2021-08-06T09:44:44","slug":"contact-2","status":"publish","type":"page","link":"http:\/\/www.stjustdavray.fr\/V2\/contact-2\/","title":{"rendered":"Contact"},"content":{"rendered":"<h1 style=\"text-align: center;\"><strong>Horaires d\u2019ouverture de la Mairie<\/strong><\/h1>\n<table width=\"700\">\n<tbody>\n<tr>\n<td style=\"text-align: center;\" width=\"108\"><\/td>\n<td style=\"text-align: center;\" width=\"285\"><strong>Matin<\/strong> <em>(Ouverture au public)<\/em><\/td>\n<td style=\"text-align: center;\" width=\"285\"><strong>Apr\u00e8s-midi <\/strong><em>(Permanence t\u00e9l\u00e9phonique)<\/em><\/td>\n<\/tr>\n<tr>\n<td style=\"text-align: center;\"><strong>Lundi<\/strong><\/td>\n<td style=\"text-align: center;\"><strong>Ferm\u00e9<\/strong><\/td>\n<td style=\"text-align: center;\"><strong>Ferm\u00e9<\/strong><\/td>\n<\/tr>\n<tr>\n<td style=\"text-align: center;\"><strong>Mardi<\/strong><\/td>\n<td style=\"text-align: center;\">8h30-12h00<\/td>\n<td style=\"text-align: center;\">13h-16h30<\/td>\n<\/tr>\n<tr>\n<td style=\"text-align: center;\"><strong>Mercredi<\/strong><\/td>\n<td style=\"text-align: center;\">8h30-12h00<\/td>\n<td style=\"text-align: center;\">13h-16h30<\/td>\n<\/tr>\n<tr>\n<td style=\"text-align: center;\"><strong>Jeudi<\/strong><\/td>\n<td style=\"text-align: center;\">8h30-12h00<\/td>\n<td style=\"text-align: center;\">13h-16h30<\/td>\n<\/tr>\n<tr>\n<td style=\"text-align: center;\"><strong>Vendredi<\/strong><\/td>\n<td style=\"text-align: center;\">8h30-12h00<\/td>\n<td style=\"text-align: center;\">13h-16h30<\/td>\n<\/tr>\n<tr>\n<td style=\"text-align: center;\"><strong>Samedi<\/strong><\/td>\n<td style=\"text-align: center;\">9h00-12h30<br \/>\n<em>(Permanence Mme le Maire et ses adjoints<\/em><br \/>\n<em>de 10h \u00e0 12h)<\/em><\/td>\n<td style=\"text-align: center;\"><strong>Ferm\u00e9<\/strong><\/td>\n<\/tr>\n<tr>\n<td style=\"text-align: center;\"><strong>Dimanche<\/strong><\/td>\n<td style=\"text-align: center;\"><strong>Ferm\u00e9<\/strong><\/td>\n<td style=\"text-align: center;\"><strong>Ferm\u00e9<\/strong><\/td>\n<\/tr>\n<\/tbody>\n<\/table>\n<p>Tel&nbsp;:&nbsp;04.74.71.53.47<\/p>\n<p>Il est \u00e9galement possible de rencontrer Mme le Maire et ses adjoints sur rendez-vous.<\/p>\n<p>Fax&nbsp;:&nbsp;04.74.71.53.38<\/p>\n<p>Courriel : mairie@stjustdavray.fr<\/p>\n<p>[map style=\u00a0\u00bbwidth: auto; height:400px; margin:20px 0px 20px 0px; border: 1px solid black;\u00a0\u00bb address=\u00a0\u00bbsaint just d&rsquo;avay\u00a0\u00bb marker=\u00a0\u00bbyes\u00a0\u00bb]<\/p>\n","protected":false},"excerpt":{"rendered":"<p>Horaires d\u2019ouverture de la Mairie Matin (Ouverture au public) Apr\u00e8s-midi (Permanence t\u00e9l\u00e9phonique) Lundi Ferm\u00e9 Ferm\u00e9 Mardi 8h30-12h00 13h-16h30 Mercredi 8h30-12h00 13h-16h30 Jeudi 8h30-12h00 13h-16h30 Vendredi 8h30-12h00 13h-16h30 Samedi 9h00-12h30 (Permanence Mme le Maire et ses adjoints de 10h \u00e0 12h) Ferm\u00e9 Dimanche Ferm\u00e9 Ferm\u00e9 Tel&nbsp;:&nbsp;04.74.71.53.47 Il est \u00e9galement possible de rencontrer Mme le Maire et [&hellip;]<\/p>\n","protected":false},"author":1,"featured_media":0,"parent":0,"menu_order":12,"comment_status":"open","ping_status":"open","template":"page-templates\/front-page.php","meta":{"_bbp_topic_count":0,"_bbp_reply_count":0,"_bbp_total_topic_count":0,"_bbp_total_reply_count":0,"_bbp_voice_count":0,"_bbp_anonymous_reply_count":0,"_bbp_topic_count_hidden":0,"_bbp_reply_count_hidden":0,"_bbp_forum_subforum_count":0},"_links":{"self":[{"href":"http:\/\/www.stjustdavray.fr\/V2\/wp-json\/wp\/v2\/pages\/24"}],"collection":[{"href":"http:\/\/www.stjustdavray.fr\/V2\/wp-json\/wp\/v2\/pages"}],"about":[{"href":"http:\/\/www.stjustdavray.fr\/V2\/wp-json\/wp\/v2\/types\/page"}],"author":[{"embeddable":true,"href":"http:\/\/www.stjustdavray.fr\/V2\/wp-json\/wp\/v2\/users\/1"}],"replies":[{"embeddable":true,"href":"http:\/\/www.stjustdavray.fr\/V2\/wp-json\/wp\/v2\/comments?post=24"}],"version-history":[{"count":12,"href":"http:\/\/www.stjustdavray.fr\/V2\/wp-json\/wp\/v2\/pages\/24\/revisions"}],"predecessor-version":[{"id":5606,"href":"http:\/\/www.stjustdavray.fr\/V2\/wp-json\/wp\/v2\/pages\/24\/revisions\/5606"}],"wp:attachment":[{"href":"http:\/\/www.stjustdavray.fr\/V2\/wp-json\/wp\/v2\/media?parent=24"}],"curies":[{"name":"wp","href":"https:\/\/api.w.org\/{rel}","templated":true}]}}