{"id":2512,"date":"2017-11-12T17:36:29","date_gmt":"2017-11-12T16:36:29","guid":{"rendered":"http:\/\/www.stjustdavray.fr\/V2\/?page_id=2512"},"modified":"2021-08-06T08:23:27","modified_gmt":"2021-08-06T06:23:27","slug":"hridaya-france","status":"publish","type":"page","link":"http:\/\/www.stjustdavray.fr\/V2\/vie-communale\/1-les-associations\/hridaya-france\/","title":{"rendered":"Hridaya France"},"content":{"rendered":"\n<p class=\"has-medium-font-size\">Hridaya France est une association loi 1901 \u00e0 but non lucratif d\u00e9di\u00e9e au d\u00e9veloppement et \u00e0 la diffusion des enseignements du yoga et de la m\u00e9ditation. Implant\u00e9e depuis Mai 2017 au Ch\u00e2teau de Longeval, l\u2019association a entrepris des travaux de r\u00e9novation. Cette r\u00e9habilitation du domaine comprend une transition \u00e9cologique avec la mise en place de syst\u00e8mes de chauffage et d&rsquo;assainissement naturels et le d\u00e9veloppement de jardins de permaculture.<\/p>\n\n\n\n<p class=\"has-medium-font-size\">Hridaya propose des retraites de m\u00e9ditation, des modules intensifs de yoga, des ateliers en tout genre sur le th\u00e8me de la spiritualit\u00e9, du d\u00e9veloppement personnel, du bien-\u00eatre et du d\u00e9veloppement durable, ainsi que des cours quotidiens de m\u00e9ditation et de yoga ouverts \u00e0 tous. A terme, un restaurant et un centre de soins bien-\u00eatre verront le jour et permettront \u00e0 l\u2019association de s\u2019ouvrir encore davantage aux r\u00e9sidents de St Just d&rsquo;Avray et de la vall\u00e9e d&rsquo;Azergues.<\/p>\n\n\n\n<p class=\"has-text-color has-text-align-center has-large-font-size has-luminous-vivid-orange-color\"><strong>Contact: Arnaud PHILIBERT<\/strong><\/p>\n\n\n\n<p class=\"has-text-color has-text-align-center has-large-font-size has-luminous-vivid-orange-color\"><strong>arnaud@hridaya-yoga.com<\/strong><\/p>\n\n\n\n<p class=\"has-text-color has-text-align-center has-large-font-size has-luminous-vivid-orange-color\">04 74 72 30 88<\/p>\n\n\n\n<p class=\"has-background has-text-align-center has-large-font-size has-pale-cyan-blue-background-color\"><a href=\"https:\/\/hridaya-yoga.fr\/fr\/\">https:\/\/hridaya-yoga.fr\/fr\/<\/a><\/p>\n","protected":false},"excerpt":{"rendered":"<p>Hridaya France est une association loi 1901 \u00e0 but non lucratif d\u00e9di\u00e9e au d\u00e9veloppement et \u00e0 la diffusion des enseignements du yoga et de la m\u00e9ditation. Implant\u00e9e depuis Mai 2017 au Ch\u00e2teau de Longeval, l\u2019association a entrepris des travaux de r\u00e9novation. Cette r\u00e9habilitation du domaine comprend une transition \u00e9cologique avec la mise en place de [&hellip;]<\/p>\n","protected":false},"author":1,"featured_media":5482,"parent":250,"menu_order":5,"comment_status":"closed","ping_status":"closed","template":"page-templates\/front-page.php","meta":{"_bbp_topic_count":0,"_bbp_reply_count":0,"_bbp_total_topic_count":0,"_bbp_total_reply_count":0,"_bbp_voice_count":0,"_bbp_anonymous_reply_count":0,"_bbp_topic_count_hidden":0,"_bbp_reply_count_hidden":0,"_bbp_forum_subforum_count":0},"_links":{"self":[{"href":"http:\/\/www.stjustdavray.fr\/V2\/wp-json\/wp\/v2\/pages\/2512"}],"collection":[{"href":"http:\/\/www.stjustdavray.fr\/V2\/wp-json\/wp\/v2\/pages"}],"about":[{"href":"http:\/\/www.stjustdavray.fr\/V2\/wp-json\/wp\/v2\/types\/page"}],"author":[{"embeddable":true,"href":"http:\/\/www.stjustdavray.fr\/V2\/wp-json\/wp\/v2\/users\/1"}],"replies":[{"embeddable":true,"href":"http:\/\/www.stjustdavray.fr\/V2\/wp-json\/wp\/v2\/comments?post=2512"}],"version-history":[{"count":8,"href":"http:\/\/www.stjustdavray.fr\/V2\/wp-json\/wp\/v2\/pages\/2512\/revisions"}],"predecessor-version":[{"id":5481,"href":"http:\/\/www.stjustdavray.fr\/V2\/wp-json\/wp\/v2\/pages\/2512\/revisions\/5481"}],"up":[{"embeddable":true,"href":"http:\/\/www.stjustdavray.fr\/V2\/wp-json\/wp\/v2\/pages\/250"}],"wp:featuredmedia":[{"embeddable":true,"href":"http:\/\/www.stjustdavray.fr\/V2\/wp-json\/wp\/v2\/media\/5482"}],"wp:attachment":[{"href":"http:\/\/www.stjustdavray.fr\/V2\/wp-json\/wp\/v2\/media?parent=2512"}],"curies":[{"name":"wp","href":"https:\/\/api.w.org\/{rel}","templated":true}]}}