{"id":256,"date":"2015-10-31T15:06:03","date_gmt":"2015-10-31T14:06:03","guid":{"rendered":"http:\/\/www.stjustdavray.fr\/V2\/?page_id=256"},"modified":"2025-10-18T10:12:58","modified_gmt":"2025-10-18T08:12:58","slug":"2-la-farandole","status":"publish","type":"page","link":"http:\/\/www.stjustdavray.fr\/V2\/vie-communale\/1-les-associations\/2-la-farandole\/","title":{"rendered":"La farandole"},"content":{"rendered":"\n<p class=\"has-medium-font-size\">Notre association, cr\u00e9\u00e9e en 1997, propose des activit\u00e9s artistiques, culturelles et sportives pour tous les \u00e2ges tout au long de l\u2019ann\u00e9e scolaire.<\/p>\n\n\n\n<p class=\"has-medium-font-size\">Vous pouvez nous contacter par mail <a href=\"mailto:lafarandole@yahoo.fr\">lafarandole@yahoo.fr<\/a> et nous suivre sur notre site http:\/\/<a href=\"http:\/\/www.lafarandole.org\/\">lafarandole.org<\/a>&nbsp;ou sur notre page Facebook.<\/p>\n\n\n\n<p class=\"has-text-align-right has-medium-font-size\">Le Bureau de la Farandole<\/p>\n\n\n\n<h2 class=\"has-text-align-center has-luminous-vivid-orange-color has-text-color\">Contact: <br>T\u00e9l\u00e9phone : NIYOM PRACHANSISOURATH\u00a0<\/h2>\n\n\n<div class=\"wp-block-image\">\n<figure class=\"aligncenter size-large\"><a href=\"http:\/\/www.stjustdavray.fr\/V2\/wp-content\/uploads\/2025\/10\/PROGRAMME-FARANDOLE.png\"><img decoding=\"async\" loading=\"lazy\" width=\"744\" height=\"1024\" src=\"http:\/\/www.stjustdavray.fr\/V2\/wp-content\/uploads\/2025\/10\/PROGRAMME-FARANDOLE-744x1024.png\" alt=\"\" class=\"wp-image-6710\" srcset=\"http:\/\/www.stjustdavray.fr\/V2\/wp-content\/uploads\/2025\/10\/PROGRAMME-FARANDOLE-744x1024.png 744w, http:\/\/www.stjustdavray.fr\/V2\/wp-content\/uploads\/2025\/10\/PROGRAMME-FARANDOLE-218x300.png 218w, http:\/\/www.stjustdavray.fr\/V2\/wp-content\/uploads\/2025\/10\/PROGRAMME-FARANDOLE-768x1057.png 768w, http:\/\/www.stjustdavray.fr\/V2\/wp-content\/uploads\/2025\/10\/PROGRAMME-FARANDOLE-300x413.png 300w, http:\/\/www.stjustdavray.fr\/V2\/wp-content\/uploads\/2025\/10\/PROGRAMME-FARANDOLE.png 930w\" sizes=\"(max-width: 744px) 100vw, 744px\" \/><\/a><\/figure><\/div>\n\n\n<p class=\"has-text-align-center\"><a href=\"mailto:lafarandole@yahoo.fr\" target=\"_blank\" rel=\"noreferrer noopener\">lafarandole@yahoo.fr<\/a><\/p>\n\n\n\n<p class=\"has-text-align-center\"><a href=\"http:\/\/www.lafarandole.org\/\" target=\"_blank\" rel=\"noreferrer noopener\">www.lafarandole.org<\/a><\/p>\n\n\n\n<p class=\"has-text-align-center\"><a href=\"http:\/\/www.facebook.com\/lafarandole69\/events\/\" target=\"_blank\" rel=\"noreferrer noopener\">www.facebook.com\/lafarandole69\/events\/<\/a><\/p>\n","protected":false},"excerpt":{"rendered":"<p>Notre association, cr\u00e9\u00e9e en 1997, propose des activit\u00e9s artistiques, culturelles et sportives pour tous les \u00e2ges tout au long de l\u2019ann\u00e9e scolaire. Vous pouvez nous contacter par mail lafarandole@yahoo.fr et nous suivre sur notre site http:\/\/lafarandole.org&nbsp;ou sur notre page Facebook. Le Bureau de la Farandole Contact: T\u00e9l\u00e9phone : NIYOM PRACHANSISOURATH\u00a0 lafarandole@yahoo.fr www.lafarandole.org www.facebook.com\/lafarandole69\/events\/<\/p>\n","protected":false},"author":1,"featured_media":5442,"parent":250,"menu_order":10,"comment_status":"open","ping_status":"open","template":"page-templates\/front-page.php","meta":{"_bbp_topic_count":0,"_bbp_reply_count":0,"_bbp_total_topic_count":0,"_bbp_total_reply_count":0,"_bbp_voice_count":0,"_bbp_anonymous_reply_count":0,"_bbp_topic_count_hidden":0,"_bbp_reply_count_hidden":0,"_bbp_forum_subforum_count":0},"_links":{"self":[{"href":"http:\/\/www.stjustdavray.fr\/V2\/wp-json\/wp\/v2\/pages\/256"}],"collection":[{"href":"http:\/\/www.stjustdavray.fr\/V2\/wp-json\/wp\/v2\/pages"}],"about":[{"href":"http:\/\/www.stjustdavray.fr\/V2\/wp-json\/wp\/v2\/types\/page"}],"author":[{"embeddable":true,"href":"http:\/\/www.stjustdavray.fr\/V2\/wp-json\/wp\/v2\/users\/1"}],"replies":[{"embeddable":true,"href":"http:\/\/www.stjustdavray.fr\/V2\/wp-json\/wp\/v2\/comments?post=256"}],"version-history":[{"count":42,"href":"http:\/\/www.stjustdavray.fr\/V2\/wp-json\/wp\/v2\/pages\/256\/revisions"}],"predecessor-version":[{"id":6711,"href":"http:\/\/www.stjustdavray.fr\/V2\/wp-json\/wp\/v2\/pages\/256\/revisions\/6711"}],"up":[{"embeddable":true,"href":"http:\/\/www.stjustdavray.fr\/V2\/wp-json\/wp\/v2\/pages\/250"}],"wp:featuredmedia":[{"embeddable":true,"href":"http:\/\/www.stjustdavray.fr\/V2\/wp-json\/wp\/v2\/media\/5442"}],"wp:attachment":[{"href":"http:\/\/www.stjustdavray.fr\/V2\/wp-json\/wp\/v2\/media?parent=256"}],"curies":[{"name":"wp","href":"https:\/\/api.w.org\/{rel}","templated":true}]}}