{"id":270,"date":"2015-10-31T15:16:33","date_gmt":"2015-10-31T14:16:33","guid":{"rendered":"http:\/\/www.stjustdavray.fr\/V2\/?page_id=270"},"modified":"2025-05-10T15:19:05","modified_gmt":"2025-05-10T13:19:05","slug":"6-bibliotheque","status":"publish","type":"page","link":"http:\/\/www.stjustdavray.fr\/V2\/vie-communale\/1-les-associations\/6-bibliotheque\/","title":{"rendered":"Biblioth\u00e8que"},"content":{"rendered":"\n<p class=\"has-text-align-center has-large-font-size\"><strong>La biblioth\u00e8que ouvre ses portes le samedi matin de 10h00 \u00e0 12h00.<\/strong><\/p>\n\n\n\n<p class=\"has-medium-font-size\">Les b\u00e9n\u00e9voles vous recevront avec plaisir et prendront en compte vos suggestions. Les enfants sont accueillis tout au long de l\u2019ann\u00e9e scolaire pour le pr\u00eat de livres, mais nous invitons les parents \u00e0 accompagner leurs enfants en dehors de ces rencontres. Nous souhaitons aussi sensibiliser les parents d\u2019\u00e9l\u00e8ves afin que les livres, CD et livres avec CD emprunt\u00e9s par leurs enfants nous soient restitu\u00e9s entiers et en bon \u00e9tat car nous sommes oblig\u00e9s de rembourser la BDP pour les livres abim\u00e9s et les CD manquants. <\/p>\n\n\n\n<p class=\"has-medium-font-size\">Pour cette ann\u00e9e 2021, le programme des manifestations est affich\u00e9 \u00e0 la biblioth\u00e8que, sur Panneau Pocket et se fait en fonction des consignes sanitaires. Nous recherchons aussi des b\u00e9n\u00e9voles aupr\u00e8s d\u2019une \u00e9quipe sympathique et dynamique, n\u2019h\u00e9sitez pas \u00e0 nous contacter lors des permanences, merci d\u2019avance. <\/p>\n\n\n<div class=\"wp-block-image\">\n<figure class=\"aligncenter size-large is-resized\"><img decoding=\"async\" loading=\"lazy\" src=\"http:\/\/www.stjustdavray.fr\/V2\/wp-content\/uploads\/2021\/08\/logo-wifi.png\" alt=\"\" class=\"wp-image-5418\" width=\"228\" height=\"146\" srcset=\"http:\/\/www.stjustdavray.fr\/V2\/wp-content\/uploads\/2021\/08\/logo-wifi.png 1024w, http:\/\/www.stjustdavray.fr\/V2\/wp-content\/uploads\/2021\/08\/logo-wifi-300x192.png 300w, http:\/\/www.stjustdavray.fr\/V2\/wp-content\/uploads\/2021\/08\/logo-wifi-768x493.png 768w, http:\/\/www.stjustdavray.fr\/V2\/wp-content\/uploads\/2021\/08\/logo-wifi-938x602.png 938w\" sizes=\"(max-width: 228px) 100vw, 228px\" \/><figcaption class=\"wp-element-caption\"><strong><span class=\"has-inline-color has-luminous-vivid-orange-color\">Acc\u00e8s Wi-fi \u00e0 votre disposition!<\/span><\/strong><\/figcaption><\/figure><\/div>\n\n\n<p>N\u2019h\u00e9sitez pas \u00e0 entrer dans la biblioth\u00e8que, un lieu de culture, de partage et ouvert \u00e0 tous petits et grands&nbsp;!<\/p>\n\n\n\n<p class=\"has-text-align-center has-luminous-vivid-amber-background-color has-background has-huge-font-size\">La biblioth\u00e8que a besoin de vous!<\/p>\n\n\n\n<figure class=\"wp-block-image size-large is-resized\"><img decoding=\"async\" loading=\"lazy\" src=\"http:\/\/www.stjustdavray.fr\/V2\/wp-content\/uploads\/2021\/08\/flyer-bibli1.png\" alt=\"\" class=\"wp-image-5416\" width=\"710\" height=\"1006\" srcset=\"http:\/\/www.stjustdavray.fr\/V2\/wp-content\/uploads\/2021\/08\/flyer-bibli1.png 609w, http:\/\/www.stjustdavray.fr\/V2\/wp-content\/uploads\/2021\/08\/flyer-bibli1-211x300.png 211w, http:\/\/www.stjustdavray.fr\/V2\/wp-content\/uploads\/2021\/08\/flyer-bibli1-300x426.png 300w\" sizes=\"(max-width: 710px) 100vw, 710px\" \/><\/figure>\n\n\n\n<figure class=\"wp-block-image size-large is-resized\"><img decoding=\"async\" loading=\"lazy\" src=\"http:\/\/www.stjustdavray.fr\/V2\/wp-content\/uploads\/2021\/08\/flyer-bibli2.png\" alt=\"\" class=\"wp-image-5417\" width=\"716\" height=\"1005\" srcset=\"http:\/\/www.stjustdavray.fr\/V2\/wp-content\/uploads\/2021\/08\/flyer-bibli2.png 619w, http:\/\/www.stjustdavray.fr\/V2\/wp-content\/uploads\/2021\/08\/flyer-bibli2-214x300.png 214w, http:\/\/www.stjustdavray.fr\/V2\/wp-content\/uploads\/2021\/08\/flyer-bibli2-300x421.png 300w\" sizes=\"(max-width: 716px) 100vw, 716px\" \/><\/figure>\n","protected":false},"excerpt":{"rendered":"<p>La biblioth\u00e8que ouvre ses portes le samedi matin de 10h00 \u00e0 12h00. Les b\u00e9n\u00e9voles vous recevront avec plaisir et prendront en compte vos suggestions. Les enfants sont accueillis tout au long de l\u2019ann\u00e9e scolaire pour le pr\u00eat de livres, mais nous invitons les parents \u00e0 accompagner leurs enfants en dehors de ces rencontres. Nous souhaitons [&hellip;]<\/p>\n","protected":false},"author":1,"featured_media":1303,"parent":250,"menu_order":4,"comment_status":"open","ping_status":"open","template":"page-templates\/front-page.php","meta":{"_bbp_topic_count":0,"_bbp_reply_count":0,"_bbp_total_topic_count":0,"_bbp_total_reply_count":0,"_bbp_voice_count":0,"_bbp_anonymous_reply_count":0,"_bbp_topic_count_hidden":0,"_bbp_reply_count_hidden":0,"_bbp_forum_subforum_count":0},"_links":{"self":[{"href":"http:\/\/www.stjustdavray.fr\/V2\/wp-json\/wp\/v2\/pages\/270"}],"collection":[{"href":"http:\/\/www.stjustdavray.fr\/V2\/wp-json\/wp\/v2\/pages"}],"about":[{"href":"http:\/\/www.stjustdavray.fr\/V2\/wp-json\/wp\/v2\/types\/page"}],"author":[{"embeddable":true,"href":"http:\/\/www.stjustdavray.fr\/V2\/wp-json\/wp\/v2\/users\/1"}],"replies":[{"embeddable":true,"href":"http:\/\/www.stjustdavray.fr\/V2\/wp-json\/wp\/v2\/comments?post=270"}],"version-history":[{"count":32,"href":"http:\/\/www.stjustdavray.fr\/V2\/wp-json\/wp\/v2\/pages\/270\/revisions"}],"predecessor-version":[{"id":6610,"href":"http:\/\/www.stjustdavray.fr\/V2\/wp-json\/wp\/v2\/pages\/270\/revisions\/6610"}],"up":[{"embeddable":true,"href":"http:\/\/www.stjustdavray.fr\/V2\/wp-json\/wp\/v2\/pages\/250"}],"wp:featuredmedia":[{"embeddable":true,"href":"http:\/\/www.stjustdavray.fr\/V2\/wp-json\/wp\/v2\/media\/1303"}],"wp:attachment":[{"href":"http:\/\/www.stjustdavray.fr\/V2\/wp-json\/wp\/v2\/media?parent=270"}],"curies":[{"name":"wp","href":"https:\/\/api.w.org\/{rel}","templated":true}]}}