{"id":274,"date":"2015-10-31T15:19:13","date_gmt":"2015-10-31T14:19:13","guid":{"rendered":"http:\/\/www.stjustdavray.fr\/V2\/?page_id=274"},"modified":"2025-05-10T15:28:31","modified_gmt":"2025-05-10T13:28:31","slug":"7-ludophile","status":"publish","type":"page","link":"http:\/\/www.stjustdavray.fr\/V2\/vie-communale\/1-les-associations\/7-ludophile\/","title":{"rendered":"Ludophiles"},"content":{"rendered":"\n<p class=\"has-medium-font-size\">Le club des Ludophiles est un club de jeux de soci\u00e9t\u00e9 modernes.<\/p>\n\n\n\n<p class=\"has-medium-font-size\">Il se veut convivial avec le partage de jeux simples pour les d\u00e9butants et plus \u00e9labor\u00e9s pour les joueurs confirm\u00e9s.<\/p>\n\n\n<div class=\"wp-block-image\">\n<figure class=\"aligncenter size-large is-resized\"><img decoding=\"async\" loading=\"lazy\" src=\"http:\/\/www.stjustdavray.fr\/V2\/wp-content\/uploads\/2021\/08\/ludophiles.jpg\" alt=\"\" class=\"wp-image-5462\" width=\"700\" height=\"466\" srcset=\"http:\/\/www.stjustdavray.fr\/V2\/wp-content\/uploads\/2021\/08\/ludophiles.jpg 700w, http:\/\/www.stjustdavray.fr\/V2\/wp-content\/uploads\/2021\/08\/ludophiles-300x200.jpg 300w\" sizes=\"(max-width: 700px) 100vw, 700px\" \/><\/figure><\/div>\n\n\n<p class=\"has-medium-font-size\">Ce club s\u2019adresse aux personnes qui aiment \u00ab&nbsp;jouer&nbsp;\u00bb&nbsp; avec certes un peu de strat\u00e9gie mais sans \u00ab&nbsp;prise de t\u00eate&nbsp;\u00bb pour autant.<\/p>\n\n\n\n<p class=\"has-medium-font-size\">Avec ces jeux, vous voyagerez dans les nombreux univers et th\u00e8mes des jeux de soci\u00e9t\u00e9 modernes qui sont vastes et passionnants.<\/p>\n\n\n\n<p class=\"has-medium-font-size\">Ce club s\u2019adresse \u00e0 tous les enfants \u00e0 partir de 6 ans et \u00e0 tous les grands enfants sans limitation d\u2019\u00e2ge.<\/p>\n\n\n\n<p class=\"has-medium-font-size\"><strong>Pour participer, rien de plus simple, inscrivez-vous via Doodle \u00e0 l\u2019adresse suivante&nbsp;:<\/strong><\/p>\n\n\n\n<p class=\"has-text-align-center has-light-green-cyan-background-color has-background has-large-font-size\"><a href=\"https:\/\/doodle.com\/poll\/nnvipa94mpd2nmfr#table\">https:\/\/doodle.com\/poll\/nnvipa94mpd2nmfr#table<\/a><\/p>\n\n\n<h2 style=\"text-align: center;\">Contact: Ludovic Gimet<\/h2>\n<h2 style=\"text-align: center;\">T\u00e9l\u00e9phone : 06 70 04 43 67<\/h2>\n<h2 style=\"text-align: center;\">Email : lgimet@free.fr<\/h2>\n\n\n<p><\/p>\n","protected":false},"excerpt":{"rendered":"<p>Le club des Ludophiles est un club de jeux de soci\u00e9t\u00e9 modernes. Il se veut convivial avec le partage de jeux simples pour les d\u00e9butants et plus \u00e9labor\u00e9s pour les joueurs confirm\u00e9s. Ce club s\u2019adresse aux personnes qui aiment \u00ab&nbsp;jouer&nbsp;\u00bb&nbsp; avec certes un peu de strat\u00e9gie mais sans \u00ab&nbsp;prise de t\u00eate&nbsp;\u00bb pour autant. Avec ces [&hellip;]<\/p>\n","protected":false},"author":1,"featured_media":275,"parent":250,"menu_order":13,"comment_status":"open","ping_status":"open","template":"page-templates\/front-page.php","meta":{"_bbp_topic_count":0,"_bbp_reply_count":0,"_bbp_total_topic_count":0,"_bbp_total_reply_count":0,"_bbp_voice_count":0,"_bbp_anonymous_reply_count":0,"_bbp_topic_count_hidden":0,"_bbp_reply_count_hidden":0,"_bbp_forum_subforum_count":0},"_links":{"self":[{"href":"http:\/\/www.stjustdavray.fr\/V2\/wp-json\/wp\/v2\/pages\/274"}],"collection":[{"href":"http:\/\/www.stjustdavray.fr\/V2\/wp-json\/wp\/v2\/pages"}],"about":[{"href":"http:\/\/www.stjustdavray.fr\/V2\/wp-json\/wp\/v2\/types\/page"}],"author":[{"embeddable":true,"href":"http:\/\/www.stjustdavray.fr\/V2\/wp-json\/wp\/v2\/users\/1"}],"replies":[{"embeddable":true,"href":"http:\/\/www.stjustdavray.fr\/V2\/wp-json\/wp\/v2\/comments?post=274"}],"version-history":[{"count":25,"href":"http:\/\/www.stjustdavray.fr\/V2\/wp-json\/wp\/v2\/pages\/274\/revisions"}],"predecessor-version":[{"id":6624,"href":"http:\/\/www.stjustdavray.fr\/V2\/wp-json\/wp\/v2\/pages\/274\/revisions\/6624"}],"up":[{"embeddable":true,"href":"http:\/\/www.stjustdavray.fr\/V2\/wp-json\/wp\/v2\/pages\/250"}],"wp:featuredmedia":[{"embeddable":true,"href":"http:\/\/www.stjustdavray.fr\/V2\/wp-json\/wp\/v2\/media\/275"}],"wp:attachment":[{"href":"http:\/\/www.stjustdavray.fr\/V2\/wp-json\/wp\/v2\/media?parent=274"}],"curies":[{"name":"wp","href":"https:\/\/api.w.org\/{rel}","templated":true}]}}