{"id":282,"date":"2015-10-31T15:22:25","date_gmt":"2015-10-31T14:22:25","guid":{"rendered":"http:\/\/www.stjustdavray.fr\/V2\/?page_id=282"},"modified":"2025-05-10T15:23:05","modified_gmt":"2025-05-10T13:23:05","slug":"10-ecole-de-musique","status":"publish","type":"page","link":"http:\/\/www.stjustdavray.fr\/V2\/vie-communale\/1-les-associations\/10-ecole-de-musique\/","title":{"rendered":"\u00c9cole de Musique"},"content":{"rendered":"\n<h2 class=\"has-text-align-center has-vivid-green-cyan-color has-text-color\">Contact: Jean-Fran\u00e7ois LACROIX<br>t\u00e9l\u00e9phone : 04-74-71-50-99<\/h2>\n","protected":false},"excerpt":{"rendered":"<p>Contact: Jean-Fran\u00e7ois LACROIXt\u00e9l\u00e9phone : 04-74-71-50-99<\/p>\n","protected":false},"author":1,"featured_media":965,"parent":250,"menu_order":8,"comment_status":"open","ping_status":"open","template":"page-templates\/front-page.php","meta":{"_bbp_topic_count":0,"_bbp_reply_count":0,"_bbp_total_topic_count":0,"_bbp_total_reply_count":0,"_bbp_voice_count":0,"_bbp_anonymous_reply_count":0,"_bbp_topic_count_hidden":0,"_bbp_reply_count_hidden":0,"_bbp_forum_subforum_count":0},"_links":{"self":[{"href":"http:\/\/www.stjustdavray.fr\/V2\/wp-json\/wp\/v2\/pages\/282"}],"collection":[{"href":"http:\/\/www.stjustdavray.fr\/V2\/wp-json\/wp\/v2\/pages"}],"about":[{"href":"http:\/\/www.stjustdavray.fr\/V2\/wp-json\/wp\/v2\/types\/page"}],"author":[{"embeddable":true,"href":"http:\/\/www.stjustdavray.fr\/V2\/wp-json\/wp\/v2\/users\/1"}],"replies":[{"embeddable":true,"href":"http:\/\/www.stjustdavray.fr\/V2\/wp-json\/wp\/v2\/comments?post=282"}],"version-history":[{"count":15,"href":"http:\/\/www.stjustdavray.fr\/V2\/wp-json\/wp\/v2\/pages\/282\/revisions"}],"predecessor-version":[{"id":6615,"href":"http:\/\/www.stjustdavray.fr\/V2\/wp-json\/wp\/v2\/pages\/282\/revisions\/6615"}],"up":[{"embeddable":true,"href":"http:\/\/www.stjustdavray.fr\/V2\/wp-json\/wp\/v2\/pages\/250"}],"wp:featuredmedia":[{"embeddable":true,"href":"http:\/\/www.stjustdavray.fr\/V2\/wp-json\/wp\/v2\/media\/965"}],"wp:attachment":[{"href":"http:\/\/www.stjustdavray.fr\/V2\/wp-json\/wp\/v2\/media?parent=282"}],"curies":[{"name":"wp","href":"https:\/\/api.w.org\/{rel}","templated":true}]}}