{"id":309,"date":"2015-10-31T15:34:52","date_gmt":"2015-10-31T14:34:52","guid":{"rendered":"http:\/\/www.stjustdavray.fr\/V2\/?page_id=309"},"modified":"2025-05-10T15:17:00","modified_gmt":"2025-05-10T13:17:00","slug":"la-truite-de-st-just","status":"publish","type":"page","link":"http:\/\/www.stjustdavray.fr\/V2\/vie-communale\/1-les-associations\/la-truite-de-st-just\/","title":{"rendered":"AAPPMA"},"content":{"rendered":"\n<p class=\"has-text-align-center has-large-font-size\">Association Agr\u00e9\u00e9e pour la P\u00eache et la Protection du Milieu Aquatique de la Haute Azergues<\/p>\n\n\n\n<p class=\"has-text-align-center has-luminous-vivid-orange-background-color has-background has-large-font-size\"><strong>CONTACT: <\/strong><\/p>\n\n\n\n<p class=\"has-text-align-center has-luminous-vivid-orange-background-color has-background has-large-font-size\"><strong>Gr\u00e9gory COMPAGNON<\/strong><\/p>\n\n\n\n<p class=\"has-text-align-center has-large-font-size\">06 81 63 29 59<\/p>\n\n\n\n<p class=\"has-text-align-center has-pale-cyan-blue-background-color has-background has-large-font-size\"><a href=\"http:\/\/truitesazergues.wix.com\/azergues\" target=\"_blank\" rel=\"noreferrer noopener\">http:\/\/truitesazergues.wix.com\/azergues<\/a><\/p>\n","protected":false},"excerpt":{"rendered":"<p>Association Agr\u00e9\u00e9e pour la P\u00eache et la Protection du Milieu Aquatique de la Haute Azergues CONTACT: Gr\u00e9gory COMPAGNON 06 81 63 29 59 http:\/\/truitesazergues.wix.com\/azergues<\/p>\n","protected":false},"author":1,"featured_media":5454,"parent":250,"menu_order":2,"comment_status":"open","ping_status":"open","template":"page-templates\/front-page.php","meta":{"_bbp_topic_count":0,"_bbp_reply_count":0,"_bbp_total_topic_count":0,"_bbp_total_reply_count":0,"_bbp_voice_count":0,"_bbp_anonymous_reply_count":0,"_bbp_topic_count_hidden":0,"_bbp_reply_count_hidden":0,"_bbp_forum_subforum_count":0},"_links":{"self":[{"href":"http:\/\/www.stjustdavray.fr\/V2\/wp-json\/wp\/v2\/pages\/309"}],"collection":[{"href":"http:\/\/www.stjustdavray.fr\/V2\/wp-json\/wp\/v2\/pages"}],"about":[{"href":"http:\/\/www.stjustdavray.fr\/V2\/wp-json\/wp\/v2\/types\/page"}],"author":[{"embeddable":true,"href":"http:\/\/www.stjustdavray.fr\/V2\/wp-json\/wp\/v2\/users\/1"}],"replies":[{"embeddable":true,"href":"http:\/\/www.stjustdavray.fr\/V2\/wp-json\/wp\/v2\/comments?post=309"}],"version-history":[{"count":7,"href":"http:\/\/www.stjustdavray.fr\/V2\/wp-json\/wp\/v2\/pages\/309\/revisions"}],"predecessor-version":[{"id":6607,"href":"http:\/\/www.stjustdavray.fr\/V2\/wp-json\/wp\/v2\/pages\/309\/revisions\/6607"}],"up":[{"embeddable":true,"href":"http:\/\/www.stjustdavray.fr\/V2\/wp-json\/wp\/v2\/pages\/250"}],"wp:featuredmedia":[{"embeddable":true,"href":"http:\/\/www.stjustdavray.fr\/V2\/wp-json\/wp\/v2\/media\/5454"}],"wp:attachment":[{"href":"http:\/\/www.stjustdavray.fr\/V2\/wp-json\/wp\/v2\/media?parent=309"}],"curies":[{"name":"wp","href":"https:\/\/api.w.org\/{rel}","templated":true}]}}