{"id":320,"date":"2015-10-31T15:40:06","date_gmt":"2015-10-31T14:40:06","guid":{"rendered":"http:\/\/www.stjustdavray.fr\/V2\/?page_id=320"},"modified":"2025-05-10T15:17:53","modified_gmt":"2025-05-10T13:17:53","slug":"a-c-p-g-c-a-t-m","status":"publish","type":"page","link":"http:\/\/www.stjustdavray.fr\/V2\/vie-communale\/1-les-associations\/a-c-p-g-c-a-t-m\/","title":{"rendered":"A.C.P.G.-C.A.T.M."},"content":{"rendered":"<h2>Anciens Combattants et Prisonniers de Guerre&nbsp;<\/h2>\n<h2>Combattants Alg\u00e9rie Tunisie Maroc<\/h2>\n<h3 style=\"text-align: center;\">Contact: Andr\u00e9 Vignon<br>T\u00e9l\u00e9phone : 04-74-71-52-23<\/h3>\n\n<div class=\"wp-block-image\">\n<figure class=\"aligncenter size-large is-resized\"><img decoding=\"async\" loading=\"lazy\" src=\"http:\/\/www.stjustdavray.fr\/V2\/wp-content\/uploads\/2021\/08\/drapeau.jpg\" alt=\"\" class=\"wp-image-5409\" width=\"243\" height=\"137\" srcset=\"http:\/\/www.stjustdavray.fr\/V2\/wp-content\/uploads\/2021\/08\/drapeau.jpg 800w, http:\/\/www.stjustdavray.fr\/V2\/wp-content\/uploads\/2021\/08\/drapeau-300x169.jpg 300w, http:\/\/www.stjustdavray.fr\/V2\/wp-content\/uploads\/2021\/08\/drapeau-768x432.jpg 768w\" sizes=\"(max-width: 243px) 100vw, 243px\" \/><\/figure><\/div>","protected":false},"excerpt":{"rendered":"<p>Anciens Combattants et Prisonniers de Guerre&nbsp; Combattants Alg\u00e9rie Tunisie Maroc Contact: Andr\u00e9 VignonT\u00e9l\u00e9phone : 04-74-71-52-23<\/p>\n","protected":false},"author":1,"featured_media":5408,"parent":250,"menu_order":2,"comment_status":"open","ping_status":"open","template":"page-templates\/front-page.php","meta":{"_bbp_topic_count":0,"_bbp_reply_count":0,"_bbp_total_topic_count":0,"_bbp_total_reply_count":0,"_bbp_voice_count":0,"_bbp_anonymous_reply_count":0,"_bbp_topic_count_hidden":0,"_bbp_reply_count_hidden":0,"_bbp_forum_subforum_count":0},"_links":{"self":[{"href":"http:\/\/www.stjustdavray.fr\/V2\/wp-json\/wp\/v2\/pages\/320"}],"collection":[{"href":"http:\/\/www.stjustdavray.fr\/V2\/wp-json\/wp\/v2\/pages"}],"about":[{"href":"http:\/\/www.stjustdavray.fr\/V2\/wp-json\/wp\/v2\/types\/page"}],"author":[{"embeddable":true,"href":"http:\/\/www.stjustdavray.fr\/V2\/wp-json\/wp\/v2\/users\/1"}],"replies":[{"embeddable":true,"href":"http:\/\/www.stjustdavray.fr\/V2\/wp-json\/wp\/v2\/comments?post=320"}],"version-history":[{"count":4,"href":"http:\/\/www.stjustdavray.fr\/V2\/wp-json\/wp\/v2\/pages\/320\/revisions"}],"predecessor-version":[{"id":6608,"href":"http:\/\/www.stjustdavray.fr\/V2\/wp-json\/wp\/v2\/pages\/320\/revisions\/6608"}],"up":[{"embeddable":true,"href":"http:\/\/www.stjustdavray.fr\/V2\/wp-json\/wp\/v2\/pages\/250"}],"wp:featuredmedia":[{"embeddable":true,"href":"http:\/\/www.stjustdavray.fr\/V2\/wp-json\/wp\/v2\/media\/5408"}],"wp:attachment":[{"href":"http:\/\/www.stjustdavray.fr\/V2\/wp-json\/wp\/v2\/media?parent=320"}],"curies":[{"name":"wp","href":"https:\/\/api.w.org\/{rel}","templated":true}]}}