{"id":326,"date":"2015-10-31T15:46:41","date_gmt":"2015-10-31T14:46:41","guid":{"rendered":"http:\/\/www.stjustdavray.fr\/V2\/?page_id=326"},"modified":"2021-08-06T11:37:27","modified_gmt":"2021-08-06T09:37:27","slug":"3-ballades-et-randonnees","status":"publish","type":"page","link":"http:\/\/www.stjustdavray.fr\/V2\/notre-village\/3-ballades-et-randonnees\/","title":{"rendered":"Balades et Randonn\u00e9es"},"content":{"rendered":"<h1 class=\"Style2\">Se balader \u00e0 Saint Just d&rsquo;Avray&#8230;<\/h1>\n<h3>Cern\u00e9e de cr\u00eates et de monts, la commune propose \u00e0 ses visiteurs des promontoires aux vues imprenables sur le village et ses alentours.<\/h3>\n<h3>Deux randonn\u00e9es nous sont propos\u00e9es par le PDIPR :<\/h3>\n<h3><a title=\"La Croix des Fourches\" href=\"http:\/\/www.stjustdavray.fr\/V2\/?page_id=328\">La Croix des Fourches<\/a><\/h3>\n<h3><a title=\"L\u2019Equillon\" href=\"http:\/\/www.stjustdavray.fr\/V2\/?page_id=331\">L&rsquo;\u00e9quillon<\/a><\/h3>\n<h3>Trois randonn\u00e9es nous sont propos\u00e9es par le Comit\u00e9 des f\u00eates:<\/h3>\n<h3><a title=\"La Pierre Plant\u00e9e\" href=\"http:\/\/www.stjustdavray.fr\/V2\/?page_id=334\">La pierre Plant\u00e9e<\/a><\/h3>\n<h3><a title=\"Cr\u00eat des 4 Bornes\" href=\"http:\/\/www.stjustdavray.fr\/V2\/?page_id=338\">Cr\u00eat des 4 Bornes<\/a><\/h3>\n<h3><a href=\"http:\/\/www.stjustdavray.fr\/V2\/vie-communale\/3-ballades-et-randonnees\/cret-de-neiry\">Cr\u00eat de Neiry<\/a><\/h3>\n","protected":false},"excerpt":{"rendered":"<p>Se balader \u00e0 Saint Just d&rsquo;Avray&#8230; Cern\u00e9e de cr\u00eates et de monts, la commune propose \u00e0 ses visiteurs des promontoires aux vues imprenables sur le village et ses alentours. Deux randonn\u00e9es nous sont propos\u00e9es par le PDIPR : La Croix des Fourches L&rsquo;\u00e9quillon Trois randonn\u00e9es nous sont propos\u00e9es par le Comit\u00e9 des f\u00eates: La pierre [&hellip;]<\/p>\n","protected":false},"author":1,"featured_media":0,"parent":5596,"menu_order":1,"comment_status":"open","ping_status":"open","template":"page-templates\/front-page.php","meta":{"_bbp_topic_count":0,"_bbp_reply_count":0,"_bbp_total_topic_count":0,"_bbp_total_reply_count":0,"_bbp_voice_count":0,"_bbp_anonymous_reply_count":0,"_bbp_topic_count_hidden":0,"_bbp_reply_count_hidden":0,"_bbp_forum_subforum_count":0},"_links":{"self":[{"href":"http:\/\/www.stjustdavray.fr\/V2\/wp-json\/wp\/v2\/pages\/326"}],"collection":[{"href":"http:\/\/www.stjustdavray.fr\/V2\/wp-json\/wp\/v2\/pages"}],"about":[{"href":"http:\/\/www.stjustdavray.fr\/V2\/wp-json\/wp\/v2\/types\/page"}],"author":[{"embeddable":true,"href":"http:\/\/www.stjustdavray.fr\/V2\/wp-json\/wp\/v2\/users\/1"}],"replies":[{"embeddable":true,"href":"http:\/\/www.stjustdavray.fr\/V2\/wp-json\/wp\/v2\/comments?post=326"}],"version-history":[{"count":6,"href":"http:\/\/www.stjustdavray.fr\/V2\/wp-json\/wp\/v2\/pages\/326\/revisions"}],"predecessor-version":[{"id":5601,"href":"http:\/\/www.stjustdavray.fr\/V2\/wp-json\/wp\/v2\/pages\/326\/revisions\/5601"}],"up":[{"embeddable":true,"href":"http:\/\/www.stjustdavray.fr\/V2\/wp-json\/wp\/v2\/pages\/5596"}],"wp:attachment":[{"href":"http:\/\/www.stjustdavray.fr\/V2\/wp-json\/wp\/v2\/media?parent=326"}],"curies":[{"name":"wp","href":"https:\/\/api.w.org\/{rel}","templated":true}]}}