{"id":338,"date":"2015-10-31T15:52:31","date_gmt":"2015-10-31T14:52:31","guid":{"rendered":"http:\/\/www.stjustdavray.fr\/V2\/?page_id=338"},"modified":"2015-10-31T15:52:31","modified_gmt":"2015-10-31T14:52:31","slug":"cret-des-4-bornes","status":"publish","type":"page","link":"http:\/\/www.stjustdavray.fr\/V2\/notre-village\/3-ballades-et-randonnees\/cret-des-4-bornes\/","title":{"rendered":"Cr\u00eat des 4 Bornes"},"content":{"rendered":"<p><strong>Cr\u00eat des 4 Bornes <\/strong><strong>Balisage : \u00ab Amanite \u00bb<\/strong><strong> \u00a0\u00a0\u00a0\u00a0\u00a0<a href=\"http:\/\/www.stjustdavray.fr\/V2\/wp-content\/uploads\/2015\/10\/amanite_reduite.jpg\"><img decoding=\"async\" loading=\"lazy\" class=\"aligncenter size-full wp-image-339\" src=\"http:\/\/www.stjustdavray.fr\/V2\/wp-content\/uploads\/2015\/10\/amanite_reduite.jpg\" alt=\"amanite_reduite\" width=\"100\" height=\"100\" \/><\/a><\/strong><\/p>\n<p align=\"left\">\n<strong>Distance : 11 km <span class=\"oneColFixCtr\">\u00a0\u00a0\u00a0\u00a0\u00a0\u00a0\u00a0\u00a0\u00a0\u00a0\u00a0\u00a0\u00a0\u00a0\u00a0\u00a0 <\/span>D\u00e9nivel\u00e9 : 482m<\/strong><\/p>\n<p>Du parking partir sur la route d&rsquo;Amplepuis et prendre tout de suite la mont\u00e9e en direction du Calvaire. Passer \u00e0 cot\u00e9 du manoir d&rsquo;Avray puis monter par un chemin au milieu des bois jusqu&rsquo;\u00e0 la route ; admirer la vue sur le village et par beau temps sur la cha\u00eene des Alpes.<br \/>\nPoursuivre sur le goudron et rejoindre 50m plus loin le col de la Croix des Fourches (jonction avec le GR7 et la route du Chevreuil) ; suivre le GR sur 600m puis obliquer \u00e0 gauche avant de monter au cr\u00eat des 4 Bornes (point culminant de Saint Just : 898m).<br \/>\nRedescendre sur le versant Est pour retrouver apr\u00e8s le taillis le bon chemin qui m\u00e8ne au col de la Croix de l&rsquo;Orme. Traverser la route et prendre la direction de la Joanas puis monter sur la droite par le premier chemin, qui conduit \u00e0 une plate-forme o\u00f9 la vue embrasse l&rsquo;ensemble des hauteurs de Saint Just et de la Haute-Azergues.<br \/>\nRedescendre\u00a0 ensuite face\u00a0 au\u00a0 village jusqu&rsquo;au Billet et au ruisseau en contrebas puis 2 solutions :<\/p>\n<ol>\n<li>remonter\u00a0\u00a0 au\u00a0\u00a0 dessous\u00a0\u00a0\u00a0 du\u00a0\u00a0\u00a0 ch\u00e2teau\u00a0\u00a0\u00a0 de\u00a0\u00a0\u00a0 la Valsonni\u00e8re (mont\u00e9e assez dure) puis traverser la route et monter vers le village .<\/li>\n<li>tourner \u00e0 gauche et passer par la Croix du N\u00e9anne (plus facile).<\/li>\n<\/ol>\n<p><a href=\"http:\/\/www.stjustdavray.fr\/V2\/wp-content\/uploads\/2015\/10\/lesquatrebornes.jpg\"><img decoding=\"async\" loading=\"lazy\" class=\"aligncenter size-medium wp-image-340\" src=\"http:\/\/www.stjustdavray.fr\/V2\/wp-content\/uploads\/2015\/10\/lesquatrebornes-270x300.jpg\" alt=\"lesquatrebornes\" width=\"270\" height=\"300\" srcset=\"http:\/\/www.stjustdavray.fr\/V2\/wp-content\/uploads\/2015\/10\/lesquatrebornes-270x300.jpg 270w, http:\/\/www.stjustdavray.fr\/V2\/wp-content\/uploads\/2015\/10\/lesquatrebornes-300x334.jpg 300w, http:\/\/www.stjustdavray.fr\/V2\/wp-content\/uploads\/2015\/10\/lesquatrebornes.jpg 750w\" sizes=\"(max-width: 270px) 100vw, 270px\" \/><\/a><\/p>\n","protected":false},"excerpt":{"rendered":"<p>Cr\u00eat des 4 Bornes Balisage : \u00ab Amanite \u00bb \u00a0\u00a0\u00a0\u00a0\u00a0 Distance : 11 km \u00a0\u00a0\u00a0\u00a0\u00a0\u00a0\u00a0\u00a0\u00a0\u00a0\u00a0\u00a0\u00a0\u00a0\u00a0\u00a0 D\u00e9nivel\u00e9 : 482m Du parking partir sur la route d&rsquo;Amplepuis et prendre tout de suite la mont\u00e9e en direction du Calvaire. Passer \u00e0 cot\u00e9 du manoir d&rsquo;Avray puis monter par un chemin au milieu des bois jusqu&rsquo;\u00e0 la route ; [&hellip;]<\/p>\n","protected":false},"author":1,"featured_media":0,"parent":326,"menu_order":0,"comment_status":"open","ping_status":"open","template":"","meta":{"_bbp_topic_count":0,"_bbp_reply_count":0,"_bbp_total_topic_count":0,"_bbp_total_reply_count":0,"_bbp_voice_count":0,"_bbp_anonymous_reply_count":0,"_bbp_topic_count_hidden":0,"_bbp_reply_count_hidden":0,"_bbp_forum_subforum_count":0},"_links":{"self":[{"href":"http:\/\/www.stjustdavray.fr\/V2\/wp-json\/wp\/v2\/pages\/338"}],"collection":[{"href":"http:\/\/www.stjustdavray.fr\/V2\/wp-json\/wp\/v2\/pages"}],"about":[{"href":"http:\/\/www.stjustdavray.fr\/V2\/wp-json\/wp\/v2\/types\/page"}],"author":[{"embeddable":true,"href":"http:\/\/www.stjustdavray.fr\/V2\/wp-json\/wp\/v2\/users\/1"}],"replies":[{"embeddable":true,"href":"http:\/\/www.stjustdavray.fr\/V2\/wp-json\/wp\/v2\/comments?post=338"}],"version-history":[{"count":1,"href":"http:\/\/www.stjustdavray.fr\/V2\/wp-json\/wp\/v2\/pages\/338\/revisions"}],"predecessor-version":[{"id":341,"href":"http:\/\/www.stjustdavray.fr\/V2\/wp-json\/wp\/v2\/pages\/338\/revisions\/341"}],"up":[{"embeddable":true,"href":"http:\/\/www.stjustdavray.fr\/V2\/wp-json\/wp\/v2\/pages\/326"}],"wp:attachment":[{"href":"http:\/\/www.stjustdavray.fr\/V2\/wp-json\/wp\/v2\/media?parent=338"}],"curies":[{"name":"wp","href":"https:\/\/api.w.org\/{rel}","templated":true}]}}