{"id":342,"date":"2015-10-31T15:53:44","date_gmt":"2015-10-31T14:53:44","guid":{"rendered":"http:\/\/www.stjustdavray.fr\/V2\/?page_id=342"},"modified":"2015-10-31T15:53:44","modified_gmt":"2015-10-31T14:53:44","slug":"cret-de-neiry","status":"publish","type":"page","link":"http:\/\/www.stjustdavray.fr\/V2\/notre-village\/3-ballades-et-randonnees\/cret-de-neiry\/","title":{"rendered":"Cr\u00eat de Neiry"},"content":{"rendered":"<p align=\"left\"><strong>Cr\u00eat de Neiry Balisage : \u00ab Chanterelle \u00bb<\/strong>\u00a0\u00a0\u00a0\u00a0\u00a0<a href=\"http:\/\/www.stjustdavray.fr\/V2\/wp-content\/uploads\/2015\/10\/chanterelle_reduite.jpg\"><img decoding=\"async\" loading=\"lazy\" class=\"aligncenter size-full wp-image-343\" src=\"http:\/\/www.stjustdavray.fr\/V2\/wp-content\/uploads\/2015\/10\/chanterelle_reduite.jpg\" alt=\"chanterelle_reduite\" width=\"125\" height=\"125\" \/><\/a><br \/>\n<strong>Distance : 8 km <span class=\"oneColFixCtr\">\u00a0\u00a0\u00a0\u00a0\u00a0\u00a0\u00a0\u00a0\u00a0\u00a0\u00a0\u00a0\u00a0\u00a0\u00a0\u00a0 <\/span>D\u00e9nivel\u00e9 : 380m<\/strong><\/p>\n<p class=\"Style4\">Du panneau d&rsquo;information remonter le parking en direction de l&rsquo;Eglise ; prendre le chemin qui plonge sur la gauche et descendre jusqu&rsquo;au bas du village, puis jusqu&rsquo;au stade. Observer le confluent des deux ruisseaux, formant une rivi\u00e8re qui se jette dans l&rsquo;Azergues.<br \/>\n200m plus loin prendre la Vieille Route puis le chemin des Eversins (la mont\u00e9e est ardue) on aper\u00e7oit parfois le village de Chambost-Alli\u00e8res \u00e0 travers les arbres avant de rejoindre les Roches Fayettes.<br \/>\nPoursuivre au sommet du cr\u00eat de N\u00e9ry (713m) puis redescendre sur la droite ; vous passerez alors vers le \u00ab fauteuil du Pape \u00bb o\u00f9 la vue est magnifique (village et ligne de cr\u00eate). Continuer pour finir une boucle et emprunter \u00e0 l&rsquo;envers l&rsquo;itin\u00e9raire de mont\u00e9e avant de descendre sur la gauche par la \u00ab Voie Romaine \u00bb.<br \/>\nEn arrivant vers un pyl\u00f4ne de ligne \u00e9lectrique continuer sur le plat en d\u00e9couvrant le village puis descendre \u00e0 droite par un sentier qui arrive au Billet.<\/p>\n<p class=\"Style4\">Continuer jusqu&rsquo;au ruisseau puis deux solutions :<\/p>\n<ol class=\"Style4\">\n<li>remonter \u00e0 gauche par la Croix du N\u00e9anne et le goudron (facile).<\/li>\n<li>suivre tout droit pour remonter sous le ch\u00e2teau de la Valsonni\u00e8re (mont\u00e9e plus dure) puis vers le village<\/li>\n<\/ol>\n<p><a href=\"http:\/\/www.stjustdavray.fr\/V2\/wp-content\/uploads\/2015\/10\/cret_de_neiry.jpg\"><img decoding=\"async\" loading=\"lazy\" class=\"aligncenter size-medium wp-image-344\" src=\"http:\/\/www.stjustdavray.fr\/V2\/wp-content\/uploads\/2015\/10\/cret_de_neiry-300x211.jpg\" alt=\"cret_de_neiry\" width=\"300\" height=\"211\" srcset=\"http:\/\/www.stjustdavray.fr\/V2\/wp-content\/uploads\/2015\/10\/cret_de_neiry-300x211.jpg 300w, http:\/\/www.stjustdavray.fr\/V2\/wp-content\/uploads\/2015\/10\/cret_de_neiry.jpg 750w\" sizes=\"(max-width: 300px) 100vw, 300px\" \/><\/a><\/p>\n","protected":false},"excerpt":{"rendered":"<p>Cr\u00eat de Neiry Balisage : \u00ab Chanterelle \u00bb\u00a0\u00a0\u00a0\u00a0\u00a0 Distance : 8 km \u00a0\u00a0\u00a0\u00a0\u00a0\u00a0\u00a0\u00a0\u00a0\u00a0\u00a0\u00a0\u00a0\u00a0\u00a0\u00a0 D\u00e9nivel\u00e9 : 380m Du panneau d&rsquo;information remonter le parking en direction de l&rsquo;Eglise ; prendre le chemin qui plonge sur la gauche et descendre jusqu&rsquo;au bas du village, puis jusqu&rsquo;au stade. Observer le confluent des deux ruisseaux, formant une rivi\u00e8re qui se [&hellip;]<\/p>\n","protected":false},"author":1,"featured_media":0,"parent":326,"menu_order":0,"comment_status":"open","ping_status":"open","template":"page-templates\/front-page.php","meta":{"_bbp_topic_count":0,"_bbp_reply_count":0,"_bbp_total_topic_count":0,"_bbp_total_reply_count":0,"_bbp_voice_count":0,"_bbp_anonymous_reply_count":0,"_bbp_topic_count_hidden":0,"_bbp_reply_count_hidden":0,"_bbp_forum_subforum_count":0},"_links":{"self":[{"href":"http:\/\/www.stjustdavray.fr\/V2\/wp-json\/wp\/v2\/pages\/342"}],"collection":[{"href":"http:\/\/www.stjustdavray.fr\/V2\/wp-json\/wp\/v2\/pages"}],"about":[{"href":"http:\/\/www.stjustdavray.fr\/V2\/wp-json\/wp\/v2\/types\/page"}],"author":[{"embeddable":true,"href":"http:\/\/www.stjustdavray.fr\/V2\/wp-json\/wp\/v2\/users\/1"}],"replies":[{"embeddable":true,"href":"http:\/\/www.stjustdavray.fr\/V2\/wp-json\/wp\/v2\/comments?post=342"}],"version-history":[{"count":1,"href":"http:\/\/www.stjustdavray.fr\/V2\/wp-json\/wp\/v2\/pages\/342\/revisions"}],"predecessor-version":[{"id":345,"href":"http:\/\/www.stjustdavray.fr\/V2\/wp-json\/wp\/v2\/pages\/342\/revisions\/345"}],"up":[{"embeddable":true,"href":"http:\/\/www.stjustdavray.fr\/V2\/wp-json\/wp\/v2\/pages\/326"}],"wp:attachment":[{"href":"http:\/\/www.stjustdavray.fr\/V2\/wp-json\/wp\/v2\/media?parent=342"}],"curies":[{"name":"wp","href":"https:\/\/api.w.org\/{rel}","templated":true}]}}