{"id":348,"date":"2015-10-31T16:02:47","date_gmt":"2015-10-31T15:02:47","guid":{"rendered":"http:\/\/www.stjustdavray.fr\/V2\/?page_id=348"},"modified":"2021-08-06T11:39:43","modified_gmt":"2021-08-06T09:39:43","slug":"3-hameaux","status":"publish","type":"page","link":"http:\/\/www.stjustdavray.fr\/V2\/notre-village\/3-hameaux\/","title":{"rendered":"Hameaux"},"content":{"rendered":"<h2 style=\"text-align: center;\"><a title=\"Avray\" href=\"http:\/\/www.stjustdavray.fr\/V2\/?page_id=356\">Avray<\/a><br \/>\n<a title=\"Bellevue\" href=\"http:\/\/www.stjustdavray.fr\/V2\/?page_id=361\">Bellevue<\/a><br \/>\n<a title=\"Champagne\" href=\"http:\/\/www.stjustdavray.fr\/V2\/?page_id=366\">Champagne<\/a><br \/>\n<a title=\"Charmacot\" href=\"http:\/\/www.stjustdavray.fr\/V2\/?page_id=369\">Charmacot<\/a><br \/>\n<a title=\"Conbagelon\" href=\"http:\/\/www.stjustdavray.fr\/V2\/?page_id=374\">Combagelon<\/a><br \/>\n<a title=\"Combardeux\" href=\"http:\/\/www.stjustdavray.fr\/V2\/?page_id=377\">Combardeux<\/a><br \/>\n<a title=\"Girondan\" href=\"http:\/\/www.stjustdavray.fr\/V2\/?page_id=382\">Girondan<\/a><br \/>\n<a title=\"La Chenas\" href=\"http:\/\/www.stjustdavray.fr\/V2\/?page_id=385\">La Chenas<\/a><br \/>\n<a title=\"La Fouillouse\" href=\"http:\/\/www.stjustdavray.fr\/V2\/?page_id=388\">La Fouillouse<\/a><br \/>\n<a title=\"La Goutte\" href=\"http:\/\/www.stjustdavray.fr\/V2\/?page_id=391\">La Goutte<\/a><br \/>\n<a title=\"La Joanas\" href=\"http:\/\/www.stjustdavray.fr\/V2\/?page_id=394\">La Joanas<\/a><br \/>\n<a title=\"La Rivi\u00e8re\" href=\"http:\/\/www.stjustdavray.fr\/V2\/?page_id=399\">La Rivi\u00e8re<\/a><br \/>\n<a title=\"La Talabarde\" href=\"http:\/\/www.stjustdavray.fr\/V2\/?page_id=403\">La Talabarde<\/a><br \/>\n<a href=\"http:\/\/www.stjustdavray.fr\/V2\/vie-communale\/3-hameaux\/la-ternose\">La Ternose<\/a><br \/>\n<a href=\"http:\/\/www.stjustdavray.fr\/V2\/vie-communale\/3-hameaux\/la-terrasse\">La Terrasse<\/a><br \/>\n<a href=\"http:\/\/www.stjustdavray.fr\/V2\/vie-communale\/3-hameaux\/la-valsonniere\">La Valsonni\u00e8re<\/a><br \/>\n<a href=\"http:\/\/www.stjustdavray.fr\/V2\/vie-communale\/3-hameaux\/la-vielle-route\">La Vieille Route<\/a><br \/>\n<a href=\"http:\/\/www.stjustdavray.fr\/V2\/vie-communale\/3-hameaux\/laloy\">Laloy<\/a><br \/>\n<a href=\"http:\/\/www.stjustdavray.fr\/V2\/vie-communale\/3-hameaux\/le-brement\">Le Br\u00e9ment<\/a><br \/>\n<a href=\"http:\/\/www.stjustdavray.fr\/V2\/vie-communale\/3-hameaux\/le-billet\">Le Billet<\/a><br \/>\n<a href=\"http:\/\/www.stjustdavray.fr\/V2\/vie-communale\/3-hameaux\/le-calvaire\">Le Calvaire<\/a><br \/>\n<a href=\"http:\/\/www.stjustdavray.fr\/V2\/vie-communale\/3-hameaux\/le-chaleux\">Le Chaleux<\/a><br \/>\n<a href=\"http:\/\/www.stjustdavray.fr\/V2\/vie-communale\/3-hameaux\/le-chateau\">Le Chateau<\/a><br \/>\n<a href=\"http:\/\/www.stjustdavray.fr\/V2\/vie-communale\/3-hameaux\/le-chatelard\">Le Chatelard<\/a><br \/>\n<a href=\"http:\/\/www.stjustdavray.fr\/V2\/vie-communale\/3-hameaux\/le-chavet\">Le Chavet<\/a><br \/>\n<a href=\"http:\/\/www.stjustdavray.fr\/V2\/vie-communale\/3-hameaux\/le-clement\">Le Clement<\/a><br \/>\n<a href=\"http:\/\/www.stjustdavray.fr\/V2\/vie-communale\/3-hameaux\/le-creux\">Le Creux<\/a><br \/>\n<a href=\"http:\/\/www.stjustdavray.fr\/V2\/vie-communale\/3-hameaux\/le-gacin\">Le Gacin<\/a><br \/>\n<a href=\"http:\/\/www.stjustdavray.fr\/V2\/vie-communale\/3-hameaux\/le-jacquet\">Le Jacquet<\/a><br \/>\n<a href=\"http:\/\/www.stjustdavray.fr\/V2\/vie-communale\/3-hameaux\/le-mas\">Le Mas<\/a><br \/>\n<a href=\"http:\/\/www.stjustdavray.fr\/V2\/vie-communale\/3-hameaux\/le-petit-moulin\">Le Petit Moulin<\/a><br \/>\n<a href=\"http:\/\/www.stjustdavray.fr\/V2\/vie-communale\/3-hameaux\/le-merle\">Le Merle<\/a><br \/>\n<a href=\"http:\/\/www.stjustdavray.fr\/V2\/vie-communale\/3-hameaux\/le-neanne\">Le N\u00e9anne<\/a><br \/>\n<a href=\"http:\/\/www.stjustdavray.fr\/V2\/vie-communale\/3-hameaux\/le-penin\">Le Penin<\/a><br \/>\n<a href=\"http:\/\/www.stjustdavray.fr\/V2\/vie-communale\/3-hameaux\/le-perret\">Le Perret<\/a><br \/>\n<a href=\"http:\/\/www.stjustdavray.fr\/V2\/vie-communale\/3-hameaux\/le-perroux\">Le Perroux<\/a><br \/>\n<a href=\"http:\/\/www.stjustdavray.fr\/V2\/vie-communale\/3-hameaux\/le-portier\">Le Portier<\/a><br \/>\n<a href=\"http:\/\/www.stjustdavray.fr\/V2\/vie-communale\/3-hameaux\/le-poteau\">Le Poteau<\/a><br \/>\n<a href=\"http:\/\/www.stjustdavray.fr\/V2\/vie-communale\/3-hameaux\/le-profut\">Le Profut<\/a><br \/>\n<a href=\"http:\/\/www.stjustdavray.fr\/V2\/vie-communale\/3-hameaux\/le-proton\">Le Proton<\/a><br \/>\n<a href=\"http:\/\/www.stjustdavray.fr\/V2\/vie-communale\/3-hameaux\/les-bois\">Les Bois<\/a><br \/>\n<a href=\"http:\/\/www.stjustdavray.fr\/V2\/vie-communale\/3-hameaux\/les-mesanges\">Les M\u00e9sanges<\/a><br \/>\n<a href=\"http:\/\/www.stjustdavray.fr\/V2\/vie-communale\/3-hameaux\/les-pins\">Les Pins<\/a><br \/>\n<a href=\"http:\/\/www.stjustdavray.fr\/V2\/vie-communale\/3-hameaux\/les-roches\">Les Roches<\/a><br \/>\n<a href=\"http:\/\/www.stjustdavray.fr\/V2\/vie-communale\/3-hameaux\/les-salles\">Les Salles<\/a><br \/>\n<a href=\"http:\/\/www.stjustdavray.fr\/V2\/vie-communale\/3-hameaux\/les-terres\">Les Terres<\/a><br \/>\n<a href=\"http:\/\/www.stjustdavray.fr\/V2\/vie-communale\/3-hameaux\/les-toisons\">Les Toisons<\/a><br \/>\n<a href=\"http:\/\/www.stjustdavray.fr\/V2\/vie-communale\/3-hameaux\/le-vanel\">Le Vanel<\/a><br \/>\n<a href=\"http:\/\/www.stjustdavray.fr\/V2\/vie-communale\/3-hameaux\/longeval\">Longeval<\/a><br \/>\n<a href=\"http:\/\/www.stjustdavray.fr\/V2\/vie-communale\/3-hameaux\/montchevron\">Montchevron<\/a><br \/>\n<a href=\"http:\/\/www.stjustdavray.fr\/V2\/vie-communale\/3-hameaux\/narbonne\">Narbonne<\/a><br \/>\n<a href=\"http:\/\/www.stjustdavray.fr\/V2\/vie-communale\/3-hameaux\/neiry\">Neiry<\/a><br \/>\n<a href=\"http:\/\/www.stjustdavray.fr\/V2\/vie-communale\/3-hameaux\/pied-villard\">Pied Villard<\/a><br \/>\n<a href=\"http:\/\/www.stjustdavray.fr\/V2\/vie-communale\/3-hameaux\/pierre-plantee\">Pierre Plant\u00e9e<\/a><br \/>\n<a href=\"http:\/\/www.stjustdavray.fr\/V2\/vie-communale\/3-hameaux\/saint-maurice\">Saint Maurice<\/a><br \/>\n<a href=\"http:\/\/www.stjustdavray.fr\/V2\/vie-communale\/3-hameaux\/voie-drue\">Voie Drue<\/a><\/h2>\n","protected":false},"excerpt":{"rendered":"<p>Avray Bellevue Champagne Charmacot Combagelon Combardeux Girondan La Chenas La Fouillouse La Goutte La Joanas La Rivi\u00e8re La Talabarde La Ternose La Terrasse La Valsonni\u00e8re La Vieille Route Laloy Le Br\u00e9ment Le Billet Le Calvaire Le Chaleux Le Chateau Le Chatelard Le Chavet Le Clement Le Creux Le Gacin Le Jacquet Le Mas Le Petit [&hellip;]<\/p>\n","protected":false},"author":1,"featured_media":0,"parent":5596,"menu_order":3,"comment_status":"open","ping_status":"open","template":"page-templates\/front-page.php","meta":{"_bbp_topic_count":0,"_bbp_reply_count":0,"_bbp_total_topic_count":0,"_bbp_total_reply_count":0,"_bbp_voice_count":0,"_bbp_anonymous_reply_count":0,"_bbp_topic_count_hidden":0,"_bbp_reply_count_hidden":0,"_bbp_forum_subforum_count":0},"_links":{"self":[{"href":"http:\/\/www.stjustdavray.fr\/V2\/wp-json\/wp\/v2\/pages\/348"}],"collection":[{"href":"http:\/\/www.stjustdavray.fr\/V2\/wp-json\/wp\/v2\/pages"}],"about":[{"href":"http:\/\/www.stjustdavray.fr\/V2\/wp-json\/wp\/v2\/types\/page"}],"author":[{"embeddable":true,"href":"http:\/\/www.stjustdavray.fr\/V2\/wp-json\/wp\/v2\/users\/1"}],"replies":[{"embeddable":true,"href":"http:\/\/www.stjustdavray.fr\/V2\/wp-json\/wp\/v2\/comments?post=348"}],"version-history":[{"count":11,"href":"http:\/\/www.stjustdavray.fr\/V2\/wp-json\/wp\/v2\/pages\/348\/revisions"}],"predecessor-version":[{"id":736,"href":"http:\/\/www.stjustdavray.fr\/V2\/wp-json\/wp\/v2\/pages\/348\/revisions\/736"}],"up":[{"embeddable":true,"href":"http:\/\/www.stjustdavray.fr\/V2\/wp-json\/wp\/v2\/pages\/5596"}],"wp:attachment":[{"href":"http:\/\/www.stjustdavray.fr\/V2\/wp-json\/wp\/v2\/media?parent=348"}],"curies":[{"name":"wp","href":"https:\/\/api.w.org\/{rel}","templated":true}]}}