{"id":5500,"date":"2021-08-06T09:37:46","date_gmt":"2021-08-06T07:37:46","guid":{"rendered":"http:\/\/www.stjustdavray.fr\/V2\/?page_id=5500"},"modified":"2025-07-12T17:10:56","modified_gmt":"2025-07-12T15:10:56","slug":"batiment","status":"publish","type":"page","link":"http:\/\/www.stjustdavray.fr\/V2\/economie\/commercants-artisans-entrepreneurs\/batiment\/","title":{"rendered":"B\u00e2timent"},"content":{"rendered":"\n<figure class=\"wp-block-image size-large is-resized\"><img decoding=\"async\" loading=\"lazy\" src=\"http:\/\/www.stjustdavray.fr\/V2\/wp-content\/uploads\/2016\/02\/CORGIER-RUIVARD.png\" alt=\"\" class=\"wp-image-1668\" width=\"664\" height=\"442\" srcset=\"http:\/\/www.stjustdavray.fr\/V2\/wp-content\/uploads\/2016\/02\/CORGIER-RUIVARD.png 323w, http:\/\/www.stjustdavray.fr\/V2\/wp-content\/uploads\/2016\/02\/CORGIER-RUIVARD-300x200.png 300w\" sizes=\"(max-width: 664px) 100vw, 664px\" \/><\/figure>\n\n\n\n<hr class=\"wp-block-separator has-css-opacity\"\/>\n\n\n\n<figure class=\"wp-block-image size-large is-resized\"><img decoding=\"async\" loading=\"lazy\" src=\"http:\/\/www.stjustdavray.fr\/V2\/wp-content\/uploads\/2016\/02\/FLUIDELEC.jpg\" alt=\"\" class=\"wp-image-1675\" width=\"752\" height=\"410\" srcset=\"http:\/\/www.stjustdavray.fr\/V2\/wp-content\/uploads\/2016\/02\/FLUIDELEC.jpg 394w, http:\/\/www.stjustdavray.fr\/V2\/wp-content\/uploads\/2016\/02\/FLUIDELEC-300x164.jpg 300w\" sizes=\"(max-width: 752px) 100vw, 752px\" \/><\/figure>\n\n\n\n<hr class=\"wp-block-separator has-css-opacity\"\/>\n\n\n\n<hr class=\"wp-block-separator has-css-opacity\"\/>\n\n\n\n<figure class=\"wp-block-image size-full is-resized\"><a href=\"http:\/\/www.stjustdavray.fr\/V2\/wp-content\/uploads\/2023\/10\/SARL-ETIENNE.png\"><img decoding=\"async\" loading=\"lazy\" src=\"http:\/\/www.stjustdavray.fr\/V2\/wp-content\/uploads\/2023\/10\/SARL-ETIENNE.png\" alt=\"\" class=\"wp-image-6182\" width=\"803\" height=\"507\" srcset=\"http:\/\/www.stjustdavray.fr\/V2\/wp-content\/uploads\/2023\/10\/SARL-ETIENNE.png 548w, http:\/\/www.stjustdavray.fr\/V2\/wp-content\/uploads\/2023\/10\/SARL-ETIENNE-300x189.png 300w\" sizes=\"(max-width: 803px) 100vw, 803px\" \/><\/a><\/figure>\n\n\n\n<p class=\"has-text-align-center\"><strong>MATTHIEU<\/strong> <strong>ARTISAN<\/strong><\/p>\n\n\n\n<p class=\"has-text-align-center\"><strong>Chauffagiste \u00e9nergie bois, remises en conformit\u00e9 conduit de fum\u00e9e, expertises<\/strong><\/p>\n\n\n\n<p class=\"has-text-align-center\">345 Chemin du cr\u00eat de Nery<\/p>\n\n\n\n<p class=\"has-text-align-center\">Matthieu&nbsp;<strong>et Marion<\/strong>&nbsp;Hadi &#8211; 04 78 47 06 62<\/p>\n\n\n\n<p class=\"has-text-align-center\"><a href=\"mailto:contact@matthieu-artisan.fr\" target=\"_blank\" rel=\"noreferrer noopener\">contact@matthieu-artisan.fr<\/a><\/p>\n\n\n\n<p class=\"has-text-align-center\"><strong><a href=\"http:\/\/www.matthieu-artisan.fr\">www.matthieu-artisan.fr<\/a><\/strong><\/p>\n\n\n\n<hr class=\"wp-block-separator has-css-opacity\"\/>\n\n\n\n<hr class=\"wp-block-separator has-css-opacity\"\/>\n\n\n\n<figure class=\"wp-block-image size-large is-resized\"><img decoding=\"async\" loading=\"lazy\" src=\"http:\/\/www.stjustdavray.fr\/V2\/wp-content\/uploads\/2016\/02\/EGVA.png\" alt=\"\" class=\"wp-image-1672\" width=\"790\" height=\"487\" srcset=\"http:\/\/www.stjustdavray.fr\/V2\/wp-content\/uploads\/2016\/02\/EGVA.png 371w, http:\/\/www.stjustdavray.fr\/V2\/wp-content\/uploads\/2016\/02\/EGVA-300x185.png 300w\" sizes=\"(max-width: 790px) 100vw, 790px\" \/><\/figure>\n\n\n<div class=\"wp-block-image\">\n<figure class=\"aligncenter size-full is-resized\"><a href=\"http:\/\/www.stjustdavray.fr\/V2\/wp-content\/uploads\/2023\/03\/legger-jean-luc-menuisier-1.jpg\"><img decoding=\"async\" loading=\"lazy\" src=\"http:\/\/www.stjustdavray.fr\/V2\/wp-content\/uploads\/2023\/03\/legger-jean-luc-menuisier-1.jpg\" alt=\"\" class=\"wp-image-6058\" width=\"609\" height=\"292\" srcset=\"http:\/\/www.stjustdavray.fr\/V2\/wp-content\/uploads\/2023\/03\/legger-jean-luc-menuisier-1.jpg 317w, http:\/\/www.stjustdavray.fr\/V2\/wp-content\/uploads\/2023\/03\/legger-jean-luc-menuisier-1-300x144.jpg 300w\" sizes=\"(max-width: 609px) 100vw, 609px\" \/><\/a><\/figure><\/div>\n\n\n<figure class=\"wp-block-image size-full is-resized\"><a href=\"http:\/\/www.stjustdavray.fr\/V2\/wp-content\/uploads\/2023\/10\/flyer-coups-de-main-de-Charmacot.png\"><img decoding=\"async\" loading=\"lazy\" src=\"http:\/\/www.stjustdavray.fr\/V2\/wp-content\/uploads\/2023\/10\/flyer-coups-de-main-de-Charmacot.png\" alt=\"\" class=\"wp-image-6178\" width=\"809\" height=\"1137\" srcset=\"http:\/\/www.stjustdavray.fr\/V2\/wp-content\/uploads\/2023\/10\/flyer-coups-de-main-de-Charmacot.png 696w, http:\/\/www.stjustdavray.fr\/V2\/wp-content\/uploads\/2023\/10\/flyer-coups-de-main-de-Charmacot-213x300.png 213w, http:\/\/www.stjustdavray.fr\/V2\/wp-content\/uploads\/2023\/10\/flyer-coups-de-main-de-Charmacot-300x422.png 300w\" sizes=\"(max-width: 809px) 100vw, 809px\" \/><\/a><\/figure>\n\n\n\n<figure class=\"wp-block-image size-large\"><a href=\"http:\/\/www.stjustdavray.fr\/V2\/wp-content\/uploads\/2025\/07\/recto_c2btp_renovation.png\"><img decoding=\"async\" loading=\"lazy\" width=\"1024\" height=\"675\" src=\"http:\/\/www.stjustdavray.fr\/V2\/wp-content\/uploads\/2025\/07\/recto_c2btp_renovation-1024x675.png\" alt=\"\" class=\"wp-image-6668\" srcset=\"http:\/\/www.stjustdavray.fr\/V2\/wp-content\/uploads\/2025\/07\/recto_c2btp_renovation-1024x675.png 1024w, http:\/\/www.stjustdavray.fr\/V2\/wp-content\/uploads\/2025\/07\/recto_c2btp_renovation-300x198.png 300w, http:\/\/www.stjustdavray.fr\/V2\/wp-content\/uploads\/2025\/07\/recto_c2btp_renovation-768x506.png 768w, http:\/\/www.stjustdavray.fr\/V2\/wp-content\/uploads\/2025\/07\/recto_c2btp_renovation-938x618.png 938w, http:\/\/www.stjustdavray.fr\/V2\/wp-content\/uploads\/2025\/07\/recto_c2btp_renovation.png 1039w\" sizes=\"(max-width: 1024px) 100vw, 1024px\" \/><\/a><\/figure>\n\n\n<div class=\"wp-block-image\">\n<figure class=\"aligncenter size-large\"><a href=\"http:\/\/www.stjustdavray.fr\/V2\/wp-content\/uploads\/2025\/07\/verso_c2btp_renovation.png\"><img decoding=\"async\" loading=\"lazy\" width=\"1024\" height=\"675\" src=\"http:\/\/www.stjustdavray.fr\/V2\/wp-content\/uploads\/2025\/07\/verso_c2btp_renovation-1024x675.png\" alt=\"\" class=\"wp-image-6669\" srcset=\"http:\/\/www.stjustdavray.fr\/V2\/wp-content\/uploads\/2025\/07\/verso_c2btp_renovation-1024x675.png 1024w, http:\/\/www.stjustdavray.fr\/V2\/wp-content\/uploads\/2025\/07\/verso_c2btp_renovation-300x198.png 300w, http:\/\/www.stjustdavray.fr\/V2\/wp-content\/uploads\/2025\/07\/verso_c2btp_renovation-768x506.png 768w, http:\/\/www.stjustdavray.fr\/V2\/wp-content\/uploads\/2025\/07\/verso_c2btp_renovation-938x618.png 938w, http:\/\/www.stjustdavray.fr\/V2\/wp-content\/uploads\/2025\/07\/verso_c2btp_renovation.png 1039w\" sizes=\"(max-width: 1024px) 100vw, 1024px\" \/><\/a><figcaption class=\"wp-element-caption\"><strong>Site web: https:\/\/www.c2btp-renovation.com\/<\/strong><\/figcaption><\/figure><\/div>","protected":false},"excerpt":{"rendered":"<p>MATTHIEU ARTISAN Chauffagiste \u00e9nergie bois, remises en conformit\u00e9 conduit de fum\u00e9e, expertises 345 Chemin du cr\u00eat de Nery Matthieu&nbsp;et Marion&nbsp;Hadi &#8211; 04 78 47 06 62 contact@matthieu-artisan.fr www.matthieu-artisan.fr<\/p>\n","protected":false},"author":1,"featured_media":5501,"parent":859,"menu_order":4,"comment_status":"closed","ping_status":"closed","template":"page-templates\/front-page.php","meta":{"_bbp_topic_count":0,"_bbp_reply_count":0,"_bbp_total_topic_count":0,"_bbp_total_reply_count":0,"_bbp_voice_count":0,"_bbp_anonymous_reply_count":0,"_bbp_topic_count_hidden":0,"_bbp_reply_count_hidden":0,"_bbp_forum_subforum_count":0},"_links":{"self":[{"href":"http:\/\/www.stjustdavray.fr\/V2\/wp-json\/wp\/v2\/pages\/5500"}],"collection":[{"href":"http:\/\/www.stjustdavray.fr\/V2\/wp-json\/wp\/v2\/pages"}],"about":[{"href":"http:\/\/www.stjustdavray.fr\/V2\/wp-json\/wp\/v2\/types\/page"}],"author":[{"embeddable":true,"href":"http:\/\/www.stjustdavray.fr\/V2\/wp-json\/wp\/v2\/users\/1"}],"replies":[{"embeddable":true,"href":"http:\/\/www.stjustdavray.fr\/V2\/wp-json\/wp\/v2\/comments?post=5500"}],"version-history":[{"count":15,"href":"http:\/\/www.stjustdavray.fr\/V2\/wp-json\/wp\/v2\/pages\/5500\/revisions"}],"predecessor-version":[{"id":6671,"href":"http:\/\/www.stjustdavray.fr\/V2\/wp-json\/wp\/v2\/pages\/5500\/revisions\/6671"}],"up":[{"embeddable":true,"href":"http:\/\/www.stjustdavray.fr\/V2\/wp-json\/wp\/v2\/pages\/859"}],"wp:featuredmedia":[{"embeddable":true,"href":"http:\/\/www.stjustdavray.fr\/V2\/wp-json\/wp\/v2\/media\/5501"}],"wp:attachment":[{"href":"http:\/\/www.stjustdavray.fr\/V2\/wp-json\/wp\/v2\/media?parent=5500"}],"curies":[{"name":"wp","href":"https:\/\/api.w.org\/{rel}","templated":true}]}}