{"id":5522,"date":"2021-08-06T09:54:17","date_gmt":"2021-08-06T07:54:17","guid":{"rendered":"http:\/\/www.stjustdavray.fr\/V2\/?page_id=5522"},"modified":"2021-08-06T11:18:52","modified_gmt":"2021-08-06T09:18:52","slug":"producteurs-locaux","status":"publish","type":"page","link":"http:\/\/www.stjustdavray.fr\/V2\/economie\/commercants-artisans-entrepreneurs\/producteurs-locaux\/","title":{"rendered":"Producteurs locaux"},"content":{"rendered":"\n<figure class=\"wp-block-image size-large is-resized\"><img decoding=\"async\" loading=\"lazy\" src=\"http:\/\/www.stjustdavray.fr\/V2\/wp-content\/uploads\/2021\/08\/LAVRAY-CHOUETTE.png\" alt=\"\" class=\"wp-image-5567\" width=\"690\" height=\"444\" srcset=\"http:\/\/www.stjustdavray.fr\/V2\/wp-content\/uploads\/2021\/08\/LAVRAY-CHOUETTE.png 460w, http:\/\/www.stjustdavray.fr\/V2\/wp-content\/uploads\/2021\/08\/LAVRAY-CHOUETTE-300x193.png 300w\" sizes=\"(max-width: 690px) 100vw, 690px\" \/><\/figure>\n\n\n\n<hr class=\"wp-block-separator\"\/>\n\n\n\n<figure class=\"wp-block-image size-large is-resized\"><img decoding=\"async\" loading=\"lazy\" src=\"http:\/\/www.stjustdavray.fr\/V2\/wp-content\/uploads\/2021\/08\/EARL-BOUCHINET.jpg\" alt=\"\" class=\"wp-image-5568\" width=\"696\" height=\"454\" srcset=\"http:\/\/www.stjustdavray.fr\/V2\/wp-content\/uploads\/2021\/08\/EARL-BOUCHINET.jpg 636w, http:\/\/www.stjustdavray.fr\/V2\/wp-content\/uploads\/2021\/08\/EARL-BOUCHINET-300x196.jpg 300w\" sizes=\"(max-width: 696px) 100vw, 696px\" \/><\/figure>\n\n\n\n<hr class=\"wp-block-separator\"\/>\n\n\n\n<figure class=\"wp-block-image size-large is-resized\"><img decoding=\"async\" loading=\"lazy\" src=\"http:\/\/www.stjustdavray.fr\/V2\/wp-content\/uploads\/2021\/08\/GAEC-DE-LA-PRAIRIE.jpg\" alt=\"\" class=\"wp-image-5570\" width=\"718\" height=\"473\" srcset=\"http:\/\/www.stjustdavray.fr\/V2\/wp-content\/uploads\/2021\/08\/GAEC-DE-LA-PRAIRIE.jpg 1005w, http:\/\/www.stjustdavray.fr\/V2\/wp-content\/uploads\/2021\/08\/GAEC-DE-LA-PRAIRIE-300x198.jpg 300w, http:\/\/www.stjustdavray.fr\/V2\/wp-content\/uploads\/2021\/08\/GAEC-DE-LA-PRAIRIE-768x507.jpg 768w, http:\/\/www.stjustdavray.fr\/V2\/wp-content\/uploads\/2021\/08\/GAEC-DE-LA-PRAIRIE-938x619.jpg 938w\" sizes=\"(max-width: 718px) 100vw, 718px\" \/><\/figure>\n\n\n\n<hr class=\"wp-block-separator\"\/>\n\n\n\n<figure class=\"wp-block-image size-large is-resized\"><img decoding=\"async\" loading=\"lazy\" src=\"http:\/\/www.stjustdavray.fr\/V2\/wp-content\/uploads\/2021\/08\/GAEC-DU-VANEL.jpg\" alt=\"\" class=\"wp-image-5571\" width=\"724\" height=\"503\" srcset=\"http:\/\/www.stjustdavray.fr\/V2\/wp-content\/uploads\/2021\/08\/GAEC-DU-VANEL.jpg 604w, http:\/\/www.stjustdavray.fr\/V2\/wp-content\/uploads\/2021\/08\/GAEC-DU-VANEL-300x209.jpg 300w\" sizes=\"(max-width: 724px) 100vw, 724px\" \/><\/figure>\n\n\n\n<hr class=\"wp-block-separator\"\/>\n\n\n\n<figure class=\"wp-block-image size-large is-resized\"><img decoding=\"async\" loading=\"lazy\" src=\"http:\/\/www.stjustdavray.fr\/V2\/wp-content\/uploads\/2020\/07\/carte-f\u00e9\u00e9-gout-th\u00e9.png\" alt=\"\" class=\"wp-image-4785\" width=\"726\" height=\"450\" srcset=\"http:\/\/www.stjustdavray.fr\/V2\/wp-content\/uploads\/2020\/07\/carte-f\u00e9\u00e9-gout-th\u00e9.png 529w, http:\/\/www.stjustdavray.fr\/V2\/wp-content\/uploads\/2020\/07\/carte-f\u00e9\u00e9-gout-th\u00e9-300x186.png 300w\" sizes=\"(max-width: 726px) 100vw, 726px\" \/><\/figure>\n","protected":false},"excerpt":{"rendered":"","protected":false},"author":1,"featured_media":5523,"parent":859,"menu_order":10,"comment_status":"closed","ping_status":"closed","template":"page-templates\/front-page.php","meta":{"_bbp_topic_count":0,"_bbp_reply_count":0,"_bbp_total_topic_count":0,"_bbp_total_reply_count":0,"_bbp_voice_count":0,"_bbp_anonymous_reply_count":0,"_bbp_topic_count_hidden":0,"_bbp_reply_count_hidden":0,"_bbp_forum_subforum_count":0},"_links":{"self":[{"href":"http:\/\/www.stjustdavray.fr\/V2\/wp-json\/wp\/v2\/pages\/5522"}],"collection":[{"href":"http:\/\/www.stjustdavray.fr\/V2\/wp-json\/wp\/v2\/pages"}],"about":[{"href":"http:\/\/www.stjustdavray.fr\/V2\/wp-json\/wp\/v2\/types\/page"}],"author":[{"embeddable":true,"href":"http:\/\/www.stjustdavray.fr\/V2\/wp-json\/wp\/v2\/users\/1"}],"replies":[{"embeddable":true,"href":"http:\/\/www.stjustdavray.fr\/V2\/wp-json\/wp\/v2\/comments?post=5522"}],"version-history":[{"count":3,"href":"http:\/\/www.stjustdavray.fr\/V2\/wp-json\/wp\/v2\/pages\/5522\/revisions"}],"predecessor-version":[{"id":5573,"href":"http:\/\/www.stjustdavray.fr\/V2\/wp-json\/wp\/v2\/pages\/5522\/revisions\/5573"}],"up":[{"embeddable":true,"href":"http:\/\/www.stjustdavray.fr\/V2\/wp-json\/wp\/v2\/pages\/859"}],"wp:featuredmedia":[{"embeddable":true,"href":"http:\/\/www.stjustdavray.fr\/V2\/wp-json\/wp\/v2\/media\/5523"}],"wp:attachment":[{"href":"http:\/\/www.stjustdavray.fr\/V2\/wp-json\/wp\/v2\/media?parent=5522"}],"curies":[{"name":"wp","href":"https:\/\/api.w.org\/{rel}","templated":true}]}}