{"id":6006,"date":"2023-01-14T08:52:10","date_gmt":"2023-01-14T07:52:10","guid":{"rendered":"http:\/\/www.stjustdavray.fr\/V2\/?page_id=6006"},"modified":"2025-01-09T20:18:12","modified_gmt":"2025-01-09T19:18:12","slug":"proces-verbaux-deliberations-2023","status":"publish","type":"page","link":"http:\/\/www.stjustdavray.fr\/V2\/page-d-exemple\/compte-rendu-de-conseils\/proces-verbaux-deliberations-2023\/","title":{"rendered":"Proc\u00e8s Verbaux 2023"},"content":{"rendered":"\n<p><\/p>\n\n\n\n<p class=\"has-text-align-center has-vivid-purple-color has-text-color has-medium-font-size\"><strong>Proc\u00e8s-Verbal du conseil municipal du 24 janvier 2023<\/strong><\/p>\n\n\n\n<div class=\"wp-block-file\"><object class=\"wp-block-file__embed\" data=\"http:\/\/www.stjustdavray.fr\/V2\/wp-content\/uploads\/2023\/03\/PV-CM-24-01-2023.pdf\" type=\"application\/pdf\" style=\"width:100%;height:600px\" aria-label=\"Contenu embarqu\u00e9 PV-CM-24-01-2023.\"><\/object><a id=\"wp-block-file--media-c821dc45-4784-43d4-b868-e61c9f01caa7\" href=\"http:\/\/www.stjustdavray.fr\/V2\/wp-content\/uploads\/2023\/03\/PV-CM-24-01-2023.pdf\">PV-CM-24-01-2023<\/a><a href=\"http:\/\/www.stjustdavray.fr\/V2\/wp-content\/uploads\/2023\/03\/PV-CM-24-01-2023.pdf\" class=\"wp-block-file__button wp-element-button\" download aria-describedby=\"wp-block-file--media-c821dc45-4784-43d4-b868-e61c9f01caa7\">T\u00e9l\u00e9charger<\/a><\/div>\n\n\n\n<p class=\"has-text-align-center has-vivid-purple-color has-text-color has-medium-font-size\"><\/p>\n\n\n\n<p class=\"has-text-align-center\"><strong>Proc\u00e8s-Verbal du conseil municipal du 7 mars 2023<\/strong><\/p>\n\n\n\n<div class=\"wp-block-file\"><object class=\"wp-block-file__embed\" data=\"http:\/\/www.stjustdavray.fr\/V2\/wp-content\/uploads\/2023\/04\/PV-CM-07-03-2023-1.pdf\" type=\"application\/pdf\" style=\"width:100%;height:600px\" aria-label=\"Contenu embarqu\u00e9 PV-CM-07-03-2023-1.\"><\/object><a id=\"wp-block-file--media-7bc190c9-9541-47ef-8414-a25c68b62f6d\" href=\"http:\/\/www.stjustdavray.fr\/V2\/wp-content\/uploads\/2023\/04\/PV-CM-07-03-2023-1.pdf\">PV-CM-07-03-2023-1<\/a><a href=\"http:\/\/www.stjustdavray.fr\/V2\/wp-content\/uploads\/2023\/04\/PV-CM-07-03-2023-1.pdf\" class=\"wp-block-file__button wp-element-button\" download aria-describedby=\"wp-block-file--media-7bc190c9-9541-47ef-8414-a25c68b62f6d\">T\u00e9l\u00e9charger<\/a><\/div>\n\n\n\n<p class=\"has-text-align-center\"><strong>Proc\u00e8s-Verbal du conseil municipal du 4 avril 2023<\/strong><\/p>\n\n\n\n<div class=\"wp-block-file\"><object class=\"wp-block-file__embed\" data=\"http:\/\/www.stjustdavray.fr\/V2\/wp-content\/uploads\/2023\/05\/PV-CM-04-04-2023-1.pdf\" type=\"application\/pdf\" style=\"width:100%;height:600px\" aria-label=\"Contenu embarqu\u00e9 PV-CM-04-04-2023-1.\"><\/object><a id=\"wp-block-file--media-332d3bf1-65d8-4d25-94d0-cd389973a557\" href=\"http:\/\/www.stjustdavray.fr\/V2\/wp-content\/uploads\/2023\/05\/PV-CM-04-04-2023-1.pdf\">PV-CM-04-04-2023-1<\/a><a href=\"http:\/\/www.stjustdavray.fr\/V2\/wp-content\/uploads\/2023\/05\/PV-CM-04-04-2023-1.pdf\" class=\"wp-block-file__button wp-element-button\" download aria-describedby=\"wp-block-file--media-332d3bf1-65d8-4d25-94d0-cd389973a557\">T\u00e9l\u00e9charger<\/a><\/div>\n\n\n\n<p class=\"has-text-align-center\"><strong>Proc\u00e8s-Verbal du conseil municipal du 4 mai 2023<\/strong><\/p>\n\n\n\n<div class=\"wp-block-file\"><object class=\"wp-block-file__embed\" data=\"http:\/\/www.stjustdavray.fr\/V2\/wp-content\/uploads\/2023\/06\/PV-CM-04-05-2023.pdf\" type=\"application\/pdf\" style=\"width:100%;height:600px\" aria-label=\"Contenu embarqu\u00e9 PV-CM-04-05-2023.\"><\/object><a id=\"wp-block-file--media-adf26f56-c559-4046-a24b-942c087e38cc\" href=\"http:\/\/www.stjustdavray.fr\/V2\/wp-content\/uploads\/2023\/06\/PV-CM-04-05-2023.pdf\">PV-CM-04-05-2023<\/a><a href=\"http:\/\/www.stjustdavray.fr\/V2\/wp-content\/uploads\/2023\/06\/PV-CM-04-05-2023.pdf\" class=\"wp-block-file__button wp-element-button\" download aria-describedby=\"wp-block-file--media-adf26f56-c559-4046-a24b-942c087e38cc\">T\u00e9l\u00e9charger<\/a><\/div>\n\n\n\n<p class=\"has-text-align-center\"><strong>Proc\u00e8s-Verbal du conseil municipal du 31 mai 2023<\/strong><\/p>\n\n\n\n<div class=\"wp-block-file\"><object class=\"wp-block-file__embed\" data=\"http:\/\/www.stjustdavray.fr\/V2\/wp-content\/uploads\/2023\/07\/PV-CM-31-05-2023-1.pdf\" type=\"application\/pdf\" style=\"width:100%;height:600px\" aria-label=\"Contenu embarqu\u00e9 PV-CM-31-05-2023-1.\"><\/object><a id=\"wp-block-file--media-9d511347-40f9-4eed-ac8f-17375b2d65a9\" href=\"http:\/\/www.stjustdavray.fr\/V2\/wp-content\/uploads\/2023\/07\/PV-CM-31-05-2023-1.pdf\">PV-CM-31-05-2023-1<\/a><a href=\"http:\/\/www.stjustdavray.fr\/V2\/wp-content\/uploads\/2023\/07\/PV-CM-31-05-2023-1.pdf\" class=\"wp-block-file__button wp-element-button\" download aria-describedby=\"wp-block-file--media-9d511347-40f9-4eed-ac8f-17375b2d65a9\">T\u00e9l\u00e9charger<\/a><\/div>\n\n\n\n<p class=\"has-text-align-center\"><strong>Proc\u00e8s-Verbal du conseil municipal du 27 juin 2023<\/strong><\/p>\n\n\n\n<div class=\"wp-block-file\"><object class=\"wp-block-file__embed\" data=\"http:\/\/www.stjustdavray.fr\/V2\/wp-content\/uploads\/2024\/04\/PV-CM-27-06-2023.pdf\" type=\"application\/pdf\" style=\"width:100%;height:600px\" aria-label=\"Contenu embarqu\u00e9 PV-CM-27-06-2023.\"><\/object><a id=\"wp-block-file--media-f0b1f8e0-c580-47b0-8371-11a5b2612a54\" href=\"http:\/\/www.stjustdavray.fr\/V2\/wp-content\/uploads\/2024\/04\/PV-CM-27-06-2023.pdf\">PV-CM-27-06-2023<\/a><a href=\"http:\/\/www.stjustdavray.fr\/V2\/wp-content\/uploads\/2024\/04\/PV-CM-27-06-2023.pdf\" class=\"wp-block-file__button wp-element-button\" download aria-describedby=\"wp-block-file--media-f0b1f8e0-c580-47b0-8371-11a5b2612a54\">T\u00e9l\u00e9charger<\/a><\/div>\n\n\n\n<p class=\"has-text-align-center\"><strong>Proc\u00e8s-Verbal du conseil municipal du 29 ao\u00fbt 2023<\/strong><\/p>\n\n\n\n<div class=\"wp-block-file\"><object class=\"wp-block-file__embed\" data=\"http:\/\/www.stjustdavray.fr\/V2\/wp-content\/uploads\/2024\/04\/PV-CM-29-08-2023.pdf\" type=\"application\/pdf\" style=\"width:100%;height:600px\" aria-label=\"Contenu embarqu\u00e9 PV-CM-29-08-2023.\"><\/object><a id=\"wp-block-file--media-62bc8113-687c-4fa4-a3a9-c9280e126938\" href=\"http:\/\/www.stjustdavray.fr\/V2\/wp-content\/uploads\/2024\/04\/PV-CM-29-08-2023.pdf\">PV-CM-29-08-2023<\/a><a href=\"http:\/\/www.stjustdavray.fr\/V2\/wp-content\/uploads\/2024\/04\/PV-CM-29-08-2023.pdf\" class=\"wp-block-file__button wp-element-button\" download aria-describedby=\"wp-block-file--media-62bc8113-687c-4fa4-a3a9-c9280e126938\">T\u00e9l\u00e9charger<\/a><\/div>\n\n\n\n<p class=\"has-text-align-center\"><strong>Proc\u00e8s-Verbal du conseil municipal du 17 octobre 2023<\/strong><\/p>\n\n\n\n<div class=\"wp-block-file\"><object class=\"wp-block-file__embed\" data=\"http:\/\/www.stjustdavray.fr\/V2\/wp-content\/uploads\/2024\/04\/Proces-verbal-CM-17-10-2023.pdf\" type=\"application\/pdf\" style=\"width:100%;height:600px\" aria-label=\"Contenu embarqu\u00e9 Proces-verbal-CM-17-10-2023.\"><\/object><a id=\"wp-block-file--media-526eba89-c4c6-496b-b4c5-4607f04eb2f2\" href=\"http:\/\/www.stjustdavray.fr\/V2\/wp-content\/uploads\/2024\/04\/Proces-verbal-CM-17-10-2023.pdf\">Proces-verbal-CM-17-10-2023<\/a><a href=\"http:\/\/www.stjustdavray.fr\/V2\/wp-content\/uploads\/2024\/04\/Proces-verbal-CM-17-10-2023.pdf\" class=\"wp-block-file__button wp-element-button\" download aria-describedby=\"wp-block-file--media-526eba89-c4c6-496b-b4c5-4607f04eb2f2\">T\u00e9l\u00e9charger<\/a><\/div>\n\n\n\n<p class=\"has-text-align-center\"><strong>Proc\u00e8s-Verbal du conseil municipal du 28 novembre 2023<\/strong><\/p>\n\n\n\n<div class=\"wp-block-file\"><object class=\"wp-block-file__embed\" data=\"http:\/\/www.stjustdavray.fr\/V2\/wp-content\/uploads\/2024\/04\/PV-CM-28-11-2023.pdf\" type=\"application\/pdf\" style=\"width:100%;height:600px\" aria-label=\"Contenu embarqu\u00e9 PV-CM-28-11-2023.\"><\/object><a id=\"wp-block-file--media-f666cf90-a511-42a4-a428-fad6889a20f0\" href=\"http:\/\/www.stjustdavray.fr\/V2\/wp-content\/uploads\/2024\/04\/PV-CM-28-11-2023.pdf\">PV-CM-28-11-2023<\/a><a href=\"http:\/\/www.stjustdavray.fr\/V2\/wp-content\/uploads\/2024\/04\/PV-CM-28-11-2023.pdf\" class=\"wp-block-file__button wp-element-button\" download aria-describedby=\"wp-block-file--media-f666cf90-a511-42a4-a428-fad6889a20f0\">T\u00e9l\u00e9charger<\/a><\/div>\n","protected":false},"excerpt":{"rendered":"<p>Proc\u00e8s-Verbal du conseil municipal du 24 janvier 2023 Proc\u00e8s-Verbal du conseil municipal du 7 mars 2023 Proc\u00e8s-Verbal du conseil municipal du 4 avril 2023 Proc\u00e8s-Verbal du conseil municipal du 4 mai 2023 Proc\u00e8s-Verbal du conseil municipal du 31 mai 2023 Proc\u00e8s-Verbal du conseil municipal du 27 juin 2023 Proc\u00e8s-Verbal du conseil municipal du 29 ao\u00fbt [&hellip;]<\/p>\n","protected":false},"author":1,"featured_media":0,"parent":1082,"menu_order":8,"comment_status":"closed","ping_status":"closed","template":"","meta":{"_bbp_topic_count":0,"_bbp_reply_count":0,"_bbp_total_topic_count":0,"_bbp_total_reply_count":0,"_bbp_voice_count":0,"_bbp_anonymous_reply_count":0,"_bbp_topic_count_hidden":0,"_bbp_reply_count_hidden":0,"_bbp_forum_subforum_count":0},"_links":{"self":[{"href":"http:\/\/www.stjustdavray.fr\/V2\/wp-json\/wp\/v2\/pages\/6006"}],"collection":[{"href":"http:\/\/www.stjustdavray.fr\/V2\/wp-json\/wp\/v2\/pages"}],"about":[{"href":"http:\/\/www.stjustdavray.fr\/V2\/wp-json\/wp\/v2\/types\/page"}],"author":[{"embeddable":true,"href":"http:\/\/www.stjustdavray.fr\/V2\/wp-json\/wp\/v2\/users\/1"}],"replies":[{"embeddable":true,"href":"http:\/\/www.stjustdavray.fr\/V2\/wp-json\/wp\/v2\/comments?post=6006"}],"version-history":[{"count":11,"href":"http:\/\/www.stjustdavray.fr\/V2\/wp-json\/wp\/v2\/pages\/6006\/revisions"}],"predecessor-version":[{"id":6274,"href":"http:\/\/www.stjustdavray.fr\/V2\/wp-json\/wp\/v2\/pages\/6006\/revisions\/6274"}],"up":[{"embeddable":true,"href":"http:\/\/www.stjustdavray.fr\/V2\/wp-json\/wp\/v2\/pages\/1082"}],"wp:attachment":[{"href":"http:\/\/www.stjustdavray.fr\/V2\/wp-json\/wp\/v2\/media?parent=6006"}],"curies":[{"name":"wp","href":"https:\/\/api.w.org\/{rel}","templated":true}]}}