{"id":6275,"date":"2024-04-16T16:51:04","date_gmt":"2024-04-16T14:51:04","guid":{"rendered":"http:\/\/www.stjustdavray.fr\/V2\/?page_id=6275"},"modified":"2025-01-09T20:16:54","modified_gmt":"2025-01-09T19:16:54","slug":"proces-verbaux-2024","status":"publish","type":"page","link":"http:\/\/www.stjustdavray.fr\/V2\/page-d-exemple\/compte-rendu-de-conseils\/proces-verbaux-2024\/","title":{"rendered":"Proc\u00e8s-verbaux 2024"},"content":{"rendered":"\n<p class=\"has-text-align-center\"><strong>Proc\u00e8s-Verbal du conseil municipal du 9 janvier 2024<\/strong><\/p>\n\n\n\n<div class=\"wp-block-file\"><a id=\"wp-block-file--media-80977b12-d683-4943-8a3e-953ad21cff7c\" href=\"http:\/\/www.stjustdavray.fr\/V2\/wp-content\/uploads\/2024\/04\/PV-CM-09-01-2024.pdf\">PV-CM-09-01-2024<\/a><a href=\"http:\/\/www.stjustdavray.fr\/V2\/wp-content\/uploads\/2024\/04\/PV-CM-09-01-2024.pdf\" class=\"wp-block-file__button wp-element-button\" download aria-describedby=\"wp-block-file--media-80977b12-d683-4943-8a3e-953ad21cff7c\">T\u00e9l\u00e9charger<\/a><\/div>\n\n\n\n<p class=\"has-text-align-center\"><strong>Proc\u00e8s-Verbal du conseil municipal du 20 f\u00e9vrier 2024<\/strong><\/p>\n\n\n\n<div class=\"wp-block-file\"><a id=\"wp-block-file--media-6a0e2789-1f11-4818-aabb-3765c9a03f94\" href=\"http:\/\/www.stjustdavray.fr\/V2\/wp-content\/uploads\/2024\/04\/PV-CM-20-02-2024-1.pdf\">PV-CM-20-02-2024-1<\/a><a href=\"http:\/\/www.stjustdavray.fr\/V2\/wp-content\/uploads\/2024\/04\/PV-CM-20-02-2024-1.pdf\" class=\"wp-block-file__button wp-element-button\" download aria-describedby=\"wp-block-file--media-6a0e2789-1f11-4818-aabb-3765c9a03f94\">T\u00e9l\u00e9charger<\/a><\/div>\n\n\n\n<p class=\"has-text-align-center\"><strong>Proc\u00e8s-Verbal du conseil municipal du 19 mars 2024<\/strong><\/p>\n\n\n\n<div class=\"wp-block-file\"><a id=\"wp-block-file--media-c49383f3-7990-417d-aa81-3d7813ea6143\" href=\"http:\/\/www.stjustdavray.fr\/V2\/wp-content\/uploads\/2024\/04\/PV-CM-19-03-2024-1.pdf\">PV-CM-19-03-2024-1<\/a><a href=\"http:\/\/www.stjustdavray.fr\/V2\/wp-content\/uploads\/2024\/04\/PV-CM-19-03-2024-1.pdf\" class=\"wp-block-file__button wp-element-button\" download aria-describedby=\"wp-block-file--media-c49383f3-7990-417d-aa81-3d7813ea6143\">T\u00e9l\u00e9charger<\/a><\/div>\n\n\n\n<p class=\"has-text-align-center\"><strong>Proc\u00e8s-Verbal du conseil municipal du 9 avril 2024<\/strong><\/p>\n\n\n\n<div class=\"wp-block-file\"><a id=\"wp-block-file--media-c04652bc-9e78-40c3-b529-6da89860ac15\" href=\"http:\/\/www.stjustdavray.fr\/V2\/wp-content\/uploads\/2024\/10\/PV-CM-09-04-2024.pdf\">PV-CM-09-04-2024<\/a><a href=\"http:\/\/www.stjustdavray.fr\/V2\/wp-content\/uploads\/2024\/10\/PV-CM-09-04-2024.pdf\" class=\"wp-block-file__button wp-element-button\" download aria-describedby=\"wp-block-file--media-c04652bc-9e78-40c3-b529-6da89860ac15\">T\u00e9l\u00e9charger<\/a><\/div>\n\n\n\n<p class=\"has-text-align-center\"><strong>Proc\u00e8s-Verbal du conseil municipal du 25 juin 2024<\/strong><\/p>\n\n\n\n<div class=\"wp-block-file\"><a id=\"wp-block-file--media-305e0437-034c-4631-9bc1-0b34425704cc\" href=\"http:\/\/www.stjustdavray.fr\/V2\/wp-content\/uploads\/2024\/10\/PV-CM-25-06-2024-1.pdf\">PV-CM-25-06-2024-1<\/a><a href=\"http:\/\/www.stjustdavray.fr\/V2\/wp-content\/uploads\/2024\/10\/PV-CM-25-06-2024-1.pdf\" class=\"wp-block-file__button wp-element-button\" download aria-describedby=\"wp-block-file--media-305e0437-034c-4631-9bc1-0b34425704cc\">T\u00e9l\u00e9charger<\/a><\/div>\n\n\n\n<p class=\"has-text-align-center\"><strong>Proc\u00e8s-Verbal du conseil municipal du 28 ao\u00fbt 2024<\/strong><\/p>\n\n\n\n<div class=\"wp-block-file\"><a id=\"wp-block-file--media-5fcf7501-dd51-4177-8554-9ed7083e29d7\" href=\"http:\/\/www.stjustdavray.fr\/V2\/wp-content\/uploads\/2024\/10\/PV-CM-28-08-2024.pdf\">PV-CM-28-08-2024<\/a><a href=\"http:\/\/www.stjustdavray.fr\/V2\/wp-content\/uploads\/2024\/10\/PV-CM-28-08-2024.pdf\" class=\"wp-block-file__button wp-element-button\" download aria-describedby=\"wp-block-file--media-5fcf7501-dd51-4177-8554-9ed7083e29d7\">T\u00e9l\u00e9charger<\/a><\/div>\n\n\n\n<p class=\"has-text-align-center\"><\/p>\n\n\n\n<p class=\"has-text-align-center\"><strong>Proc\u00e8s-Verbal du conseil municipal du 17 septembre 2024<\/strong><\/p>\n\n\n\n<div class=\"wp-block-file\"><a id=\"wp-block-file--media-de25666b-1527-4c42-9189-3a695a93c3fe\" href=\"http:\/\/www.stjustdavray.fr\/V2\/wp-content\/uploads\/2024\/10\/PV-CM-17-09-2024-1.pdf\">PV-CM-17-09-2024-1<\/a><a href=\"http:\/\/www.stjustdavray.fr\/V2\/wp-content\/uploads\/2024\/10\/PV-CM-17-09-2024-1.pdf\" class=\"wp-block-file__button wp-element-button\" download aria-describedby=\"wp-block-file--media-de25666b-1527-4c42-9189-3a695a93c3fe\">T\u00e9l\u00e9charger<\/a><\/div>\n\n\n\n<p class=\"has-text-align-center\"><strong>Proc\u00e8s-Verbal du conseil municipal du 15 octobre 2024<\/strong><\/p>\n\n\n\n<div class=\"wp-block-file\"><a id=\"wp-block-file--media-c8f6449a-008e-4139-a66a-31d48f6f03cf\" href=\"http:\/\/www.stjustdavray.fr\/V2\/wp-content\/uploads\/2025\/01\/PV-CM-15-10-2024.pdf\">PV-CM-15-10-2024<\/a><a href=\"http:\/\/www.stjustdavray.fr\/V2\/wp-content\/uploads\/2025\/01\/PV-CM-15-10-2024.pdf\" class=\"wp-block-file__button wp-element-button\" download aria-describedby=\"wp-block-file--media-c8f6449a-008e-4139-a66a-31d48f6f03cf\">T\u00e9l\u00e9charger<\/a><\/div>\n\n\n\n<p class=\"has-text-align-center\"><strong>Proc\u00e8s Verbal du conseil municipal du 26 novembre 2024<\/strong><\/p>\n\n\n\n<div class=\"wp-block-file\"><a id=\"wp-block-file--media-7075ac49-4915-4126-bf62-6661bbd3e488\" href=\"http:\/\/www.stjustdavray.fr\/V2\/wp-content\/uploads\/2025\/01\/PV-CM-26-11-2024-1.pdf\">PV-CM-26-11-2024-1<\/a><a href=\"http:\/\/www.stjustdavray.fr\/V2\/wp-content\/uploads\/2025\/01\/PV-CM-26-11-2024-1.pdf\" class=\"wp-block-file__button wp-element-button\" download aria-describedby=\"wp-block-file--media-7075ac49-4915-4126-bf62-6661bbd3e488\">T\u00e9l\u00e9charger<\/a><\/div>\n\n\n\n<p class=\"has-text-align-center\"><strong>Proc\u00e8s Verbal du conseil municipal du 17 d\u00e9cembre 2024<\/strong><\/p>\n\n\n\n<div class=\"wp-block-file\"><a id=\"wp-block-file--media-2739fa9f-ce03-4a00-88cd-38b2cddb585b\" href=\"http:\/\/www.stjustdavray.fr\/V2\/wp-content\/uploads\/2025\/01\/PV-CM-17-12-2024-1.pdf\">PV-CM-17-12-2024-1<\/a><a href=\"http:\/\/www.stjustdavray.fr\/V2\/wp-content\/uploads\/2025\/01\/PV-CM-17-12-2024-1.pdf\" class=\"wp-block-file__button wp-element-button\" download aria-describedby=\"wp-block-file--media-2739fa9f-ce03-4a00-88cd-38b2cddb585b\">T\u00e9l\u00e9charger<\/a><\/div>\n","protected":false},"excerpt":{"rendered":"<p>Proc\u00e8s-Verbal du conseil municipal du 9 janvier 2024 Proc\u00e8s-Verbal du conseil municipal du 20 f\u00e9vrier 2024 Proc\u00e8s-Verbal du conseil municipal du 19 mars 2024 Proc\u00e8s-Verbal du conseil municipal du 9 avril 2024 Proc\u00e8s-Verbal du conseil municipal du 25 juin 2024 Proc\u00e8s-Verbal du conseil municipal du 28 ao\u00fbt 2024 Proc\u00e8s-Verbal du conseil municipal du 17 septembre [&hellip;]<\/p>\n","protected":false},"author":1,"featured_media":0,"parent":1082,"menu_order":0,"comment_status":"closed","ping_status":"closed","template":"","meta":{"_bbp_topic_count":0,"_bbp_reply_count":0,"_bbp_total_topic_count":0,"_bbp_total_reply_count":0,"_bbp_voice_count":0,"_bbp_anonymous_reply_count":0,"_bbp_topic_count_hidden":0,"_bbp_reply_count_hidden":0,"_bbp_forum_subforum_count":0},"_links":{"self":[{"href":"http:\/\/www.stjustdavray.fr\/V2\/wp-json\/wp\/v2\/pages\/6275"}],"collection":[{"href":"http:\/\/www.stjustdavray.fr\/V2\/wp-json\/wp\/v2\/pages"}],"about":[{"href":"http:\/\/www.stjustdavray.fr\/V2\/wp-json\/wp\/v2\/types\/page"}],"author":[{"embeddable":true,"href":"http:\/\/www.stjustdavray.fr\/V2\/wp-json\/wp\/v2\/users\/1"}],"replies":[{"embeddable":true,"href":"http:\/\/www.stjustdavray.fr\/V2\/wp-json\/wp\/v2\/comments?post=6275"}],"version-history":[{"count":12,"href":"http:\/\/www.stjustdavray.fr\/V2\/wp-json\/wp\/v2\/pages\/6275\/revisions"}],"predecessor-version":[{"id":6512,"href":"http:\/\/www.stjustdavray.fr\/V2\/wp-json\/wp\/v2\/pages\/6275\/revisions\/6512"}],"up":[{"embeddable":true,"href":"http:\/\/www.stjustdavray.fr\/V2\/wp-json\/wp\/v2\/pages\/1082"}],"wp:attachment":[{"href":"http:\/\/www.stjustdavray.fr\/V2\/wp-json\/wp\/v2\/media?parent=6275"}],"curies":[{"name":"wp","href":"https:\/\/api.w.org\/{rel}","templated":true}]}}