{"id":6594,"date":"2025-05-10T15:07:31","date_gmt":"2025-05-10T13:07:31","guid":{"rendered":"http:\/\/www.stjustdavray.fr\/V2\/?page_id=6594"},"modified":"2025-10-18T10:20:07","modified_gmt":"2025-10-18T08:20:07","slug":"proces-verbaux-2025","status":"publish","type":"page","link":"http:\/\/www.stjustdavray.fr\/V2\/page-d-exemple\/compte-rendu-de-conseils\/proces-verbaux-2025\/","title":{"rendered":"Proc\u00e8s verbaux 2025"},"content":{"rendered":"\n<p><strong>Proc\u00e8s-Verbal du conseil municipal du 8 janvier 2025<\/strong><\/p>\n\n\n\n<div class=\"wp-block-file\"><object class=\"wp-block-file__embed\" data=\"http:\/\/www.stjustdavray.fr\/V2\/wp-content\/uploads\/2025\/05\/PV-CM-08-01-2025.pdf\" type=\"application\/pdf\" style=\"width:100%;height:600px\" aria-label=\"Contenu embarqu\u00e9 PV-CM-08-01-2025.\"><\/object><a id=\"wp-block-file--media-51a6145a-c100-4f88-8ebc-0a05876eac28\" href=\"http:\/\/www.stjustdavray.fr\/V2\/wp-content\/uploads\/2025\/05\/PV-CM-08-01-2025.pdf\">PV-CM-08-01-2025<\/a><a href=\"http:\/\/www.stjustdavray.fr\/V2\/wp-content\/uploads\/2025\/05\/PV-CM-08-01-2025.pdf\" class=\"wp-block-file__button wp-element-button\" download aria-describedby=\"wp-block-file--media-51a6145a-c100-4f88-8ebc-0a05876eac28\">T\u00e9l\u00e9charger<\/a><\/div>\n\n\n\n<p><strong>Proc\u00e8s-Verbal du conseil municipal du 18 mars 2025<\/strong><\/p>\n\n\n\n<div class=\"wp-block-file\"><object class=\"wp-block-file__embed\" data=\"http:\/\/www.stjustdavray.fr\/V2\/wp-content\/uploads\/2025\/05\/PV-CM-18-03-2025.pdf\" type=\"application\/pdf\" style=\"width:100%;height:600px\" aria-label=\"Contenu embarqu\u00e9 PV-CM-18-03-2025.\"><\/object><a id=\"wp-block-file--media-4119d751-2443-4fc2-9f1f-2bca0a6f04a1\" href=\"http:\/\/www.stjustdavray.fr\/V2\/wp-content\/uploads\/2025\/05\/PV-CM-18-03-2025.pdf\">PV-CM-18-03-2025<\/a><a href=\"http:\/\/www.stjustdavray.fr\/V2\/wp-content\/uploads\/2025\/05\/PV-CM-18-03-2025.pdf\" class=\"wp-block-file__button wp-element-button\" download aria-describedby=\"wp-block-file--media-4119d751-2443-4fc2-9f1f-2bca0a6f04a1\">T\u00e9l\u00e9charger<\/a><\/div>\n\n\n\n<p><strong>Proc\u00e8s-Verbal du conseil municipal du 1er avril 2025<\/strong><\/p>\n\n\n\n<div class=\"wp-block-file\"><object class=\"wp-block-file__embed\" data=\"http:\/\/www.stjustdavray.fr\/V2\/wp-content\/uploads\/2025\/05\/PV-CM-01-04-2025.pdf\" type=\"application\/pdf\" style=\"width:100%;height:600px\" aria-label=\"Contenu embarqu\u00e9 PV-CM-01-04-2025.\"><\/object><a id=\"wp-block-file--media-25bf28b4-0fe4-4a3c-85ff-acc4a8598ef8\" href=\"http:\/\/www.stjustdavray.fr\/V2\/wp-content\/uploads\/2025\/05\/PV-CM-01-04-2025.pdf\">PV-CM-01-04-2025<\/a><a href=\"http:\/\/www.stjustdavray.fr\/V2\/wp-content\/uploads\/2025\/05\/PV-CM-01-04-2025.pdf\" class=\"wp-block-file__button wp-element-button\" download aria-describedby=\"wp-block-file--media-25bf28b4-0fe4-4a3c-85ff-acc4a8598ef8\">T\u00e9l\u00e9charger<\/a><\/div>\n\n\n\n<p><strong>Proc\u00e8s-Verbal du conseil municipal du 8 juillet 2025<\/strong><\/p>\n\n\n\n<div class=\"wp-block-file\"><object class=\"wp-block-file__embed\" data=\"http:\/\/www.stjustdavray.fr\/V2\/wp-content\/uploads\/2025\/10\/PV-CM-08072025-1.pdf\" type=\"application\/pdf\" style=\"width:100%;height:600px\" aria-label=\"Contenu embarqu\u00e9 PV-CM-08072025-1.\"><\/object><a id=\"wp-block-file--media-e0671dd8-92eb-4452-bd42-551827b175e7\" href=\"http:\/\/www.stjustdavray.fr\/V2\/wp-content\/uploads\/2025\/10\/PV-CM-08072025-1.pdf\">PV-CM-08072025-1<\/a><a href=\"http:\/\/www.stjustdavray.fr\/V2\/wp-content\/uploads\/2025\/10\/PV-CM-08072025-1.pdf\" class=\"wp-block-file__button wp-element-button\" download aria-describedby=\"wp-block-file--media-e0671dd8-92eb-4452-bd42-551827b175e7\">T\u00e9l\u00e9charger<\/a><\/div>\n","protected":false},"excerpt":{"rendered":"<p>Proc\u00e8s-Verbal du conseil municipal du 8 janvier 2025 Proc\u00e8s-Verbal du conseil municipal du 18 mars 2025 Proc\u00e8s-Verbal du conseil municipal du 1er avril 2025 Proc\u00e8s-Verbal du conseil municipal du 8 juillet 2025<\/p>\n","protected":false},"author":1,"featured_media":0,"parent":1082,"menu_order":0,"comment_status":"closed","ping_status":"closed","template":"","meta":{"_bbp_topic_count":0,"_bbp_reply_count":0,"_bbp_total_topic_count":0,"_bbp_total_reply_count":0,"_bbp_voice_count":0,"_bbp_anonymous_reply_count":0,"_bbp_topic_count_hidden":0,"_bbp_reply_count_hidden":0,"_bbp_forum_subforum_count":0},"_links":{"self":[{"href":"http:\/\/www.stjustdavray.fr\/V2\/wp-json\/wp\/v2\/pages\/6594"}],"collection":[{"href":"http:\/\/www.stjustdavray.fr\/V2\/wp-json\/wp\/v2\/pages"}],"about":[{"href":"http:\/\/www.stjustdavray.fr\/V2\/wp-json\/wp\/v2\/types\/page"}],"author":[{"embeddable":true,"href":"http:\/\/www.stjustdavray.fr\/V2\/wp-json\/wp\/v2\/users\/1"}],"replies":[{"embeddable":true,"href":"http:\/\/www.stjustdavray.fr\/V2\/wp-json\/wp\/v2\/comments?post=6594"}],"version-history":[{"count":3,"href":"http:\/\/www.stjustdavray.fr\/V2\/wp-json\/wp\/v2\/pages\/6594\/revisions"}],"predecessor-version":[{"id":6715,"href":"http:\/\/www.stjustdavray.fr\/V2\/wp-json\/wp\/v2\/pages\/6594\/revisions\/6715"}],"up":[{"embeddable":true,"href":"http:\/\/www.stjustdavray.fr\/V2\/wp-json\/wp\/v2\/pages\/1082"}],"wp:attachment":[{"href":"http:\/\/www.stjustdavray.fr\/V2\/wp-json\/wp\/v2\/media?parent=6594"}],"curies":[{"name":"wp","href":"https:\/\/api.w.org\/{rel}","templated":true}]}}