{"id":837,"date":"2016-01-26T06:12:06","date_gmt":"2016-01-26T05:12:06","guid":{"rendered":"http:\/\/www.stjustdavray.fr\/V2\/?page_id=837"},"modified":"2016-01-27T07:21:52","modified_gmt":"2016-01-27T06:21:52","slug":"histoire-hameaux-noms-de-famille-et-population","status":"publish","type":"page","link":"http:\/\/www.stjustdavray.fr\/V2\/notre-village\/2-histoire\/histoire-hameaux-noms-de-famille-et-population\/","title":{"rendered":"Histoire &#8211; Hameaux, noms de famille et population"},"content":{"rendered":"<h2><strong>Les Hameaux<\/strong><\/h2>\n<p>Le plus grand nombre des hameaux de St Just d\u2019Avray ont gard\u00e9 le nom de leur fondateur et constructeur: ainsi le P\u00e9nin tire son nom d\u2019Antonin PENIN dit VILAND qui vivait en 1544;\u00a0on trouve encore en 1630 un Guillaume PENIN. Le N\u00e9anne a conserv\u00e9 le nom d\u2019un de ces premiers habitants, un Claude N\u00e9anne vivait en 1679. Un BRAYMAND dont la famille habite encore \u00e0 St Just a donn\u00e9 son nom de chez Braymand. Le Cl\u00e9ment tire son nom de nombreux Cl\u00e9ment qui l\u2019ont tr\u00e8s anciennement habit\u00e9s. En 1642, vivait Guillaume PORTIER qui a laiss\u00e9 son nom au hameau de chez Portier. Le Chavet s\u2019appelle aussi du nom de ses premiers habitants. Le Bedin qui est la maison patrimoine de la famille BEDIN, s\u2019appelait le Bedin avant 1485. Le hameau d\u2019Avray, qui vraisemblablement fut le premier noyau de la paroisse, a tir\u00e9 son nom du mot latin \u00ab aura \u00bb, il est toujours comme autrefois expos\u00e9 aux vents. Le hameau de la Terrasse a \u00e9t\u00e9 fond\u00e9 tr\u00e8s anciennement par un Laterasse qui vivait encore en 1460. La croix de Longeval s\u2019appelait avant 1619 le Chappuis de Longeval. La croix de l\u2019Orme s\u2019appelait l\u2019horme de Limonois.<\/p>\n<h2><strong>Noms de familles<\/strong><\/h2>\n<p>La famille d\u2019Avray s\u2019appelait autrefois TAVANNES ALIN D\u2019AVRAY, c\u2019est le surnom qui \u00e0 pris la place du nom originel. BEDIN dit Dragon porte ce sobriquet depuis les derni\u00e8res ann\u00e9es du 17e si\u00e8cle, \u00e9poque o\u00f9 les Dragons de Catinat prenaient leur quartier d\u2019hiver dans la vall\u00e9e d\u2019Azergues. La famille CHEVROT existait en 1449, en 1794 un Chevrot \u00e9tait pr\u00eatre pr\u00e9bendier de Pierre FITTE. Au moins aussi ancienne \u00e9tait la famille VERNOZY dont un membre \u00e9tait notaire en 1554. Mademoiselle Marguerite GUILLARD, fille de Jean GUILLARD, notaire \u00e0 St Just d\u2019Avray, avait \u00e9pous\u00e9 en 1619 M. Pierre SEVELINGE, Seigneur de Letrete, Chevalier d\u2019\u00e9curie du roi. En 1449, St Just d\u2019Avray d\u00e9pendait de la Baronnie d\u2019Amplepuis qui appartenait au Duc de Bourbon. Sanctus Justus Davr\u00e9 nom latin de St Just d\u2019Avray.<\/p>\n<h2><strong>Renseignements divers<\/strong><\/h2>\n<p>En 1673, Monsieur Thomas RETOURNET \u00e9tait cur\u00e9 de St Just d\u2019Avray. M. Claude de St Priest \u00e9tait recteur des lumi\u00e8res. Mrs Beno\u00eet, Nicolas et Pierre VERNOZY \u00e9taient consuls de la pr\u00e9sente ann\u00e9e. En 1686, M. de VAURION faisait \u00e0 Jean BURGAT de St Just une quittance de 800 livres. Le hameau de Bardier de la commune de L\u00e9tra tire son nom de la famille BARDIER dont un membre, Fran\u00e7ois, vivait en 1686. Au mois de f\u00e9vrier 1630, la peste faisait de grands ravages \u00e0 St Just et dans les communes voisines. En 1719, M. Jean BISSUEL \u00e9tait seigneur de Thizy et de Ch\u00e2teau de Ronno. Messire Jean GERJART \u00e9tait cur\u00e9 de Saint Just en 1457. Avant 1482, la Chapelle St Laurent s\u2019appelait de Ste Agathe 1520. En 1529, les foss\u00e9s de l\u2019\u00e9glise de St Just, qui n\u2019\u00e9tait primitivement qu\u2019un fort, existaient encore. On pr\u00e9tend que l\u2019eau y \u00e9tait amen\u00e9e des fontaines. Mais il n\u2019en existe aujourd\u2019hui aucune preuve. Un pont levis servait \u00e0 entrer et \u00e0 sortir.<\/p>\n<p>La paroisse de St Just d\u2019Avray a fait partie autrefois de la Chatellerie de Chamelet ; elle appara\u00eet \u00e0 M. le Duc de BOURBON qui la vendit \u00e0 Messires Jacques et Philibert de BEAUJEU. En 1619, suivant le terrier GUILLARD notaire \u00e0 Amplepuis, Messire Fran\u00e7ois de R\u00e9b\u00e9, comte de l\u2019\u00e9glise de Lyon, pr\u00e9v\u00f4t de l\u2019\u00e9glise, St Pierre de Macon, tuteur Philibert et Fran\u00e7ois de R\u00e9b\u00e9, d\u00e9fenseur de Thizy qui se noya en 1610 en passant la Loire, percevaient le cents servis et autres droits seigneuriaux sur la totalit\u00e9 de la paroisse de St Just d\u2019Avray qui, \u00e0 cette \u00e9poque, comprenait 637 feux.<\/p>\n<p>Ces redevances qui se portaient ant\u00e9rieurement au ch\u00e2teau d\u2019Amplepuis devaient \u00e0 l\u2019avenir se payer au castel de R\u00e9b\u00e9.<\/p>\n<h2>Evolution de la population<\/h2>\n<p>En 1790, la population de St Just \u00e9tait de 1069 habitants<br \/>\nEn 1836, la population de St Just \u00e9tait de 1700 habitants<br \/>\nEn 1841, la population de St Just \u00e9tait de 1634 habitants<br \/>\nEn 1846, la population de St Just \u00e9tait de 1695 habitants<br \/>\nEn 1851, la population de St Just \u00e9tait de 1616 habitants<br \/>\nEn 1856, la population de St Just \u00e9tait de 1525 habitants<br \/>\nEn 1861, la population de St Just \u00e9tait de 1522 habitants<br \/>\nEn 1866, la population de St Just \u00e9tait de 1502 habitants<br \/>\nEn 1872, la population de St Just \u00e9tait de 1466 habitants<br \/>\nEn 1876 la population de St Just \u00e9tait de 1470 habitants<br \/>\nEn 1881, la population de St Just \u00e9tait de 1438 habitants<br \/>\nEn 1886, la population de St Just \u00e9tait de 1456 habitants<br \/>\nEn 1891, la population de St Just \u00e9tait de 1390 habitants<br \/>\nEn 1896, la population de St Just \u00e9tait de 1396 habitants<\/p>\n<p>C\u2019est en 1562 que les huguenots s\u2019empar\u00e8rent d\u2019Oingt dont ils d\u00e9truisirent la forteresse, l\u2019\u00e9glise et plus de cent maisons. La ville de Chamelet fut \u00e0 la m\u00eame \u00e9poque prise par les protestants et ses fortifications presque enti\u00e8rement d\u00e9truites.<\/p>\n<p>Le 26 juin 1757, la foudre tomba sur l\u2019\u00e9glise d\u2019Oingt, tua six personnes et en blessa 46. C\u2019est le 25 juin 1590 que l\u2019arriv\u00e9e des ligueurs command\u00e9s par pr\u00e9 de Maustang vint assi\u00e9ger Thizy. Le bombardement suivit de pr\u00e8s, 253 boulets rouges de 36 furent lanc\u00e9s contre la forteresse que d\u00e9fendait pour le roi le c\u00e9l\u00e8bre Zacharie de R\u00e9b\u00e9. On voit encore au caf\u00e9 \u2026\u2026\u2026\u2026\u2026\u2026 un de ces boulets suspendu sur la porte.<\/p>\n<p>Vers 1600, le Ch\u00e2teau de Letr\u00eate \u00e9tait poss\u00e9d\u00e9 par Pierre SEVELINGE, l\u2019un des six chevaucheurs de la grande \u00e9curie du roi.<\/p>\n<p>En 1581, noble Pierre ALLARD, docteur en droit, \u00e9tait juge de St Just d\u2019Avray. En 1680, la Valsonni\u00e8re \u00e9tait poss\u00e9d\u00e9e par Camille de BECH qui \u00e9tait mari\u00e9 \u00e0 Marianne de St Priest. Mont Friol appartenait \u00e0 la famille d\u2019Avray, c\u2019est en 1758\u00a0que Robert en devint propri\u00e9taire.<\/p>\n<p>&nbsp;<\/p>\n","protected":false},"excerpt":{"rendered":"<p>Les Hameaux Le plus grand nombre des hameaux de St Just d\u2019Avray ont gard\u00e9 le nom de leur fondateur et constructeur: ainsi le P\u00e9nin tire son nom d\u2019Antonin PENIN dit VILAND qui vivait en 1544;\u00a0on trouve encore en 1630 un Guillaume PENIN. Le N\u00e9anne a conserv\u00e9 le nom d\u2019un de ces premiers habitants, un Claude [&hellip;]<\/p>\n","protected":false},"author":1,"featured_media":0,"parent":324,"menu_order":3,"comment_status":"closed","ping_status":"closed","template":"page-templates\/front-page.php","meta":{"_bbp_topic_count":0,"_bbp_reply_count":0,"_bbp_total_topic_count":0,"_bbp_total_reply_count":0,"_bbp_voice_count":0,"_bbp_anonymous_reply_count":0,"_bbp_topic_count_hidden":0,"_bbp_reply_count_hidden":0,"_bbp_forum_subforum_count":0},"_links":{"self":[{"href":"http:\/\/www.stjustdavray.fr\/V2\/wp-json\/wp\/v2\/pages\/837"}],"collection":[{"href":"http:\/\/www.stjustdavray.fr\/V2\/wp-json\/wp\/v2\/pages"}],"about":[{"href":"http:\/\/www.stjustdavray.fr\/V2\/wp-json\/wp\/v2\/types\/page"}],"author":[{"embeddable":true,"href":"http:\/\/www.stjustdavray.fr\/V2\/wp-json\/wp\/v2\/users\/1"}],"replies":[{"embeddable":true,"href":"http:\/\/www.stjustdavray.fr\/V2\/wp-json\/wp\/v2\/comments?post=837"}],"version-history":[{"count":1,"href":"http:\/\/www.stjustdavray.fr\/V2\/wp-json\/wp\/v2\/pages\/837\/revisions"}],"predecessor-version":[{"id":838,"href":"http:\/\/www.stjustdavray.fr\/V2\/wp-json\/wp\/v2\/pages\/837\/revisions\/838"}],"up":[{"embeddable":true,"href":"http:\/\/www.stjustdavray.fr\/V2\/wp-json\/wp\/v2\/pages\/324"}],"wp:attachment":[{"href":"http:\/\/www.stjustdavray.fr\/V2\/wp-json\/wp\/v2\/media?parent=837"}],"curies":[{"name":"wp","href":"https:\/\/api.w.org\/{rel}","templated":true}]}}