{"id":842,"date":"2016-01-27T07:20:31","date_gmt":"2016-01-27T06:20:31","guid":{"rendered":"http:\/\/www.stjustdavray.fr\/V2\/?page_id=842"},"modified":"2016-01-27T07:23:43","modified_gmt":"2016-01-27T06:23:43","slug":"histoire-les-fiefs-de-st-just-davray","status":"publish","type":"page","link":"http:\/\/www.stjustdavray.fr\/V2\/notre-village\/2-histoire\/histoire-les-fiefs-de-st-just-davray\/","title":{"rendered":"Histoire &#8211; Les fiefs de St Just d&rsquo;Avray"},"content":{"rendered":"<h1 class=\"Style2\">Les fiefs de Saint Just d\u2019Avray<\/h1>\n<p>Avant 1789, il existait dans la paroisse de Saint Just d\u2019Avray cinq fiefs comprenant la presque totalit\u00e9 de son territoire, \u00e0 savoir La Valsonni\u00e8re, Longeval, Saint Maurice, Les Salles, Valenciennes.<\/p>\n<h2 class=\"Style1\">La Valsonni\u00e8re<\/h2>\n<p>Deux tours flanquaient alors les b\u00e2timents, \u00a0elle \u00e9tait poss\u00e9d\u00e9e en 1749 par Messire Fran\u00e7ois de BEC qui le 27 mars de cette ann\u00e9e, l\u2019a vendu \u00e0 M. Antoine SARGNON, procureur fiscal de la paroisse, et Dame Antoinette PAUL son \u00e9pouse, au prix de douze mille francs y compris le domaine du Bourg et celui du Petit Moulin. La famille SARGNON resta ma\u00eetresse de la Valsonni\u00e8re jusqu\u2019en 1814, \u00e9poque o\u00f9 elle fut acquise par la famille PROTON.<\/p>\n<h2 class=\"Style1\">Les Salles<\/h2>\n<p>Ce fief a \u00e9t\u00e9 poss\u00e9d\u00e9 primitivement par M. Des SALLES, puis par M. SEVELINGE, Docteur M\u00e9decin \u00e0 Roanne, une partie a \u00e9t\u00e9 jointe au fief de Saint Maurice, et c\u2019est sur l\u2019autre partie que Messire Jean Claude ARNAUD du B\u00e9cy fit construire vers 1466 ce qu\u2019on appelle encore aujourd\u2019hui le Ch\u00e2teau du B\u00e9cy. C\u2019\u00e9tait l\u2019habitation du seigneur de Saint Just, M. DUPUIS, lieutenant au r\u00e9giment Lyonnais du B\u00e9cy et de Valenciennes, et fut le propri\u00e9taire jusqu\u2019\u00e0 sa mort en 1706. Il n\u2019avait qu\u2019une fille, Anne Genevi\u00e8ve, mari\u00e9e \u00e0 Messire Claude de SARRON qui h\u00e9rita de tous les biens de son beau p\u00e8re. Hugues de SARRON son fils fut guillotin\u00e9 \u00e0 Lyon en 1799, et en 1802 sa veuve, Mme PUPIL, vendit \u00e0 M. Gabriel BEDIN au prix de 33 000 francs le domaine du ch\u00e2teau du B\u00e9cy et la ferme de vers le mont.<\/p>\n<h2 class=\"Style1\">Fief de Saint Maurice \u2013 en 1451<\/h2>\n<p>Il \u00e9tait compos\u00e9 d&rsquo;une maison forte, de plusieurs domaines et d&rsquo;une Chapelle appartenant en 1684 \u00e0 M. Gabriel de CHERMETTE, \u00e9cuyer de Saint Maurice. En 1749, Monsieur de MONTOUSE en \u00e9tait le possesseur. D\u2019un acte du 29 septembre 1673, il ressort que la Chapelle de Saint Maurice est fort ant\u00e9rieure \u00e0 cette date, qu\u2019a cette date Gabriel de CHERMETTE, Seigneur de Saint Maurice et Bourgeois de Lyon, pr\u00e9tendit qu\u2019elle avait \u00e9t\u00e9 fond\u00e9e par la maison de Saint Maurice qui en avait toujours joui paisiblement. De l\u00e0, le conflit r\u00e9gl\u00e9 par l\u2019acte en question comme suit :<br \/>\n1. M. CHERMETTE est autoris\u00e9 \u00e0 fonder deux Messes \u00e0 perp\u00e9tuit\u00e9 : l\u2019une pour la Saint Gabriel le 18 mars et l\u2019autre pour la visitation le 3 juillet. Les deux messes seront dites par le Cur\u00e9 de Saint Just qui recevra pour cela une rente de vingt sols par an plus le produit des qu\u00eates et oblations faites en la Chapelle ces deux jours et la cire du luminaire offerte.<br \/>\n2. M. CHERMETTE et ses successeurs prennent \u00e0 leur charge les frais d\u2019entretien et de r\u00e9parations de la Chapelle \u00e0 perp\u00e9tuit\u00e9 \u00e0 la place de la Fabrique de Saint Just.<br \/>\n3. Outre les deux messes fond\u00e9es, le cur\u00e9 de Saint Just pourra \u00e0 son gr\u00e9 faire des offices, c\u00e9l\u00e9brer des messes en la Chapelle et les habitants de Saint Just pourront y assister. Cet acte est sign\u00e9 par M. RETOURNET, cur\u00e9 de Saint Just et les principaux de la Paroisse.<\/p>\n<h2 class=\"Style1\">Fief de Longeval<\/h2>\n<p>Les documents manquent. On sait cependant qu\u2019en 1619, ce fief ressortissait de la Baronnie d\u2019Amplepuis. Il a \u00e9t\u00e9 poss\u00e9d\u00e9 par M. de TALANCE, il est aujourd\u2019hui propri\u00e9t\u00e9 de la famille Terme. En 1619, noble Jacques DESGARDIERS \u00e9tait seigneur de Longeval, maison forte transform\u00e9e en joli ch\u00e2teau par les propri\u00e9taires actuels.<\/p>\n<h2 class=\"Style1\">Fief de Valencienne<\/h2>\n<p>Il se composait de divers b\u00e2timents et d\u2019un Castel surmont\u00e9 d\u2019une tour d\u00e9fensive du c\u00f4t\u00e9 nord par un foss\u00e9 qui le s\u00e9parait de l\u2019\u00e9glise. Le fief avait pigeonnier et droit de patronage. Il remonte assur\u00e9ment \u00e0 la haute antiquit\u00e9. L\u2019\u00e9cusson des Valencienne portait deux oiseaux, ce qui veut dire que le Seigneur de l\u2019\u00e9poque avait \u00e9t\u00e9 aux Croisades. Une descendante de cette famille, Mlle Huguette de VALENCIENNE, avait fond\u00e9 dans la vieille \u00e9glise une chapelle en l\u2019honneur de Ste Catherine. La d\u00e9votion \u00e0 cette sainte a subsist\u00e9 jusqu\u2019\u00e0 nos jours.<br \/>\nPlus tard, Valencienne appartint \u00e0 noble Jean OLIPHAN et Demoiselle Guigonne DURANT, sa femme.<br \/>\nLe 13 juillet 1639, le fief de Valencienne fut par d\u00e9cret fait par la cour du parlement de Paris adjug\u00e9 \u00e0 Messire S\u00e9bastien Yves de RONCHEVAL, Seigneur de Framenoux pour la somme de cinq mille francs. Apr\u00e8s avoir pass\u00e9 en diff\u00e9rentes mains, il fut le 21 f\u00e9vrier 1752 vendu \u00e0 M. Gabriel BEDIN par M. Jacques HUGUES, Marquis de SARRON. Il fut Convenu dans l\u2019acte de vente qu\u2019\u00e0 l\u2019avenir les officiers de la justice du dit Seigneur pourraient continuer \u00e0 tenir les audiences et faire les autres formalit\u00e9s de proc\u00e9dure dans la grande chambre au dessus de la cuisine du Castel. En reconstruisant un mur de cet ancien Castel, on a trouv\u00e9 en 1852, plusieurs m\u00e9dailles ant\u00e9rieures \u00e0 1587. Le plomb du ma\u00e7on s\u2019y trouve aussi. Madame Guigonne DURAND y vivait en 1619. C\u2019\u00e9tait la tante de noble Jean CHAUSSE, avocat aux Cours de Lyon et de noble Jean Pierre de VALENCIENNE. C\u2019est vers cette \u00e9poque que cette famille s\u2019est \u00e9teinte ; Madame Guigonne DURANT est morte en 1620. En charge de Valencienne \u00e9taient M. et Mme de VAURION, REBE, et LAFARGE, un membre des d\u00e9fenseurs de Villefranche contre les Huguenots qui prirent cette ville le 18 mai 1562.<\/p>\n<h2 class=\"Style1\"><\/h2>\n","protected":false},"excerpt":{"rendered":"<p>Les fiefs de Saint Just d\u2019Avray Avant 1789, il existait dans la paroisse de Saint Just d\u2019Avray cinq fiefs comprenant la presque totalit\u00e9 de son territoire, \u00e0 savoir La Valsonni\u00e8re, Longeval, Saint Maurice, Les Salles, Valenciennes. La Valsonni\u00e8re Deux tours flanquaient alors les b\u00e2timents, \u00a0elle \u00e9tait poss\u00e9d\u00e9e en 1749 par Messire Fran\u00e7ois de BEC qui [&hellip;]<\/p>\n","protected":false},"author":1,"featured_media":0,"parent":324,"menu_order":1,"comment_status":"closed","ping_status":"closed","template":"page-templates\/front-page.php","meta":{"_bbp_topic_count":0,"_bbp_reply_count":0,"_bbp_total_topic_count":0,"_bbp_total_reply_count":0,"_bbp_voice_count":0,"_bbp_anonymous_reply_count":0,"_bbp_topic_count_hidden":0,"_bbp_reply_count_hidden":0,"_bbp_forum_subforum_count":0},"_links":{"self":[{"href":"http:\/\/www.stjustdavray.fr\/V2\/wp-json\/wp\/v2\/pages\/842"}],"collection":[{"href":"http:\/\/www.stjustdavray.fr\/V2\/wp-json\/wp\/v2\/pages"}],"about":[{"href":"http:\/\/www.stjustdavray.fr\/V2\/wp-json\/wp\/v2\/types\/page"}],"author":[{"embeddable":true,"href":"http:\/\/www.stjustdavray.fr\/V2\/wp-json\/wp\/v2\/users\/1"}],"replies":[{"embeddable":true,"href":"http:\/\/www.stjustdavray.fr\/V2\/wp-json\/wp\/v2\/comments?post=842"}],"version-history":[{"count":1,"href":"http:\/\/www.stjustdavray.fr\/V2\/wp-json\/wp\/v2\/pages\/842\/revisions"}],"predecessor-version":[{"id":843,"href":"http:\/\/www.stjustdavray.fr\/V2\/wp-json\/wp\/v2\/pages\/842\/revisions\/843"}],"up":[{"embeddable":true,"href":"http:\/\/www.stjustdavray.fr\/V2\/wp-json\/wp\/v2\/pages\/324"}],"wp:attachment":[{"href":"http:\/\/www.stjustdavray.fr\/V2\/wp-json\/wp\/v2\/media?parent=842"}],"curies":[{"name":"wp","href":"https:\/\/api.w.org\/{rel}","templated":true}]}}