{"id":859,"date":"2016-02-26T12:46:58","date_gmt":"2016-02-26T11:46:58","guid":{"rendered":"http:\/\/www.stjustdavray.fr\/V2\/?page_id=859"},"modified":"2021-08-06T11:43:43","modified_gmt":"2021-08-06T09:43:43","slug":"commercants-artisans-entrepreneurs","status":"publish","type":"page","link":"http:\/\/www.stjustdavray.fr\/V2\/economie\/commercants-artisans-entrepreneurs\/","title":{"rendered":"Acteurs \u00e9conomiques"},"content":{"rendered":"\n<h2 class=\"has-very-dark-gray-color has-text-color has-text-align-center\">Si votre activit\u00e9 est domicili\u00e9e sur la commune (si\u00e8ge social) et si vous souhaitez qu&rsquo;elle figure sur notre site ainsi que dans le bulletin municipal, merci de vous faire conna\u00eetre en mairie ou d&rsquo;envoyer votre carte \u00e0 l&rsquo;adresse: <\/h2>\n\n\n\n<h1 class=\"has-vivid-cyan-blue-color has-text-color has-text-align-center\">contact@stjustdavray.fr<\/h1>\n","protected":false},"excerpt":{"rendered":"<p>Si votre activit\u00e9 est domicili\u00e9e sur la commune (si\u00e8ge social) et si vous souhaitez qu&rsquo;elle figure sur notre site ainsi que dans le bulletin municipal, merci de vous faire conna\u00eetre en mairie ou d&rsquo;envoyer votre carte \u00e0 l&rsquo;adresse: contact@stjustdavray.fr<\/p>\n","protected":false},"author":1,"featured_media":0,"parent":5593,"menu_order":0,"comment_status":"closed","ping_status":"closed","template":"page-templates\/front-page.php","meta":{"_bbp_topic_count":0,"_bbp_reply_count":0,"_bbp_total_topic_count":0,"_bbp_total_reply_count":0,"_bbp_voice_count":0,"_bbp_anonymous_reply_count":0,"_bbp_topic_count_hidden":0,"_bbp_reply_count_hidden":0,"_bbp_forum_subforum_count":0},"_links":{"self":[{"href":"http:\/\/www.stjustdavray.fr\/V2\/wp-json\/wp\/v2\/pages\/859"}],"collection":[{"href":"http:\/\/www.stjustdavray.fr\/V2\/wp-json\/wp\/v2\/pages"}],"about":[{"href":"http:\/\/www.stjustdavray.fr\/V2\/wp-json\/wp\/v2\/types\/page"}],"author":[{"embeddable":true,"href":"http:\/\/www.stjustdavray.fr\/V2\/wp-json\/wp\/v2\/users\/1"}],"replies":[{"embeddable":true,"href":"http:\/\/www.stjustdavray.fr\/V2\/wp-json\/wp\/v2\/comments?post=859"}],"version-history":[{"count":47,"href":"http:\/\/www.stjustdavray.fr\/V2\/wp-json\/wp\/v2\/pages\/859\/revisions"}],"predecessor-version":[{"id":5605,"href":"http:\/\/www.stjustdavray.fr\/V2\/wp-json\/wp\/v2\/pages\/859\/revisions\/5605"}],"up":[{"embeddable":true,"href":"http:\/\/www.stjustdavray.fr\/V2\/wp-json\/wp\/v2\/pages\/5593"}],"wp:attachment":[{"href":"http:\/\/www.stjustdavray.fr\/V2\/wp-json\/wp\/v2\/media?parent=859"}],"curies":[{"name":"wp","href":"https:\/\/api.w.org\/{rel}","templated":true}]}}